{"id":43300,"date":"2021-08-30T04:54:41","date_gmt":"2021-08-30T04:54:41","guid":{"rendered":"http:\/\/lowcostwebagency.com\/product\/poster\/"},"modified":"2022-05-12T10:39:15","modified_gmt":"2022-05-12T10:39:15","slug":"poster","status":"publish","type":"product","link":"https:\/\/www.lowcostwebagency.com\/es\/poster\/","title":{"rendered":"P\u00f3ster"},"content":{"rendered":"<h2 style=\"text-align: justify;\">Su p\u00f3ster hecho por nuestro dise\u00f1ador bien calificado al mejor precio.<\/h2>\n<h3 style=\"text-align: justify;\">\u00a1Obtenga su herramienta de promoci\u00f3n indispensable al mejor precio!<\/h3>\n<p style=\"text-align: justify;\">Cualquiera que sea su objetivo de <strong>comunicaci\u00f3n<\/strong>, Low Cost Web Agency est\u00e1 lista para construir su <strong>p\u00f3ster<\/strong> ideal para su comunicaci\u00f3n. Puedes usarlo como prefieras. \u00a1Solo necesitas aclarar con nosotros tus expectativas y visi\u00f3n y nos ocupamos del resto!<\/p>\n<h3 style=\"text-align: justify;\">Capture la atenci\u00f3n de las personas y obtenga un resultado de comunicaci\u00f3n positiva.<\/h3>\n<p style=\"text-align: justify;\">En cuanto a toda nuestra categor\u00eda de producto de impresi\u00f3n, dise\u00f1amos su documento y le proporcionamos un archivo conocido como archivo <strong>listo para impresi\u00f3n<\/strong>. Adem\u00e1s, a lo que su impresora favorita puede manejar f\u00e1cilmente las tareas de impresi\u00f3n. \u00a1Este modo de operaci\u00f3n permite que cada parte realice solo el trabajo para el que son expertos en! Obtiene un producto cualitativo al tiempo que realiza ahorros no despreciables. Si a\u00fan no ha seleccionado una impresora, le recomendamos que use VISTAPRINT, \u00a1una de nuestras impresoras en l\u00ednea favoritas!<\/p>\n<p style=\"text-align: justify;\">Todo lo que se solicita para construir su <strong>imagen web<\/strong> est\u00e1 disponible en <strong>nuestro mercado digital.<\/strong><\/p>\n<p style=\"text-align: justify;\">\u00a1Compre nuestra <strong>soluci\u00f3n econ\u00f3mica asequible<\/strong> y use los ahorros realizados con una Low Cost Web Agency para otros gastos!<\/p>\n","protected":false},"excerpt":{"rendered":"<p style=\"text-align: justify;\">Creamos su archivo <strong>listo para impresi\u00f3n<\/strong>, entonces puede imprimirlo con su impresora favorita.<\/p>\n<p style=\"text-align: justify;\">\u00a1Prepara su evento con Low Cost Web Agency y obtenga un cartel incre\u00edble!<\/p>\n","protected":false},"featured_media":42569,"template":"","meta":{"_links_to":"","_links_to_target":""},"product_brand":[],"product_cat":[1446,1483],"product_tag":[1740,1738,1739],"class_list":{"0":"post-43300","1":"product","2":"type-product","3":"status-publish","4":"has-post-thumbnail","6":"product_cat-impresion","7":"product_cat-poster-es","8":"product_tag-imagen-web","9":"product_tag-poster-es","10":"product_tag-tareas-de-impresion","12":"first","13":"instock","14":"shipping-taxable","15":"purchasable","16":"product-type-simple"},"composite_virtual":false,"composite_layout":"","composite_add_to_cart_form_location":"","composite_editable_in_cart":false,"composite_sold_individually_context":"","composite_shop_price_calc":"","composite_components":[],"composite_scenarios":[],"_links":{"self":[{"href":"https:\/\/www.lowcostwebagency.com\/es\/wp-json\/wp\/v2\/product\/43300","targetHints":{"allow":["GET"]}}],"collection":[{"href":"https:\/\/www.lowcostwebagency.com\/es\/wp-json\/wp\/v2\/product"}],"about":[{"href":"https:\/\/www.lowcostwebagency.com\/es\/wp-json\/wp\/v2\/types\/product"}],"wp:featuredmedia":[{"embeddable":true,"href":"https:\/\/www.lowcostwebagency.com\/es\/wp-json\/wp\/v2\/media\/42569"}],"wp:attachment":[{"href":"https:\/\/www.lowcostwebagency.com\/es\/wp-json\/wp\/v2\/media?parent=43300"}],"wp:term":[{"taxonomy":"product_brand","embeddable":true,"href":"https:\/\/www.lowcostwebagency.com\/es\/wp-json\/wp\/v2\/product_brand?post=43300"},{"taxonomy":"product_cat","embeddable":true,"href":"https:\/\/www.lowcostwebagency.com\/es\/wp-json\/wp\/v2\/product_cat?post=43300"},{"taxonomy":"product_tag","embeddable":true,"href":"https:\/\/www.lowcostwebagency.com\/es\/wp-json\/wp\/v2\/product_tag?post=43300"}],"curies":[{"name":"wp","href":"https:\/\/api.w.org\/{rel}","templated":true}]}}