{"id":43301,"date":"2021-08-30T05:00:09","date_gmt":"2021-08-30T05:00:09","guid":{"rendered":"http:\/\/lowcostwebagency.com\/product\/membretes\/"},"modified":"2022-05-12T10:36:54","modified_gmt":"2022-05-12T10:36:54","slug":"membretes","status":"publish","type":"product","link":"https:\/\/www.lowcostwebagency.com\/es\/membretes\/","title":{"rendered":"Membretes"},"content":{"rendered":"<h2 style=\"text-align: justify;\">Obtenga su archivo de membrete listo para imprimir en un solo clic con Low Cost Web Agency<\/h2>\n<h3 style=\"text-align: justify;\">\u00a1Destaca y aumenta el inter\u00e9s de su interlocutor con un membrete profesional!<\/h3>\n<p style=\"text-align: justify;\">Su membrete es uno de los primeros controladores para crear una <strong>imagen profesional<\/strong> para su empresa y marca. Su receptor percibe la importancia que est\u00e1 dando cuando lo est\u00e1 comunic\u00e1ndolo a \u00e9l \/ ella. Tambi\u00e9n ayuda a su interlocutor a identificar claramente a su empresa, evitando cualquier confusi\u00f3n y mejorando la calidad de la relaci\u00f3n.<\/p>\n<p style=\"text-align: justify;\">Con este concierto, usted controla lo que quiere mostrar en su <strong>membrete<\/strong>.<\/p>\n<p style=\"text-align: justify;\">Adem\u00e1s, el tama\u00f1o de membrete m\u00e1s popular es de 8,5 \u00abx 11 (A4)\u00bb, pero puede optar por un tama\u00f1o diferente. De lo contrario, si el tama\u00f1o que est\u00e1 buscando no se menciona en nuestras opciones de conciertos, puede solicitar una cotizaci\u00f3n personalizada visitando nuestro concierto de impresi\u00f3n personalizada.<\/p>\n<p style=\"text-align: justify;\">Low Cost Web Agency proporciona soluciones asequibles y dise\u00f1os de alto nivel para las pattern\u00edas de su empresa en todo el mundo.<\/p>\n<p style=\"text-align: justify;\">\u00bfQu\u00e9 m\u00e1s, no hay necesidad de esperar ..? \u00a1Compre ahora!<\/p>\n<p>&nbsp;<\/p>\n","protected":false},"excerpt":{"rendered":"<p style=\"text-align: justify;\">Creamos su membrete de acuerdo con sus expectativas y la identidad que desea para su empresa.<\/p>\n<p style=\"text-align: justify;\">Su impresora local puede imprimir su nuevo membrete o directamente por su impresora de oficina.<\/p>\n","protected":false},"featured_media":42568,"template":"","meta":{"_links_to":"","_links_to_target":""},"product_brand":[],"product_cat":[1446,1486,1484],"product_tag":[1743,1741,1742],"class_list":{"0":"post-43301","1":"product","2":"type-product","3":"status-publish","4":"has-post-thumbnail","6":"product_cat-impresion","7":"product_cat-membretes","8":"product_cat-papeleria-comercial","9":"product_tag-gig-de-impresion-personalizada","10":"product_tag-membrete","11":"product_tag-papelerias-de-la-empresa","13":"first","14":"instock","15":"shipping-taxable","16":"purchasable","17":"product-type-simple"},"composite_virtual":false,"composite_layout":"","composite_add_to_cart_form_location":"","composite_editable_in_cart":false,"composite_sold_individually_context":"","composite_shop_price_calc":"","composite_components":[],"composite_scenarios":[],"_links":{"self":[{"href":"https:\/\/www.lowcostwebagency.com\/es\/wp-json\/wp\/v2\/product\/43301","targetHints":{"allow":["GET"]}}],"collection":[{"href":"https:\/\/www.lowcostwebagency.com\/es\/wp-json\/wp\/v2\/product"}],"about":[{"href":"https:\/\/www.lowcostwebagency.com\/es\/wp-json\/wp\/v2\/types\/product"}],"wp:featuredmedia":[{"embeddable":true,"href":"https:\/\/www.lowcostwebagency.com\/es\/wp-json\/wp\/v2\/media\/42568"}],"wp:attachment":[{"href":"https:\/\/www.lowcostwebagency.com\/es\/wp-json\/wp\/v2\/media?parent=43301"}],"wp:term":[{"taxonomy":"product_brand","embeddable":true,"href":"https:\/\/www.lowcostwebagency.com\/es\/wp-json\/wp\/v2\/product_brand?post=43301"},{"taxonomy":"product_cat","embeddable":true,"href":"https:\/\/www.lowcostwebagency.com\/es\/wp-json\/wp\/v2\/product_cat?post=43301"},{"taxonomy":"product_tag","embeddable":true,"href":"https:\/\/www.lowcostwebagency.com\/es\/wp-json\/wp\/v2\/product_tag?post=43301"}],"curies":[{"name":"wp","href":"https:\/\/api.w.org\/{rel}","templated":true}]}}