{"id":30566,"date":"2018-05-25T09:24:59","date_gmt":"2018-05-25T09:24:59","guid":{"rendered":"http:\/\/lowcostwebagency.com\/?post_type=product&#038;p=30566"},"modified":"2022-05-10T07:48:06","modified_gmt":"2022-05-10T07:48:06","slug":"installation-de-theme-demo","status":"publish","type":"product","link":"https:\/\/www.lowcostwebagency.com\/fr\/installation-de-theme-demo\/","title":{"rendered":"Installation de Th\u00e8me &#038; D\u00e9mo"},"content":{"rendered":"<h2 style=\"text-align: justify;\">Low Cost Web Agency installe votre contenu th\u00e9matique et de d\u00e9mo pour vous !<\/h2>\n<h3 style=\"text-align: justify;\">Le contenu de d\u00e9mo th\u00e9matique permet de construire plus rapidement votre site Web professionnel \u00e0 faible co\u00fbt.<\/h3>\n<p style=\"text-align: justify;\">Lorsque vous utilisez un <strong>syst\u00e8me de gestion de contenu<\/strong> (CMS) comme WordPress ou Joomla pour construire votre site Web, vous pouvez choisir d&rsquo;acheter un mod\u00e8le Premium pour donner un aspect professionnel \u00e0 votre site Web. Cela vous donne un cadre bien \u00e9tabli pour d\u00e9velopper votre site Web. La structure du site est d\u00e9j\u00e0 faite par nous, seul l&rsquo;ajout de votre contenu doit \u00eatre r\u00e9alis\u00e9 apr\u00e8s l&rsquo;installation.<\/p>\n<p style=\"text-align: justify;\">Nous vous fournirons un produit professionnel pr\u00eat \u00e0 \u00eatre personnalis\u00e9. Nous utilisons souvent des solutions Open Source comme WordPress ou Joomla pour construire les sites Web de nos clients. WordPress, Joomla et autres CMS n&rsquo;ont aucun secret pour nous. Low Cost Web Agency est un <strong>expert CMS <\/strong>!<\/p>\n<p style=\"text-align: justify;\">L&rsquo;installation du mod\u00e8le par notre <strong>concepteur\u00a0sp\u00e9cialis\u00e9<\/strong> vous assurera le meilleur r\u00e9sultat. Apr\u00e8s cela, vous pourrez g\u00e9rer votre <strong>site web <\/strong>seul ou opter pour des services suppl\u00e9mentaires avec nous\u2026<\/p>\n<p style=\"text-align: justify;\">Pour b\u00e9n\u00e9ficier de ce service, il vous suffit de nous fournir le mod\u00e8le Premium que vous avez achet\u00e9. Choisissez simplement les options que vous voulez pour compl\u00e9ter votre commande !<\/p>\n","protected":false},"excerpt":{"rendered":"<p style=\"text-align: justify;\">Vous ne savez pas comment configurer votre nouveau th\u00e8me dans le CMS de votre site web ? Low Cost Web Agency est l\u00e0 pour vous aider.<br \/>\nDe cette fa\u00e7on, Low Cost Web Agency effectuera toutes les t\u00e2ches techniques li\u00e9es \u00e0 l&rsquo;installation de votre site web. Par la suite, il vous sera facile de remplir votre nouveau site Web avec votre contenu.<\/p>\n","protected":false},"featured_media":31725,"template":"","meta":{"_links_to":"","_links_to_target":""},"product_brand":[],"product_cat":[1130,1156,1154],"product_tag":[962,963,961],"class_list":{"0":"post-30566","1":"product","2":"type-product","3":"status-publish","4":"has-post-thumbnail","6":"product_cat-design-web","7":"product_cat-developpement-debugging","8":"product_cat-site-web-et-page","9":"product_tag-cms-expert","10":"product_tag-premium-template","11":"product_tag-theme-and-demo-content","13":"first","14":"instock","15":"shipping-taxable","16":"purchasable","17":"product-type-composite"},"composite_virtual":false,"composite_layout":"paged","composite_add_to_cart_form_location":"default","composite_editable_in_cart":false,"composite_sold_individually_context":"product","composite_shop_price_calc":"min_max","composite_components":[{"id":"1503037908","title":"Dominio","description":"","query_type":"product_ids","query_ids":[30757],"default_option_id":30757,"thumbnail_id":"","thumbnail_src":"","quantity_min":1,"quantity_max":1,"priced_individually":false,"shipped_individually":false,"optional":false,"discount":"","options_style":"dropdowns","pagination_style":"classic","display_prices":"absolute","show_sorting_options":false,"show_filtering_options":false,"attribute_filter_ids":[],"select_action":"view","product_title_visible":true,"product_descr_visible":true,"product_price_visible":true,"product_thumb_visible":true,"subtotal_visible_product":true,"subtotal_visible_cart":true,"subtotal_visible_orders":true},{"id":"1483511389","title":"Hosting","description":"","query_type":"product_ids","query_ids":[32525],"default_option_id":32525,"thumbnail_id":"","thumbnail_src":"","quantity_min":1,"quantity_max":1,"priced_individually":false,"shipped_individually":false,"optional":false,"discount":"","options_style":"dropdowns","pagination_style":"classic","display_prices":"absolute","show_sorting_options":false,"show_filtering_options":false,"attribute_filter_ids":[],"select_action":"view","product_title_visible":true,"product_descr_visible":true,"product_price_visible":true,"product_thumb_visible":true,"subtotal_visible_product":true,"subtotal_visible_cart":true,"subtotal_visible_orders":true},{"id":"1503317432","title":"IP dedicada","description":"","query_type":"product_ids","query_ids":[30847],"default_option_id":30847,"thumbnail_id":"","thumbnail_src":"","quantity_min":1,"quantity_max":1,"priced_individually":false,"shipped_individually":false,"optional":false,"discount":"","options_style":"dropdowns","pagination_style":"classic","display_prices":"absolute","show_sorting_options":false,"show_filtering_options":false,"attribute_filter_ids":[],"select_action":"view","product_title_visible":true,"product_descr_visible":true,"product_price_visible":true,"product_thumb_visible":true,"subtotal_visible_product":true,"subtotal_visible_cart":true,"subtotal_visible_orders":true},{"id":"1483511390","title":"SSL","description":"","query_type":"product_ids","query_ids":[32529],"default_option_id":32529,"thumbnail_id":"","thumbnail_src":"","quantity_min":1,"quantity_max":1,"priced_individually":false,"shipped_individually":false,"optional":false,"discount":"","options_style":"dropdowns","pagination_style":"classic","display_prices":"absolute","show_sorting_options":false,"show_filtering_options":false,"attribute_filter_ids":[],"select_action":"view","product_title_visible":true,"product_descr_visible":true,"product_price_visible":true,"product_thumb_visible":true,"subtotal_visible_product":true,"subtotal_visible_cart":true,"subtotal_visible_orders":true},{"id":"1483511391","title":"Acceso a Cpanel","description":"","query_type":"product_ids","query_ids":[30850],"default_option_id":30850,"thumbnail_id":"","thumbnail_src":"","quantity_min":1,"quantity_max":1,"priced_individually":false,"shipped_individually":false,"optional":false,"discount":"","options_style":"dropdowns","pagination_style":"classic","display_prices":"absolute","show_sorting_options":false,"show_filtering_options":false,"attribute_filter_ids":[],"select_action":"view","product_title_visible":true,"product_descr_visible":true,"product_price_visible":true,"product_thumb_visible":true,"subtotal_visible_product":true,"subtotal_visible_cart":true,"subtotal_visible_orders":true},{"id":"1503317561","title":"Logo","description":"","query_type":"product_ids","query_ids":[30616],"default_option_id":30616,"thumbnail_id":"","thumbnail_src":"","quantity_min":1,"quantity_max":1,"priced_individually":false,"shipped_individually":false,"optional":false,"discount":"","options_style":"dropdowns","pagination_style":"classic","display_prices":"absolute","show_sorting_options":false,"show_filtering_options":false,"attribute_filter_ids":[],"select_action":"view","product_title_visible":true,"product_descr_visible":true,"product_price_visible":true,"product_thumb_visible":true,"subtotal_visible_product":true,"subtotal_visible_cart":true,"subtotal_visible_orders":true},{"id":"1503317562","title":"Retirar cr\u00e9ditos","description":"","query_type":"product_ids","query_ids":[30773],"default_option_id":30773,"thumbnail_id":"","thumbnail_src":"","quantity_min":1,"quantity_max":1,"priced_individually":false,"shipped_individually":false,"optional":false,"discount":"","options_style":"dropdowns","pagination_style":"classic","display_prices":"absolute","show_sorting_options":false,"show_filtering_options":false,"attribute_filter_ids":[],"select_action":"view","product_title_visible":true,"product_descr_visible":true,"product_price_visible":true,"product_thumb_visible":true,"subtotal_visible_product":true,"subtotal_visible_cart":true,"subtotal_visible_orders":true},{"id":"1503317435","title":"1 a\u00f1o de garant\u00eda","description":"","query_type":"product_ids","query_ids":[32520],"default_option_id":32520,"thumbnail_id":"","thumbnail_src":"","quantity_min":1,"quantity_max":1,"priced_individually":false,"shipped_individually":false,"optional":false,"discount":"","options_style":"dropdowns","pagination_style":"classic","display_prices":"absolute","show_sorting_options":false,"show_filtering_options":false,"attribute_filter_ids":[],"select_action":"view","product_title_visible":true,"product_descr_visible":true,"product_price_visible":true,"product_thumb_visible":true,"subtotal_visible_product":true,"subtotal_visible_cart":true,"subtotal_visible_orders":true}],"composite_scenarios":[{"id":"1503380151","name":"1","description":"","configuration":[{"component_id":"1503037908","options_modifier":"any"},{"component_id":"1483511389","options_modifier":"any"},{"component_id":"1503317432","options_modifier":"any"},{"component_id":"1483511390","options_modifier":"any"},{"component_id":"1483511391","options_modifier":"any"},{"component_id":"1503317561","options_modifier":"any"},{"component_id":"1503317562","options_modifier":"any"},{"component_id":"1503317435","options_modifier":"any"}],"actions":[{"action_id":"compat_group","is_active":true},{"action_id":"conditional_components","is_active":false,"hidden_components":[]}],"enabled":true},{"id":"1503380305","name":"2","description":"","configuration":[{"component_id":"1503037908","options_modifier":"any"},{"component_id":"1483511389","options_modifier":"any"},{"component_id":"1503317432","options_modifier":"any"},{"component_id":"1483511390","options_modifier":"any"},{"component_id":"1483511391","options_modifier":"any"},{"component_id":"1503317561","options_modifier":"any"},{"component_id":"1503317562","options_modifier":"any"},{"component_id":"1503317435","options_modifier":"any"}],"actions":[{"action_id":"compat_group","is_active":true},{"action_id":"conditional_components","is_active":false,"hidden_components":[]}],"enabled":true}],"_links":{"self":[{"href":"https:\/\/www.lowcostwebagency.com\/fr\/wp-json\/wp\/v2\/product\/30566","targetHints":{"allow":["GET"]}}],"collection":[{"href":"https:\/\/www.lowcostwebagency.com\/fr\/wp-json\/wp\/v2\/product"}],"about":[{"href":"https:\/\/www.lowcostwebagency.com\/fr\/wp-json\/wp\/v2\/types\/product"}],"wp:featuredmedia":[{"embeddable":true,"href":"https:\/\/www.lowcostwebagency.com\/fr\/wp-json\/wp\/v2\/media\/31725"}],"wp:attachment":[{"href":"https:\/\/www.lowcostwebagency.com\/fr\/wp-json\/wp\/v2\/media?parent=30566"}],"wp:term":[{"taxonomy":"product_brand","embeddable":true,"href":"https:\/\/www.lowcostwebagency.com\/fr\/wp-json\/wp\/v2\/product_brand?post=30566"},{"taxonomy":"product_cat","embeddable":true,"href":"https:\/\/www.lowcostwebagency.com\/fr\/wp-json\/wp\/v2\/product_cat?post=30566"},{"taxonomy":"product_tag","embeddable":true,"href":"https:\/\/www.lowcostwebagency.com\/fr\/wp-json\/wp\/v2\/product_tag?post=30566"}],"curies":[{"name":"wp","href":"https:\/\/api.w.org\/{rel}","templated":true}]}}