{"id":30570,"date":"2017-09-29T05:37:11","date_gmt":"2018-05-25T10:57:55","guid":{"rendered":"http:\/\/lowcostwebagency.com\/?post_type=product&#038;p=30570"},"modified":"2022-05-10T07:47:01","modified_gmt":"2022-05-10T07:47:01","slug":"zurmo","status":"publish","type":"product","link":"https:\/\/www.lowcostwebagency.com\/fr\/zurmo\/","title":{"rendered":"Zurmo"},"content":{"rendered":"<h2 style=\"text-align: justify;\">Low Cost Web Agency : la tester c&rsquo;est l&rsquo;adopter !<\/h2>\n<h3 style=\"text-align: justify;\">Choisir Zurmo comme CRM<\/h3>\n<p style=\"text-align: justify;\">Un Customer Relationship Management (CRM), est utilis\u00e9 pour g\u00e9rer vos contacts clients, mais pas seulement ! Zurmo vous soutient dans de nombreuses t\u00e2ches diff\u00e9rentes : gestion des activit\u00e9s, gestion des comptes, reporting, automatisation du marketing, gestion des produits, etc. Le syst\u00e8me vous permet de standardiser vos processus internes pour \u00eatre plus efficace dans le cadre d&rsquo;un travail collaboratif : suivi des t\u00e2ches ; rapport d&rsquo;avancement du projet.<\/p>\n<p style=\"text-align: justify;\">Nous exp\u00e9rimentons Zurmo tous les jours depuis le lancement de notre entreprise. Nous avons exp\u00e9riment\u00e9 Zurmo de A \u00e0 Z et nous avons personnalis\u00e9 le CRM pour notre propre usage. De nombreuses fonctionnalit\u00e9s diff\u00e9rentes y sont incluses ou peuvent \u00eatre cr\u00e9\u00e9es en fonction de vos <strong>besoins sp\u00e9cifiques <\/strong>s&rsquo;il en manque.<\/p>\n<p style=\"text-align: justify;\">Nous l&rsquo;int\u00e9grons dans votre environnement d&rsquo;h\u00e9bergement. Laissez-nous vous offrir la meilleure exp\u00e9rience CRM en r\u00e9alisant votre <strong>impl\u00e9mentation ZURMO.<\/strong><\/p>\n","protected":false},"excerpt":{"rendered":"<p style=\"text-align: justify;\">Laissez-nous vous offrir la meilleure exp\u00e9rience d&rsquo;utilisateur. Faites le bon choix avec Low Cost Web Agency !<\/p>\n<p style=\"text-align: justify;\">Nous exp\u00e9rimentons Zurmo tous les jours depuis le lancement de notre entreprise. Nous avons exp\u00e9riment\u00e9 Zurmo de A \u00e0 Z et nous avons personnalis\u00e9 le CRM pour notre propre usage. De nombreuses fonctionnalit\u00e9s diff\u00e9rentes y sont incluses ou peuvent \u00eatre cr\u00e9\u00e9es en fonction de vos <strong>besoins sp\u00e9cifiques<\/strong> s&rsquo;il en manque.<\/p>\n","protected":false},"featured_media":32532,"template":"","meta":{"_links_to":"","_links_to_target":""},"product_brand":[],"product_cat":[1155,1130,1154],"product_tag":[],"class_list":{"0":"post-30570","1":"product","2":"type-product","3":"status-publish","4":"has-post-thumbnail","6":"product_cat-crm-fr","7":"product_cat-design-web","8":"product_cat-site-web-et-page","10":"first","11":"instock","12":"shipping-taxable","13":"purchasable","14":"product-type-composite"},"composite_virtual":false,"composite_layout":"paged","composite_add_to_cart_form_location":"default","composite_editable_in_cart":false,"composite_sold_individually_context":"product","composite_shop_price_calc":"min_max","composite_components":[{"id":"1503037908","title":"Domaine","description":"","query_type":"product_ids","query_ids":[30757],"default_option_id":30757,"thumbnail_id":"","thumbnail_src":"","quantity_min":1,"quantity_max":1,"priced_individually":false,"shipped_individually":false,"optional":false,"discount":"","options_style":"dropdowns","pagination_style":"classic","display_prices":"absolute","show_sorting_options":false,"show_filtering_options":false,"attribute_filter_ids":[],"select_action":"view","product_title_visible":true,"product_descr_visible":true,"product_price_visible":true,"product_thumb_visible":true,"subtotal_visible_product":true,"subtotal_visible_cart":true,"subtotal_visible_orders":true},{"id":"1483511389","title":" H\u00e9bergemen","description":"","query_type":"product_ids","query_ids":[32525],"default_option_id":32525,"thumbnail_id":"","thumbnail_src":"","quantity_min":1,"quantity_max":1,"priced_individually":false,"shipped_individually":false,"optional":false,"discount":"","options_style":"dropdowns","pagination_style":"classic","display_prices":"absolute","show_sorting_options":false,"show_filtering_options":false,"attribute_filter_ids":[],"select_action":"view","product_title_visible":true,"product_descr_visible":true,"product_price_visible":true,"product_thumb_visible":true,"subtotal_visible_product":true,"subtotal_visible_cart":true,"subtotal_visible_orders":true},{"id":"1503317432","title":"Adresse IP D\u00e9di\u00e9e","description":"","query_type":"product_ids","query_ids":[30847],"default_option_id":30847,"thumbnail_id":"","thumbnail_src":"","quantity_min":1,"quantity_max":1,"priced_individually":false,"shipped_individually":false,"optional":false,"discount":"","options_style":"dropdowns","pagination_style":"classic","display_prices":"absolute","show_sorting_options":false,"show_filtering_options":false,"attribute_filter_ids":[],"select_action":"view","product_title_visible":true,"product_descr_visible":true,"product_price_visible":true,"product_thumb_visible":true,"subtotal_visible_product":true,"subtotal_visible_cart":true,"subtotal_visible_orders":true},{"id":"1483511390","title":"SSL","description":"","query_type":"product_ids","query_ids":[32529],"default_option_id":32529,"thumbnail_id":"","thumbnail_src":"","quantity_min":1,"quantity_max":1,"priced_individually":false,"shipped_individually":false,"optional":false,"discount":"","options_style":"dropdowns","pagination_style":"classic","display_prices":"absolute","show_sorting_options":false,"show_filtering_options":false,"attribute_filter_ids":[],"select_action":"view","product_title_visible":true,"product_descr_visible":true,"product_price_visible":true,"product_thumb_visible":true,"subtotal_visible_product":true,"subtotal_visible_cart":true,"subtotal_visible_orders":true},{"id":"1483511391","title":"Acc\u00e8s Cpanel","description":"","query_type":"product_ids","query_ids":[30850],"default_option_id":30850,"thumbnail_id":"","thumbnail_src":"","quantity_min":1,"quantity_max":1,"priced_individually":false,"shipped_individually":false,"optional":false,"discount":"","options_style":"dropdowns","pagination_style":"classic","display_prices":"absolute","show_sorting_options":false,"show_filtering_options":false,"attribute_filter_ids":[],"select_action":"view","product_title_visible":true,"product_descr_visible":true,"product_price_visible":true,"product_thumb_visible":true,"subtotal_visible_product":true,"subtotal_visible_cart":true,"subtotal_visible_orders":true},{"id":"1503317561","title":"Logo","description":"","query_type":"product_ids","query_ids":[30616],"default_option_id":30616,"thumbnail_id":"","thumbnail_src":"","quantity_min":1,"quantity_max":1,"priced_individually":false,"shipped_individually":false,"optional":false,"discount":"","options_style":"dropdowns","pagination_style":"classic","display_prices":"absolute","show_sorting_options":false,"show_filtering_options":false,"attribute_filter_ids":[],"select_action":"view","product_title_visible":true,"product_descr_visible":true,"product_price_visible":true,"product_thumb_visible":true,"subtotal_visible_product":true,"subtotal_visible_cart":true,"subtotal_visible_orders":true},{"id":"1503317562","title":"Enlever les cr\u00e9dits","description":"","query_type":"product_ids","query_ids":[30773],"default_option_id":30773,"thumbnail_id":"","thumbnail_src":"","quantity_min":1,"quantity_max":1,"priced_individually":false,"shipped_individually":false,"optional":false,"discount":"","options_style":"dropdowns","pagination_style":"classic","display_prices":"absolute","show_sorting_options":false,"show_filtering_options":false,"attribute_filter_ids":[],"select_action":"view","product_title_visible":true,"product_descr_visible":true,"product_price_visible":true,"product_thumb_visible":true,"subtotal_visible_product":true,"subtotal_visible_cart":true,"subtotal_visible_orders":true},{"id":"1503317435","title":"Garantie 1 an","description":"","query_type":"product_ids","query_ids":[32520],"default_option_id":32520,"thumbnail_id":"","thumbnail_src":"","quantity_min":1,"quantity_max":1,"priced_individually":false,"shipped_individually":false,"optional":false,"discount":"","options_style":"dropdowns","pagination_style":"classic","display_prices":"absolute","show_sorting_options":false,"show_filtering_options":false,"attribute_filter_ids":[],"select_action":"view","product_title_visible":true,"product_descr_visible":true,"product_price_visible":true,"product_thumb_visible":true,"subtotal_visible_product":true,"subtotal_visible_cart":true,"subtotal_visible_orders":true}],"composite_scenarios":[{"id":"1503380151","name":"1","description":"","configuration":[{"component_id":"1503037908","options_modifier":"in","component_options":[30757]},{"component_id":"1483511389","options_modifier":"any"},{"component_id":"1503317432","options_modifier":"any"},{"component_id":"1483511390","options_modifier":"any"},{"component_id":"1483511391","options_modifier":"any"},{"component_id":"1503317561","options_modifier":"in","component_options":[30616]},{"component_id":"1503317562","options_modifier":"any"},{"component_id":"1503317435","options_modifier":"any"}],"actions":[{"action_id":"compat_group","is_active":true},{"action_id":"conditional_components","is_active":false,"hidden_components":[]}],"enabled":true},{"id":"1503380305","name":"2","description":"","configuration":[{"component_id":"1503037908","options_modifier":"in","component_options":[30757]},{"component_id":"1483511389","options_modifier":"any"},{"component_id":"1503317432","options_modifier":"in","component_options":[30847]},{"component_id":"1483511390","options_modifier":"in","component_options":[32529]},{"component_id":"1483511391","options_modifier":"in","component_options":[30850]},{"component_id":"1503317561","options_modifier":"in","component_options":[30616]},{"component_id":"1503317562","options_modifier":"in","component_options":[30773]},{"component_id":"1503317435","options_modifier":"in","component_options":[32520]}],"actions":[{"action_id":"compat_group","is_active":true},{"action_id":"conditional_components","is_active":false,"hidden_components":[]}],"enabled":true}],"_links":{"self":[{"href":"https:\/\/www.lowcostwebagency.com\/fr\/wp-json\/wp\/v2\/product\/30570","targetHints":{"allow":["GET"]}}],"collection":[{"href":"https:\/\/www.lowcostwebagency.com\/fr\/wp-json\/wp\/v2\/product"}],"about":[{"href":"https:\/\/www.lowcostwebagency.com\/fr\/wp-json\/wp\/v2\/types\/product"}],"wp:featuredmedia":[{"embeddable":true,"href":"https:\/\/www.lowcostwebagency.com\/fr\/wp-json\/wp\/v2\/media\/32532"}],"wp:attachment":[{"href":"https:\/\/www.lowcostwebagency.com\/fr\/wp-json\/wp\/v2\/media?parent=30570"}],"wp:term":[{"taxonomy":"product_brand","embeddable":true,"href":"https:\/\/www.lowcostwebagency.com\/fr\/wp-json\/wp\/v2\/product_brand?post=30570"},{"taxonomy":"product_cat","embeddable":true,"href":"https:\/\/www.lowcostwebagency.com\/fr\/wp-json\/wp\/v2\/product_cat?post=30570"},{"taxonomy":"product_tag","embeddable":true,"href":"https:\/\/www.lowcostwebagency.com\/fr\/wp-json\/wp\/v2\/product_tag?post=30570"}],"curies":[{"name":"wp","href":"https:\/\/api.w.org\/{rel}","templated":true}]}}