{"id":30572,"date":"2018-05-25T11:56:15","date_gmt":"2018-05-25T11:56:15","guid":{"rendered":"http:\/\/lowcostwebagency.com\/?post_type=product&#038;p=30572"},"modified":"2022-05-10T07:50:05","modified_gmt":"2022-05-10T07:50:05","slug":"suite-crm","status":"publish","type":"product","link":"https:\/\/www.lowcostwebagency.com\/fr\/suite-crm\/","title":{"rendered":"Suite CRM"},"content":{"rendered":"<h2>Low Cost Web Agency int\u00e8gre votre nouveau CRM dans votre environnement.<\/h2>\n<h3>Suite CRM optimise la gestion de vos principales fonctions et c&rsquo;est gratuit !<\/h3>\n<p style=\"text-align: justify;\">Comme les autres solutions propos\u00e9es au sein de notre <strong>supermarch\u00e9 num\u00e9rique.<\/strong> Suite CRM est une solution open source. Il est \u00e9quivalent \u00e0 d&rsquo;autres CRM bien connus comme Salesforce, mais son principal avantage est qu&rsquo;il s&rsquo;agit d&rsquo;un outil tr\u00e8s puissant et totalement gratuit, alors que beaucoup d&rsquo;autres CRM sur le march\u00e9 sont tr\u00e8s chers. L&rsquo;outil vous fournit toutes les activit\u00e9s strat\u00e9giques requises qu&rsquo;un CRM doit offrir pour \u00eatre complet : Comptes, Contacts, Leads, Opportunit\u00e9s, Devis, Calendrier, Cas, Documents, Emails, Campagnes, Appels, R\u00e9unions, T\u00e2ches, Notes, Produits, Contrats, Base de connaissances, G\u00e9n\u00e9rateur de rapports, Mobile, Int\u00e9gration Outlook, Workflow, Factures de projets, Ev\u00e9nements, Cartes, Thunderbird plugin, Portail.<\/p>\n<h3>Nous sommes s\u00e9rieux au sujet des \u00e9conomies r\u00e9elles&#8230;..<\/h3>\n<p style=\"text-align: justify;\">Nous voulons faciliter votre processus de prise de d\u00e9cision en vous offrant des produits adapt\u00e9s \u00e0 vos besoins. Low Cost Web Agency a \u00e0 coeur de construire avec vous une relation de long terme bas\u00e9e sur la confiance. De cette fa\u00e7on, nous vous aidons \u00e0 prendre les meilleures d\u00e9cisions et \u00e0 faire des \u00e9conomies pour votre organisation.<\/p>\n<p style=\"text-align: justify;\">Faites partie de notre communaut\u00e9 de clients et profitez-en !<\/p>\n","protected":false},"excerpt":{"rendered":"<p style=\"text-align: justify;\">Profitez de <strong>l&rsquo;exp\u00e9rience <\/strong>de Suite CRM ! Low Cost Web Agency facilite sa configuration et son utilisation pour vous.<\/p>\n<p style=\"text-align: justify;\">Nous voulons faciliter votre processus de prise de d\u00e9cision en vous offrant des produits adapt\u00e9s \u00e0 vos besoins. Low Cost Web Agency a \u00e0 coeur \u00e0 construire avec vous une relation de long terme bas\u00e9e sur la confiance. De cette fa\u00e7on, nous vous aidons \u00e0 prendre les meilleures d\u00e9cisions et \u00e0 faire des \u00e9conomies pour votre organisation.<\/p>\n","protected":false},"featured_media":32705,"template":"","meta":{"_links_to":"","_links_to_target":""},"product_brand":[],"product_cat":[1155,1130,1154],"product_tag":[829,990,974,833,971],"class_list":{"0":"post-30572","1":"product","2":"type-product","3":"status-publish","4":"has-post-thumbnail","6":"product_cat-crm-fr","7":"product_cat-design-web","8":"product_cat-site-web-et-page","9":"product_tag-blog","10":"product_tag-boosting-business-online","11":"product_tag-custom","12":"product_tag-packages","13":"product_tag-suite-crm","15":"first","16":"instock","17":"shipping-taxable","18":"purchasable","19":"product-type-composite"},"composite_virtual":false,"composite_layout":"paged","composite_add_to_cart_form_location":"default","composite_editable_in_cart":false,"composite_sold_individually_context":"product","composite_shop_price_calc":"min_max","composite_components":[{"id":"1503037908","title":"Dominio","description":"","query_type":"product_ids","query_ids":[30757],"default_option_id":30757,"thumbnail_id":"","thumbnail_src":"","quantity_min":1,"quantity_max":1,"priced_individually":false,"shipped_individually":false,"optional":false,"discount":"","options_style":"dropdowns","pagination_style":"classic","display_prices":"absolute","show_sorting_options":false,"show_filtering_options":false,"attribute_filter_ids":[],"select_action":"view","product_title_visible":true,"product_descr_visible":true,"product_price_visible":true,"product_thumb_visible":true,"subtotal_visible_product":true,"subtotal_visible_cart":true,"subtotal_visible_orders":true},{"id":"1483511389","title":"Hosting","description":"","query_type":"product_ids","query_ids":[32525],"default_option_id":32525,"thumbnail_id":"","thumbnail_src":"","quantity_min":1,"quantity_max":1,"priced_individually":false,"shipped_individually":false,"optional":false,"discount":"","options_style":"dropdowns","pagination_style":"classic","display_prices":"absolute","show_sorting_options":false,"show_filtering_options":false,"attribute_filter_ids":[],"select_action":"view","product_title_visible":true,"product_descr_visible":true,"product_price_visible":true,"product_thumb_visible":true,"subtotal_visible_product":true,"subtotal_visible_cart":true,"subtotal_visible_orders":true},{"id":"1503317432","title":"IP dedicada","description":"","query_type":"product_ids","query_ids":[30847],"default_option_id":30847,"thumbnail_id":"","thumbnail_src":"","quantity_min":1,"quantity_max":1,"priced_individually":false,"shipped_individually":false,"optional":false,"discount":"","options_style":"dropdowns","pagination_style":"classic","display_prices":"absolute","show_sorting_options":false,"show_filtering_options":false,"attribute_filter_ids":[],"select_action":"view","product_title_visible":true,"product_descr_visible":true,"product_price_visible":true,"product_thumb_visible":true,"subtotal_visible_product":true,"subtotal_visible_cart":true,"subtotal_visible_orders":true},{"id":"1483511390","title":"SSL","description":"","query_type":"product_ids","query_ids":[32529],"default_option_id":32529,"thumbnail_id":"","thumbnail_src":"","quantity_min":1,"quantity_max":1,"priced_individually":false,"shipped_individually":false,"optional":false,"discount":"","options_style":"dropdowns","pagination_style":"classic","display_prices":"absolute","show_sorting_options":false,"show_filtering_options":false,"attribute_filter_ids":[],"select_action":"view","product_title_visible":true,"product_descr_visible":true,"product_price_visible":true,"product_thumb_visible":true,"subtotal_visible_product":true,"subtotal_visible_cart":true,"subtotal_visible_orders":true},{"id":"1483511391","title":"Acceso Cpanel","description":"","query_type":"product_ids","query_ids":[30850],"default_option_id":30850,"thumbnail_id":"","thumbnail_src":"","quantity_min":1,"quantity_max":1,"priced_individually":false,"shipped_individually":false,"optional":false,"discount":"","options_style":"dropdowns","pagination_style":"classic","display_prices":"absolute","show_sorting_options":false,"show_filtering_options":false,"attribute_filter_ids":[],"select_action":"view","product_title_visible":true,"product_descr_visible":true,"product_price_visible":true,"product_thumb_visible":true,"subtotal_visible_product":true,"subtotal_visible_cart":true,"subtotal_visible_orders":true},{"id":"1503317561","title":"Logo","description":"","query_type":"product_ids","query_ids":[30616],"default_option_id":30616,"thumbnail_id":"","thumbnail_src":"","quantity_min":1,"quantity_max":1,"priced_individually":false,"shipped_individually":false,"optional":false,"discount":"","options_style":"dropdowns","pagination_style":"classic","display_prices":"absolute","show_sorting_options":false,"show_filtering_options":false,"attribute_filter_ids":[],"select_action":"view","product_title_visible":true,"product_descr_visible":true,"product_price_visible":true,"product_thumb_visible":true,"subtotal_visible_product":true,"subtotal_visible_cart":true,"subtotal_visible_orders":true},{"id":"1503317562","title":"Retirar cr\u00e9ditos","description":"","query_type":"product_ids","query_ids":[30773],"default_option_id":30773,"thumbnail_id":"","thumbnail_src":"","quantity_min":1,"quantity_max":1,"priced_individually":false,"shipped_individually":false,"optional":false,"discount":"","options_style":"dropdowns","pagination_style":"classic","display_prices":"absolute","show_sorting_options":false,"show_filtering_options":false,"attribute_filter_ids":[],"select_action":"view","product_title_visible":true,"product_descr_visible":true,"product_price_visible":true,"product_thumb_visible":true,"subtotal_visible_product":true,"subtotal_visible_cart":true,"subtotal_visible_orders":true},{"id":"1503317435","title":"1 a\u00f1o de garant\u00eda","description":"","query_type":"product_ids","query_ids":[32520],"default_option_id":32520,"thumbnail_id":"","thumbnail_src":"","quantity_min":1,"quantity_max":1,"priced_individually":false,"shipped_individually":false,"optional":false,"discount":"","options_style":"dropdowns","pagination_style":"classic","display_prices":"absolute","show_sorting_options":false,"show_filtering_options":false,"attribute_filter_ids":[],"select_action":"view","product_title_visible":true,"product_descr_visible":true,"product_price_visible":true,"product_thumb_visible":true,"subtotal_visible_product":true,"subtotal_visible_cart":true,"subtotal_visible_orders":true}],"composite_scenarios":[{"id":"1503380151","name":"1","description":"","configuration":[{"component_id":"1503037908","options_modifier":"in","component_options":[30757]},{"component_id":"1483511389","options_modifier":"any"},{"component_id":"1503317432","options_modifier":"any"},{"component_id":"1483511390","options_modifier":"any"},{"component_id":"1483511391","options_modifier":"any"},{"component_id":"1503317561","options_modifier":"in","component_options":[30616]},{"component_id":"1503317562","options_modifier":"any"},{"component_id":"1503317435","options_modifier":"any"}],"actions":[{"action_id":"compat_group","is_active":true},{"action_id":"conditional_components","is_active":false,"hidden_components":[]}],"enabled":true},{"id":"1503380305","name":"2","description":"","configuration":[{"component_id":"1503037908","options_modifier":"in","component_options":[30757]},{"component_id":"1483511389","options_modifier":"any"},{"component_id":"1503317432","options_modifier":"in","component_options":[30847]},{"component_id":"1483511390","options_modifier":"in","component_options":[32529]},{"component_id":"1483511391","options_modifier":"in","component_options":[30850]},{"component_id":"1503317561","options_modifier":"in","component_options":[30616]},{"component_id":"1503317562","options_modifier":"in","component_options":[30773]},{"component_id":"1503317435","options_modifier":"in","component_options":[32520]}],"actions":[{"action_id":"compat_group","is_active":true},{"action_id":"conditional_components","is_active":false,"hidden_components":[]}],"enabled":true}],"_links":{"self":[{"href":"https:\/\/www.lowcostwebagency.com\/fr\/wp-json\/wp\/v2\/product\/30572","targetHints":{"allow":["GET"]}}],"collection":[{"href":"https:\/\/www.lowcostwebagency.com\/fr\/wp-json\/wp\/v2\/product"}],"about":[{"href":"https:\/\/www.lowcostwebagency.com\/fr\/wp-json\/wp\/v2\/types\/product"}],"wp:featuredmedia":[{"embeddable":true,"href":"https:\/\/www.lowcostwebagency.com\/fr\/wp-json\/wp\/v2\/media\/32705"}],"wp:attachment":[{"href":"https:\/\/www.lowcostwebagency.com\/fr\/wp-json\/wp\/v2\/media?parent=30572"}],"wp:term":[{"taxonomy":"product_brand","embeddable":true,"href":"https:\/\/www.lowcostwebagency.com\/fr\/wp-json\/wp\/v2\/product_brand?post=30572"},{"taxonomy":"product_cat","embeddable":true,"href":"https:\/\/www.lowcostwebagency.com\/fr\/wp-json\/wp\/v2\/product_cat?post=30572"},{"taxonomy":"product_tag","embeddable":true,"href":"https:\/\/www.lowcostwebagency.com\/fr\/wp-json\/wp\/v2\/product_tag?post=30572"}],"curies":[{"name":"wp","href":"https:\/\/api.w.org\/{rel}","templated":true}]}}