{"id":30616,"date":"2018-05-28T08:55:10","date_gmt":"2018-05-28T08:55:10","guid":{"rendered":"http:\/\/lowcostwebagency.com\/?post_type=product&#038;p=30616"},"modified":"2022-05-10T08:02:18","modified_gmt":"2022-05-10T08:02:18","slug":"design-de-logo","status":"publish","type":"product","link":"https:\/\/www.lowcostwebagency.com\/fr\/design-de-logo\/","title":{"rendered":"Design de logo"},"content":{"rendered":"<h2 style=\"text-align: justify;\">Votre nouveau logo fait par un designer professionnel pour seulement quelques euros.<\/h2>\n<h3 style=\"text-align: justify;\">Votre logo est crucial pour la valeur de votre entreprise et l&rsquo;image de votre site Web.<\/h3>\n<p style=\"text-align: justify;\">Votre logo est <strong>l&rsquo;expression de votre identit\u00e9 de marque<\/strong>. Sa d\u00e9finition est importante pour garantir le succ\u00e8s de votre entreprise, car il sera visible sur tous les documents officiels, \u00e9v\u00e9nements, site web, r\u00e9seaux sociaux.De plus, cela aide vos clients \u00e0 identifier votre entreprise. Vous utilisez votre logo pour toutes vos communications d&rsquo;entreprise et d&rsquo;affaires. Pour <strong>renforcer l&rsquo;identit\u00e9 de votre marque \u00e0 travers votre logo<\/strong>, vous devrez d\u00e9finir des param\u00e8tres strat\u00e9giques tels que le design, les couleurs, le slogan. L&rsquo;identit\u00e9 de la marque doit \u00eatre unique afin d&rsquo;\u00e9viter toute confusion dans l&rsquo;esprit de vos clients. Pour la plupart des gens, un logo est un moyen de reconna\u00eetre imm\u00e9diatement l&rsquo;entreprise, sans m\u00eame avoir besoin de lire son nom.<\/p>\n<p style=\"text-align: justify;\">Pensez aux entreprises les plus connues dans le monde et \u00e0 leurs logos, alors vous comprendrez facilement l&rsquo;importance du logo pour la reconnaissance de leur marque. Un logo accrocheur est fondamental pour r\u00e9ussir aujourd&rsquo;hui sur des march\u00e9s concurrentiels. Chez Low Cost Web Agency, nous ne vous demandons pas de d\u00e9penser beaucoup pour obtenir un logo professionnel. Seulement quelques euros, et vous obtiendrez un logo unique et original refl\u00e9tant les valeurs et l&rsquo;identit\u00e9 de votre marque et de votre entreprise\u202f!<\/p>\n<h3 style=\"text-align: justify;\">Low Cost Web Agency&#8230;.. la cl\u00e9 du succ\u00e8s !<\/h3>\n<p style=\"text-align: justify;\">Low Cost Web Agency met \u00e0 votre disposition toute son <strong>expertise<\/strong> pour cr\u00e9er votre <strong>image d&rsquo;entreprise<\/strong> de mani\u00e8re parfaite. Une opinion externe est toujours un bon moyen de garder l&rsquo;esprit d\u00e9tendu pour les communications importantes et les choix strat\u00e9giques. En nous choisissant, votre logo est con\u00e7u par un <strong>concepteur de logo senior avec une longue exp\u00e9rience dans la conception et l&rsquo;identit\u00e9 de marque.<\/strong><\/p>\n<p style=\"text-align: justify;\">Nous vous garantissons un r\u00e9sultat professionnel en fonction de vos possibilit\u00e9s budg\u00e9taires. Nous vous offrons diff\u00e9rentes options de service que vous pouvez d\u00e9cider de commander ou non. De cette fa\u00e7on, vous pouvez obtenir <strong>un logo professionnel \u00e0 un prix tr\u00e8s bas.<\/strong><\/p>\n<p style=\"text-align: justify;\">Si vous voulez r\u00e9ussir votre strat\u00e9gie marketing, vous devez disposer d&rsquo;outils de pr\u00e9sentation d&rsquo;aspect professionnel. Ainsi, en plus de votre logo, vous devez vous assurer que vos cartes de visite, vos dossiers, <a href=\"https:\/\/www.lowcostwebagency.com\/fr\/low-cost\/design-web\/\/website-page\" target=\"_blank\" rel=\"noopener noreferrer\">vos sites Web<\/a> et vos d\u00e9pliants refl\u00e8tent qui vous \u00eates.<\/p>\n<p style=\"text-align: justify;\">Vous avez d\u00e9j\u00e0 un logo, mais vous pensez qu&rsquo;il sera utile pour votre entreprise de le retravailler et de le mettre \u00e0 jour ? Nous sommes \u00e9galement l\u00e0 pour vous aider et vous conseiller.<\/p>\n<p style=\"text-align: justify;\">Eh bien, qu&rsquo;attendez-vous ? Achetez maintenant !<\/p>\n","protected":false},"excerpt":{"rendered":"<p style=\"text-align: justify;\">Vous pouvez faire r\u00e9aliser un nouveau logo par un <strong>designer professionnel.<\/strong> Votre logo devrait montrer tous les \u00e9l\u00e9ments essentiels de l&rsquo;identit\u00e9 de votre entreprise. La conception de votre logo doit d\u00e9finir la personnalit\u00e9, l&rsquo;attitude, la vision, la mission et le professionnalisme de votre entreprise. Avec l&rsquo;offre de Low Cost Web Agency, vous d\u00e9cidez si vous voulez ou non les fichiers sources de votre logo et combien de propositions vous d\u00e9sirez que nous vous offrions. De cette fa\u00e7on, vous pouvez obtenir un logo professionnel \u00e0 un <strong>prix tr\u00e8s bas <\/strong>ou d\u00e9penser un peu plus pour avoir la possibilit\u00e9 de choisir entre plusieurs versions.<\/p>\n","protected":false},"featured_media":32454,"template":"","meta":{"_links_to":"","_links_to_target":""},"product_brand":[],"product_cat":[1133],"product_tag":[1044,1043,878,1042],"class_list":{"0":"post-30616","1":"product","2":"type-product","3":"status-publish","4":"has-post-thumbnail","6":"product_cat-composite-products-fr","7":"product_tag-brand-identity","8":"product_tag-digital-marketing","9":"product_tag-eye-catching-design","10":"product_tag-website-logo","12":"first","13":"instock","14":"shipping-taxable","15":"purchasable","16":"product-type-variable"},"composite_virtual":false,"composite_layout":"","composite_add_to_cart_form_location":"","composite_editable_in_cart":false,"composite_sold_individually_context":"","composite_shop_price_calc":"","composite_components":[],"composite_scenarios":[],"_links":{"self":[{"href":"https:\/\/www.lowcostwebagency.com\/fr\/wp-json\/wp\/v2\/product\/30616","targetHints":{"allow":["GET"]}}],"collection":[{"href":"https:\/\/www.lowcostwebagency.com\/fr\/wp-json\/wp\/v2\/product"}],"about":[{"href":"https:\/\/www.lowcostwebagency.com\/fr\/wp-json\/wp\/v2\/types\/product"}],"wp:featuredmedia":[{"embeddable":true,"href":"https:\/\/www.lowcostwebagency.com\/fr\/wp-json\/wp\/v2\/media\/32454"}],"wp:attachment":[{"href":"https:\/\/www.lowcostwebagency.com\/fr\/wp-json\/wp\/v2\/media?parent=30616"}],"wp:term":[{"taxonomy":"product_brand","embeddable":true,"href":"https:\/\/www.lowcostwebagency.com\/fr\/wp-json\/wp\/v2\/product_brand?post=30616"},{"taxonomy":"product_cat","embeddable":true,"href":"https:\/\/www.lowcostwebagency.com\/fr\/wp-json\/wp\/v2\/product_cat?post=30616"},{"taxonomy":"product_tag","embeddable":true,"href":"https:\/\/www.lowcostwebagency.com\/fr\/wp-json\/wp\/v2\/product_tag?post=30616"}],"curies":[{"name":"wp","href":"https:\/\/api.w.org\/{rel}","templated":true}]}}