{"id":30623,"date":"2018-05-28T09:28:10","date_gmt":"2018-05-28T09:28:10","guid":{"rendered":"http:\/\/lowcostwebagency.com\/?post_type=product&#038;p=30623"},"modified":"2022-05-10T08:04:18","modified_gmt":"2022-05-10T08:04:18","slug":"hebergement","status":"publish","type":"product","link":"https:\/\/www.lowcostwebagency.com\/fr\/hebergement\/","title":{"rendered":"H\u00e9bergement"},"content":{"rendered":"<p>Hosting places the domain name on a particular server connected to the web, which allows you to post a website for viewing through a browser. You are NOT required to host through us, but we strongly SUGGEST you to do! Hosting comes with domain-based emails, bandwidth, storage space, database and security tools, and other features. Projects that involve custom programming must be hosted with Low Cost Web Agency Pvt. Ltd. to ensure the programs that we write will work. If you want to host your site on another server.<\/p>\n","protected":false},"excerpt":{"rendered":"<p>L&rsquo;h\u00e9bergement est n\u00e9cessaire pour abriter votre domaine et vos courriels. Vous n&rsquo;\u00eates PAS oblig\u00e9 d&rsquo;h\u00e9berger \u00e0 travers nous, mais nous vous SUGG\u00c9RONS fortement de le faire ! Nos services d&rsquo;h\u00e9bergement, en collaboration avec Siteground\u00a0 (<a href=\"https:\/\/www.codeinwp.com\/blog\/best-wordpress-hosting\/#fball\" target=\"_blank\" rel=\"nofollow noopener\">le meilleur h\u00e9bergeur mondial<\/a>) , sont fournis avec des courriels bas\u00e9s sur le domaine, de la bande passante, de l&rsquo;espace de stockage, des outils de base de donn\u00e9es et de s\u00e9curit\u00e9 et d&rsquo;autres fonctionnalit\u00e9s. Les projets qui impliquent une programmation personnalis\u00e9e doivent \u00eatre h\u00e9berg\u00e9s chez Low Cost Web Agency Pvt. Ltd. pour s&rsquo;assurer que les programmes que nous \u00e9crivons fonctionneront. Notre garantie, maintenance, assistance n&rsquo;est valable que si vous optez pour l&rsquo;un de nos 2 packs d&rsquo;h\u00e9bergement. La diff\u00e9rence entre l&rsquo;h\u00e9bergement standard et l&rsquo;h\u00e9bergement vip est li\u00e9e \u00e0 l&rsquo;espace de stockage et au nombre d&rsquo;adresses-courriels disponibles. Si vous voulez h\u00e9berger votre site sur un autre serveur, s\u00e9lectionnez l&rsquo;option.<\/p>\n","protected":false},"featured_media":31639,"template":"","meta":{"_links_to":"","_links_to_target":""},"product_brand":[],"product_cat":[1135,1132],"product_tag":[839,840,838],"class_list":{"0":"post-30623","1":"product","2":"type-product","3":"status-publish","4":"has-post-thumbnail","6":"product_cat-hosting-fr","7":"product_cat-hosting-and-domain-fr","8":"product_tag-programming","9":"product_tag-security-tools","10":"product_tag-storage-space","12":"first","13":"instock","14":"shipping-taxable","15":"purchasable","16":"product-type-variable"},"composite_virtual":false,"composite_layout":"","composite_add_to_cart_form_location":"","composite_editable_in_cart":false,"composite_sold_individually_context":"","composite_shop_price_calc":"","composite_components":[],"composite_scenarios":[],"_links":{"self":[{"href":"https:\/\/www.lowcostwebagency.com\/fr\/wp-json\/wp\/v2\/product\/30623","targetHints":{"allow":["GET"]}}],"collection":[{"href":"https:\/\/www.lowcostwebagency.com\/fr\/wp-json\/wp\/v2\/product"}],"about":[{"href":"https:\/\/www.lowcostwebagency.com\/fr\/wp-json\/wp\/v2\/types\/product"}],"wp:featuredmedia":[{"embeddable":true,"href":"https:\/\/www.lowcostwebagency.com\/fr\/wp-json\/wp\/v2\/media\/31639"}],"wp:attachment":[{"href":"https:\/\/www.lowcostwebagency.com\/fr\/wp-json\/wp\/v2\/media?parent=30623"}],"wp:term":[{"taxonomy":"product_brand","embeddable":true,"href":"https:\/\/www.lowcostwebagency.com\/fr\/wp-json\/wp\/v2\/product_brand?post=30623"},{"taxonomy":"product_cat","embeddable":true,"href":"https:\/\/www.lowcostwebagency.com\/fr\/wp-json\/wp\/v2\/product_cat?post=30623"},{"taxonomy":"product_tag","embeddable":true,"href":"https:\/\/www.lowcostwebagency.com\/fr\/wp-json\/wp\/v2\/product_tag?post=30623"}],"curies":[{"name":"wp","href":"https:\/\/api.w.org\/{rel}","templated":true}]}}