{"id":30627,"date":"2016-10-27T10:18:14","date_gmt":"2018-05-28T09:44:35","guid":{"rendered":"http:\/\/lowcostwebagency.com\/?post_type=product&#038;p=30627"},"modified":"2022-05-10T06:41:40","modified_gmt":"2022-05-10T06:41:40","slug":"bandeau-linkedin","status":"publish","type":"product","link":"https:\/\/www.lowcostwebagency.com\/fr\/bandeau-linkedin\/","title":{"rendered":"Bandeau Linkedin"},"content":{"rendered":"<h2>Votre couverture professionnelle LinkedIn \u00e0 prix Low Cost r\u00e9alis\u00e9e par un designer senior Low Cost Web Agency<\/h2>\n<h3>Ajoutez de la valeur \u00e0 votre profil LinkedIn grace \u00e0 un bandeau Linkedin pro et pas cher !<\/h3>\n<p style=\"text-align: justify;\">Votre couverture ou bandeau LinkedIn est la premi\u00e8re image que vous donnez aux recruteurs, clients, coll\u00e8gues et autres contacts lorsque recherche des informations sur vous, ou votre entreprise, via le r\u00e9seaux LinkedIn. Sa conception et son contenu sont l&rsquo;occasion d&rsquo;impressionner vos contacts et de construire une cr\u00e9dibilit\u00e9 solide. Qu&rsquo;elle est l&rsquo;impression que vous donnez aujourd&rsquo;hui avec votre image de profil et votre bandeau LinkedIn ? \u00cates-vous satisfait de votre apparence sur LinkedIn ?<\/p>\n<p style=\"text-align: justify;\">Pour rappel, LinkedIn est le r\u00e9seau le plus professionnel. 25\u2009% des utilisateurs d&rsquo;Internet sont des utilisateurs de LinkedIn ! Il serait pr\u00e9judiciable de publier la m\u00eame image de couverture sur Facebook\/Twitter\/LinkedIn et d&rsquo;autres r\u00e9seaux sociaux, \u00e9tant donn\u00e9 que l&rsquo;audience de chacun des r\u00e9seaux et ses attentes sont sp\u00e9cifiques. Ainsi, vous devez offrir diff\u00e9rentes couvertures, tout en gardant une coh\u00e9rence de l&rsquo;ensemble, afin de mener \u00e0 bien votre strat\u00e9gie de Personal Branding sur les r\u00e9seaux sociaux. Votre image de marque et la qualit\u00e9 de sa repr\u00e9sentation sur le Web est aujourd&rsquo;hui la cl\u00e9 pour \u00eatre reconnu par vos pairs. L&rsquo;attention que vous portez \u00e0 vos profils sur les r\u00e9seaux sociaux et en particulier sur LinkedIn montre votre s\u00e9rieux et votre motivation pour votre carri\u00e8re et votre entreprise.<\/p>\n<p style=\"text-align: justify;\">Tout bien consid\u00e9r\u00e9, votre couverture professionnelle LinkedIn vous permet de donner une r\u00e9elle valeur ajout\u00e9e \u00e0 votre profil. Nous prenons soin, dans les d\u00e9tails, de votre image. Low Cost Web Agency s&rsquo;est donn\u00e9e pour mission de vous aider \u00e0 \u00eatre plus performant que vos concurrents gr\u00e2ce \u00e0 la qualit\u00e9 de nos productions pour Web et \u00e0 des prix Low Cost!<\/p>\n<h3>Low Cost Web Agency&#8230; tout ce dont vous avez besoin. Une seule boutique pour tous vos besoins digitaux !<\/h3>\n<p style=\"text-align: justify;\">Low Cost Web Agency vous apporte son expertise pour <u>cr\u00e9er une couverture LinkedIn tr\u00e8s pro.<\/u> Apr\u00e8s l&rsquo;achat de notre service, un designer senior cr\u00e9era votre couverture LinkedIn selon vos besoins. Pour un budget Low Cost vous obtenez enfin gr\u00e2ce \u00e0 votre profil LinkedIn la reconnaissance que vous m\u00e9ritez. Vous pouvez d\u00e9cider si vous voulez les fichiers sources ou non et entre combien de propositions de bandeau vous souhaitez choisir le votre ! De cette fa\u00e7on, vous pouvez obtenir une couverture professionnelle \u00e0 un prix tr\u00e8s bas ou d\u00e9penser un peu plus pour avoir la possibilit\u00e9 de choisir entre plusieurs versions. Nous pouvons \u00e9galement vous proposer de mettre \u00e0 jour votre nouvelle banni\u00e8re LinkedIn directement sur votre profil LinkedIn ou <a href=\"\/fr\/product\/cv-lettre-de-motivation-biographie\/\" rel=\"\">r\u00e9aliser votre Bio<\/a>!<\/p>\n<blockquote><p><em>\u00ab\u00a0L&rsquo;agence Web \u00e0 bas prix est le choix intelligent pour votre couverture LinkedIn !\u00a0\u00bb<\/em><\/p><\/blockquote>\n<p><div class=\"fusion-fullwidth fullwidth-box fusion-builder-row-1 fusion-flex-container hundred-percent-fullwidth non-hundred-percent-height-scrolling\" style=\"--awb-border-radius-top-left:0px;--awb-border-radius-top-right:0px;--awb-border-radius-bottom-right:0px;--awb-border-radius-bottom-left:0px;--awb-overflow:visible;--awb-flex-wrap:wrap;\" ><div class=\"fusion-builder-row fusion-row fusion-flex-align-items-flex-start fusion-flex-content-wrap\" style=\"width:calc( 100% + 0px ) !important;max-width:calc( 100% + 0px ) !important;margin-left: calc(-0px \/ 2 );margin-right: calc(-0px \/ 2 );\"><div class=\"fusion-layout-column fusion_builder_column fusion-builder-column-0 fusion_builder_column_1_1 1_1 fusion-flex-column fusion-flex-align-self-flex-start fusion-column-no-min-height\" style=\"--awb-bg-size:cover;--awb-width-large:100%;--awb-margin-top-large:0px;--awb-spacing-right-large:0px;--awb-margin-bottom-large:0px;--awb-spacing-left-large:0px;--awb-width-medium:100%;--awb-spacing-right-medium:0px;--awb-spacing-left-medium:0px;--awb-width-small:100%;--awb-spacing-right-small:0px;--awb-spacing-left-small:0px;\"><div class=\"fusion-column-wrapper fusion-flex-justify-content-flex-start fusion-content-layout-column\">\n<table id=\"tablepress-9\" class=\"tablepress tablepress-id-9\">\n<thead>\n<tr class=\"row-1\">\n\t<th class=\"column-1\">TYPE DE BANNI\u00c8RE<\/th><th class=\"column-2\">TAILLE (px)<\/th><th class=\"column-3\">INSTRUCTIONS<\/th>\n<\/tr>\n<\/thead>\n<tbody class=\"row-striping row-hover\">\n<tr class=\"row-2\">\n\t<td class=\"column-1\"><a href=\"\/product\/facebook-cover\/\" target=\"_blank\">PHOTO FACEBOOK DE COUVERTURE<\/a><\/td><td class=\"column-2\">828 * 315<\/td><td class=\"column-3\">Pour de meilleurs r\u00e9sultats, t\u00e9l\u00e9chargez un fichier JPG RGB inf\u00e9rieur \u00e0 100 ko<\/td>\n<\/tr>\n<tr class=\"row-3\">\n\t<td class=\"column-1\"><a href=\"\/product\/linkedin-cover\/\" target=\"_blank\">BANDEAU LINKEDIN <\/a><\/td><td class=\"column-2\">Entre 1400 * 425 et 4000 * 4000<\/td><td class=\"column-3\">Taille maximale : 4MB<\/td>\n<\/tr>\n<tr class=\"row-4\">\n\t<td class=\"column-1\"><a href=\"\/product\/twitter-cover\/\" target=\"_blank\">BANDEAU TWITTER <\/a><\/td><td class=\"column-2\">1500 * 500<\/td><td class=\"column-3\">Taille maximale : 10 MB<\/td>\n<\/tr>\n<tr class=\"row-5\">\n\t<td class=\"column-1\"><a href=\"\/product\/google-cover\/\" target=\"_blank\">BANDEAU GOOGLE+ <\/a><\/td><td class=\"column-2\">1080 * 608<\/td><td class=\"column-3\">Minimum (px) : 480 * 270<br \/>\nMaximum (px) : 2120 * 1192<\/td>\n<\/tr>\n<tr class=\"row-6\">\n\t<td class=\"column-1\"><a href=\"\/product\/youtube-cover\/\" target=\"_blank\">BANDEAU YOUTUBE <\/a><\/td><td class=\"column-2\">2560 * 1440<\/td><td class=\"column-3\">-<\/td>\n<\/tr>\n<tr class=\"row-7\">\n\t<td class=\"column-1\"><a href=\"\/product\/advertisement-banner\/\" target=\"_blank\">BANNI\u00c8RE PUBLICITAIRE<\/a><\/td><td class=\"column-2\">Rectangle moyen : 300 * 250<br \/>\nClassement : 728 * 90<br \/>\nWide skyscraper : 160 * 600<br \/>\nBanni\u00e8re : 468 * 60<br \/>\nSkyscraper : 120*600<br \/>\nRectangle : 300 * 100<br \/>\nMicro Bar : 88 * 31<br \/>\nDemi-page : 300 * 600<br \/>\nGrand rectangle : 336 * 280<br \/>\nClassement mobile : 320 * 50<\/td><td class=\"column-3\">Choisissez une de ces dimensions<\/td>\n<\/tr>\n<tr class=\"row-8\">\n\t<td class=\"column-1\"><a href=\"\/product\/website-header\/\" target=\"_blank\">EN-T\u00caTE DU SITE<\/a><\/td><td class=\"column-2\">1024 * 300<\/td><td class=\"column-3\"><\/td>\n<\/tr>\n<tr class=\"row-9\">\n\t<td class=\"column-1\"><a href=\"\/product\/custom-banner\/\" target=\"_blank\">BANNI\u00c8RE PERSONNALIS\u00c9E<\/a><\/td><td class=\"column-2\">Si vous ne trouvez pas la dimension requise, demandez-nous une offre de banni\u00e8re personnalis\u00e9e.<\/td><td class=\"column-3\">-<\/td>\n<\/tr>\n<\/tbody>\n<\/table>\n<!-- #tablepress-9 from cache --><\/div><\/div><\/div><\/div>.<\/p>\n","protected":false},"excerpt":{"rendered":"<p style=\"text-align: justify;\">Obtenez une couverture LinkedIn professionnelle faite par un <strong>designer talentueux<\/strong> pour seulement <strong>quelques euros !<\/strong> Si l&rsquo;on consid\u00e8re le nombre total d&rsquo;utilisateurs d&rsquo;Internet, 25\u2009% d&rsquo;entre eux sont des utilisateurs de LinkedIn. Il n&rsquo;y a pas d&rsquo;excuse aujourd&rsquo;hui pour avoir un profil de mauvaise qualit\u00e9 sur LinkedIn. Votre image professionnelle commence sur LinkedIn. Si vous voulez montrer \u00e0 votre r\u00e9seau que vous \u00eates s\u00e9rieux avec votre entreprise, vous devez leur donner une tr\u00e8s bonne premi\u00e8re impression lorsqu&rsquo;ils visitent votre profil LinkedIn. La premi\u00e8re chose qu&rsquo;ils remarquent est la qualit\u00e9 de votre couverture LinkedIn. Avec ce service, vous donnez de la valeur \u00e0 votre parcours, gr\u00e2ce \u00e0 une couverture LinkedIn tr\u00e8s bien con\u00e7ue.<\/p>\n","protected":false},"featured_media":31717,"template":"","meta":{"_links_to":"","_links_to_target":""},"product_brand":[],"product_cat":[1181,1131,1130],"product_tag":[],"class_list":{"0":"post-30627","1":"product","2":"type-product","3":"status-publish","4":"has-post-thumbnail","6":"product_cat-bannieres","7":"product_cat-design-fr","8":"product_cat-design-web","10":"first","11":"instock","12":"shipping-taxable","13":"purchasable","14":"product-type-simple"},"composite_virtual":false,"composite_layout":"","composite_add_to_cart_form_location":"","composite_editable_in_cart":false,"composite_sold_individually_context":"","composite_shop_price_calc":"","composite_components":[],"composite_scenarios":[],"_links":{"self":[{"href":"https:\/\/www.lowcostwebagency.com\/fr\/wp-json\/wp\/v2\/product\/30627","targetHints":{"allow":["GET"]}}],"collection":[{"href":"https:\/\/www.lowcostwebagency.com\/fr\/wp-json\/wp\/v2\/product"}],"about":[{"href":"https:\/\/www.lowcostwebagency.com\/fr\/wp-json\/wp\/v2\/types\/product"}],"wp:featuredmedia":[{"embeddable":true,"href":"https:\/\/www.lowcostwebagency.com\/fr\/wp-json\/wp\/v2\/media\/31717"}],"wp:attachment":[{"href":"https:\/\/www.lowcostwebagency.com\/fr\/wp-json\/wp\/v2\/media?parent=30627"}],"wp:term":[{"taxonomy":"product_brand","embeddable":true,"href":"https:\/\/www.lowcostwebagency.com\/fr\/wp-json\/wp\/v2\/product_brand?post=30627"},{"taxonomy":"product_cat","embeddable":true,"href":"https:\/\/www.lowcostwebagency.com\/fr\/wp-json\/wp\/v2\/product_cat?post=30627"},{"taxonomy":"product_tag","embeddable":true,"href":"https:\/\/www.lowcostwebagency.com\/fr\/wp-json\/wp\/v2\/product_tag?post=30627"}],"curies":[{"name":"wp","href":"https:\/\/api.w.org\/{rel}","templated":true}]}}