{"id":30629,"date":"2016-10-27T10:20:30","date_gmt":"2018-05-28T10:04:35","guid":{"rendered":"http:\/\/lowcostwebagency.com\/?post_type=product&#038;p=30629"},"modified":"2022-05-10T06:44:32","modified_gmt":"2022-05-10T06:44:32","slug":"bandeau-facebook","status":"publish","type":"product","link":"https:\/\/www.lowcostwebagency.com\/fr\/bandeau-facebook\/","title":{"rendered":"Bandeau Facebook"},"content":{"rendered":"<h2>Votre bandeau Facebook r\u00e9alis\u00e9e par un designer professionnel \u00e0 un prix Low Cost !<\/h2>\n<h3>Ajoutez de la valeur \u00e0 votre profil, page ou groupe Facebook gr\u00e2ce \u00e0 des bandeaux Facebook \u00e9l\u00e9gants et Pro.<\/h3>\n<p style=\"text-align: justify;\">Votre couverture Facebook est le premier \u00e9l\u00e9ment que vos contacts voient lorsqu&rsquo;ils regardent votre profil, votre page ou votre groupe. Impressionner vos clients potentiels, partenaires, fournisseurs et faites la diff\u00e9rence avec un design professionnel est capital pour r\u00e9ussir. Un design travaill\u00e9 de vos comptes Facebook est l&rsquo;occasion de surprendre vos futurs contacts et de b\u00e2tir une solide renomm\u00e9e au sein de votre r\u00e9seau. Utiliser le r\u00e9seau social Facebook de la bonne fa\u00e7on vous permet de faire la diff\u00e9rence avec les autres et de vous classer au-dessus de vos concurrents. Pour quelques euros, Low Cost Web Agency vous offre votre couverture Facebook Pro \u00e0 prix Low Cost.<\/p>\n<h3 style=\"text-align: justify;\">Ne laissez plus rien au hasard et b\u00e9n\u00e9ficiez de notre aide pour construire votre image cr\u00e9ative sur le web en g\u00e9n\u00e9ral et en particulier sur Facebook !<\/h3>\n<p style=\"text-align: justify;\">Nous mettons \u00e0 votre disposition toute notre expertise pour cr\u00e9er votre couverture personnalis\u00e9e. Vous pouvez d\u00e9cider si vous voulez les fichiers sources de votre bandeau Facebook ou si vous avez juste besoin de la version Web. Vous pouvez nous demander de t\u00e9l\u00e9charger votre nouvelle couverture directement sur Facebook ou vous pouvez le faire facilement vous-m\u00eame en suivant nos indications. Choisissez les options qui vous permettent de d\u00e9penser seulement ce dont vous avez besoin\u2026<\/p>\n<blockquote><p><em>\u00ab\u00a0Vous ne payez que ce dont vous avez besoin, C&rsquo;est Low Cost Web Agency, l&rsquo;agence Web la moins ch\u00e8re du march\u00e9 !\u00a0\u00bb<\/em><\/p><\/blockquote>\n<h3 style=\"text-align: justify;\">Low Cost Web Agency veut que tout le monde ait une image professionnelle sur le Web sans d\u00e9penser beaucoup d&rsquo;argent.<\/h3>\n<h4 style=\"text-align: justify;\">Eh bien, qu&rsquo;attendez-vous ? Achetez maintenant votre nouveau bandeau Facebook !<\/h4>\n<p><div class=\"fusion-fullwidth fullwidth-box fusion-builder-row-1 fusion-flex-container hundred-percent-fullwidth non-hundred-percent-height-scrolling\" style=\"--awb-border-radius-top-left:0px;--awb-border-radius-top-right:0px;--awb-border-radius-bottom-right:0px;--awb-border-radius-bottom-left:0px;--awb-overflow:visible;--awb-flex-wrap:wrap;\" ><div class=\"fusion-builder-row fusion-row fusion-flex-align-items-flex-start fusion-flex-content-wrap\" style=\"width:calc( 100% + 0px ) !important;max-width:calc( 100% + 0px ) !important;margin-left: calc(-0px \/ 2 );margin-right: calc(-0px \/ 2 );\"><div class=\"fusion-layout-column fusion_builder_column fusion-builder-column-0 fusion_builder_column_1_1 1_1 fusion-flex-column fusion-flex-align-self-flex-start fusion-column-no-min-height\" style=\"--awb-bg-size:cover;--awb-width-large:100%;--awb-margin-top-large:0px;--awb-spacing-right-large:0px;--awb-margin-bottom-large:0px;--awb-spacing-left-large:0px;--awb-width-medium:100%;--awb-spacing-right-medium:0px;--awb-spacing-left-medium:0px;--awb-width-small:100%;--awb-spacing-right-small:0px;--awb-spacing-left-small:0px;\"><div class=\"fusion-column-wrapper fusion-flex-justify-content-flex-start fusion-content-layout-column\">\n<table id=\"tablepress-9\" class=\"tablepress tablepress-id-9\">\n<thead>\n<tr class=\"row-1\">\n\t<th class=\"column-1\">TYPE DE BANNI\u00c8RE<\/th><th class=\"column-2\">TAILLE (px)<\/th><th class=\"column-3\">INSTRUCTIONS<\/th>\n<\/tr>\n<\/thead>\n<tbody class=\"row-striping row-hover\">\n<tr class=\"row-2\">\n\t<td class=\"column-1\"><a href=\"\/product\/facebook-cover\/\" target=\"_blank\">PHOTO FACEBOOK DE COUVERTURE<\/a><\/td><td class=\"column-2\">828 * 315<\/td><td class=\"column-3\">Pour de meilleurs r\u00e9sultats, t\u00e9l\u00e9chargez un fichier JPG RGB inf\u00e9rieur \u00e0 100 ko<\/td>\n<\/tr>\n<tr class=\"row-3\">\n\t<td class=\"column-1\"><a href=\"\/product\/linkedin-cover\/\" target=\"_blank\">BANDEAU LINKEDIN <\/a><\/td><td class=\"column-2\">Entre 1400 * 425 et 4000 * 4000<\/td><td class=\"column-3\">Taille maximale : 4MB<\/td>\n<\/tr>\n<tr class=\"row-4\">\n\t<td class=\"column-1\"><a href=\"\/product\/twitter-cover\/\" target=\"_blank\">BANDEAU TWITTER <\/a><\/td><td class=\"column-2\">1500 * 500<\/td><td class=\"column-3\">Taille maximale : 10 MB<\/td>\n<\/tr>\n<tr class=\"row-5\">\n\t<td class=\"column-1\"><a href=\"\/product\/google-cover\/\" target=\"_blank\">BANDEAU GOOGLE+ <\/a><\/td><td class=\"column-2\">1080 * 608<\/td><td class=\"column-3\">Minimum (px) : 480 * 270<br \/>\nMaximum (px) : 2120 * 1192<\/td>\n<\/tr>\n<tr class=\"row-6\">\n\t<td class=\"column-1\"><a href=\"\/product\/youtube-cover\/\" target=\"_blank\">BANDEAU YOUTUBE <\/a><\/td><td class=\"column-2\">2560 * 1440<\/td><td class=\"column-3\">-<\/td>\n<\/tr>\n<tr class=\"row-7\">\n\t<td class=\"column-1\"><a href=\"\/product\/advertisement-banner\/\" target=\"_blank\">BANNI\u00c8RE PUBLICITAIRE<\/a><\/td><td class=\"column-2\">Rectangle moyen : 300 * 250<br \/>\nClassement : 728 * 90<br \/>\nWide skyscraper : 160 * 600<br \/>\nBanni\u00e8re : 468 * 60<br \/>\nSkyscraper : 120*600<br \/>\nRectangle : 300 * 100<br \/>\nMicro Bar : 88 * 31<br \/>\nDemi-page : 300 * 600<br \/>\nGrand rectangle : 336 * 280<br \/>\nClassement mobile : 320 * 50<\/td><td class=\"column-3\">Choisissez une de ces dimensions<\/td>\n<\/tr>\n<tr class=\"row-8\">\n\t<td class=\"column-1\"><a href=\"\/product\/website-header\/\" target=\"_blank\">EN-T\u00caTE DU SITE<\/a><\/td><td class=\"column-2\">1024 * 300<\/td><td class=\"column-3\"><\/td>\n<\/tr>\n<tr class=\"row-9\">\n\t<td class=\"column-1\"><a href=\"\/product\/custom-banner\/\" target=\"_blank\">BANNI\u00c8RE PERSONNALIS\u00c9E<\/a><\/td><td class=\"column-2\">Si vous ne trouvez pas la dimension requise, demandez-nous une offre de banni\u00e8re personnalis\u00e9e.<\/td><td class=\"column-3\">-<\/td>\n<\/tr>\n<\/tbody>\n<\/table>\n<!-- #tablepress-9 from cache --><\/div><\/div><\/div><\/div>.<\/p>\n","protected":false},"excerpt":{"rendered":"<p style=\"text-align: justify;\">Votre couverture Facebook est le premier \u00e9l\u00e9ment que vos contacts voient lorsqu&rsquo;ils regardent votre profil, votre page ou votre groupe. Impressionner vos clients potentiels, partenaires, fournisseurs et faites la diff\u00e9rence avec un design professionnel est capital pour r\u00e9ussir. Un design travaill\u00e9 de vos comptes Facebook est l&rsquo;occasion de surprendre vos futurs contacts et de b\u00e2tir une solide renomm\u00e9e au sein de votre r\u00e9seau. Utiliser le r\u00e9seau social Facebook de la bonne fa\u00e7on vous permet de faire la diff\u00e9rence avec les autres et de vous classer au-dessus de vos concurrents. Pour quelques euros, Low Cost Web Agency vous offre votre couverture Facebook Pro \u00e0 prix Low Cost !<\/p>\n<p>Nous mettons \u00e0 votre disposition toute notre expertise pour cr\u00e9er votre couverture personnalis\u00e9e. Vous pouvez d\u00e9cider si vous voulez les fichiers sources de votre bandeau Facebook ou si vous avez juste besoin de la version Web. Vous pouvez nous demander de t\u00e9l\u00e9charger votre nouvelle couverture directement sur Facebook ou vous pouvez le faire facilement vous-m\u00eame en suivant nos indications. Choisissez les options qui vous permettent de d\u00e9penser seulement ce dont vous avez besoin.<\/p>\n","protected":false},"featured_media":31715,"template":"","meta":{"_links_to":"","_links_to_target":""},"product_brand":[],"product_cat":[1181,1131,1130],"product_tag":[],"class_list":{"0":"post-30629","1":"product","2":"type-product","3":"status-publish","4":"has-post-thumbnail","6":"product_cat-bannieres","7":"product_cat-design-fr","8":"product_cat-design-web","10":"first","11":"instock","12":"shipping-taxable","13":"purchasable","14":"product-type-simple"},"composite_virtual":false,"composite_layout":"","composite_add_to_cart_form_location":"","composite_editable_in_cart":false,"composite_sold_individually_context":"","composite_shop_price_calc":"","composite_components":[],"composite_scenarios":[],"_links":{"self":[{"href":"https:\/\/www.lowcostwebagency.com\/fr\/wp-json\/wp\/v2\/product\/30629","targetHints":{"allow":["GET"]}}],"collection":[{"href":"https:\/\/www.lowcostwebagency.com\/fr\/wp-json\/wp\/v2\/product"}],"about":[{"href":"https:\/\/www.lowcostwebagency.com\/fr\/wp-json\/wp\/v2\/types\/product"}],"wp:featuredmedia":[{"embeddable":true,"href":"https:\/\/www.lowcostwebagency.com\/fr\/wp-json\/wp\/v2\/media\/31715"}],"wp:attachment":[{"href":"https:\/\/www.lowcostwebagency.com\/fr\/wp-json\/wp\/v2\/media?parent=30629"}],"wp:term":[{"taxonomy":"product_brand","embeddable":true,"href":"https:\/\/www.lowcostwebagency.com\/fr\/wp-json\/wp\/v2\/product_brand?post=30629"},{"taxonomy":"product_cat","embeddable":true,"href":"https:\/\/www.lowcostwebagency.com\/fr\/wp-json\/wp\/v2\/product_cat?post=30629"},{"taxonomy":"product_tag","embeddable":true,"href":"https:\/\/www.lowcostwebagency.com\/fr\/wp-json\/wp\/v2\/product_tag?post=30629"}],"curies":[{"name":"wp","href":"https:\/\/api.w.org\/{rel}","templated":true}]}}