{"id":30631,"date":"2018-05-28T10:16:10","date_gmt":"2018-05-28T10:16:10","guid":{"rendered":"http:\/\/lowcostwebagency.com\/?post_type=product&#038;p=30631"},"modified":"2022-05-10T08:04:52","modified_gmt":"2022-05-10T08:04:52","slug":"bandeau-twitter","status":"publish","type":"product","link":"https:\/\/www.lowcostwebagency.com\/fr\/bandeau-twitter\/","title":{"rendered":"Bandeau Twitter"},"content":{"rendered":"<h2>Votre couverture Twitter r\u00e9alis\u00e9e par un designer professionnel pour quelques euros !<\/h2>\n<h3>Mettez en surbrillance votre compte Twitter en personnalisant votre couverture Twitter.<\/h3>\n<p style=\"text-align: justify;\">Tout comme Facebook, Twitter est un r\u00e9seau social tr\u00e8s connu. Cependant, son utilisation est tout \u00e0 fait diff\u00e9rente car il peut vous aider \u00e0 atteindre des objectifs diff\u00e9rents. Un compte Twitter vous permet de g\u00e9rer une page affichant des nouvelles de vous ou de votre entreprise. De nos jours, les entreprises utilisent Twitter pour diffuser des opinions et des id\u00e9es commerciales. Votre photo de couverture Twitter est la premi\u00e8re \u00e9tape pour \u00e9tablir un profil de haute qualit\u00e9 et distinguer votre entreprise des autres.<\/p>\n<p style=\"text-align: justify;\">Rendre votre entreprise identifiable par tous est la cl\u00e9 du succ\u00e8s\u2026 Contactez-nous pour que nous fassions la diff\u00e9rence ensemble !<\/p>\n<h3>Une agence Web \u00e0 bas prix\u2026 tout ce dont vous avez besoin !<\/h3>\n<p style=\"text-align: justify;\">Nous mettons \u00e0 votre disposition toute notre expertise pour cr\u00e9er votre couverture Twitter personnalis\u00e9e. Vous pouvez d\u00e9cider si vous voulez les fichiers sources de votre couverture Twitter ou si vous avez juste besoin de la version Web. Vous pouvez nous demander de t\u00e9l\u00e9charger votre nouvelle couverture directement sur Twitter. De nombreuses options sont disponibles pour r\u00e9pondre \u00e0 vos besoins et vous permettre d&rsquo;obtenir l&rsquo;offre de prix qui vous donne satisfaction.<\/p>\n<blockquote><p><em>\u00ab\u00a0Vous ne payez que ce dont vous avez besoin !\u00a0\u00bb<\/em><\/p><\/blockquote>\n<p style=\"text-align: justify;\">C&rsquo;est la devise de Low Cost Web Agency. Nous voulons permettre \u00e0 tout le monde d&rsquo;obtenir une image professionnelle sur le Web sans d\u00e9penser beaucoup d&rsquo;argent. Regardez toutes les diff\u00e9rentes couvertures de r\u00e9seaux sociaux que nous pouvons concevoir pour vous.<\/p>\n<p style=\"text-align: justify;\">Eh bien, qu&rsquo;attendez-vous ? Achetez maintenant !<\/p>\n<p style=\"text-align: justify;\"><div class=\"fusion-fullwidth fullwidth-box fusion-builder-row-1 fusion-flex-container hundred-percent-fullwidth non-hundred-percent-height-scrolling\" style=\"--awb-border-radius-top-left:0px;--awb-border-radius-top-right:0px;--awb-border-radius-bottom-right:0px;--awb-border-radius-bottom-left:0px;--awb-overflow:visible;--awb-flex-wrap:wrap;\" ><div class=\"fusion-builder-row fusion-row fusion-flex-align-items-flex-start fusion-flex-content-wrap\" style=\"width:calc( 100% + 0px ) !important;max-width:calc( 100% + 0px ) !important;margin-left: calc(-0px \/ 2 );margin-right: calc(-0px \/ 2 );\"><div class=\"fusion-layout-column fusion_builder_column fusion-builder-column-0 fusion_builder_column_1_1 1_1 fusion-flex-column fusion-flex-align-self-flex-start fusion-column-no-min-height\" style=\"--awb-bg-size:cover;--awb-width-large:100%;--awb-margin-top-large:0px;--awb-spacing-right-large:0px;--awb-margin-bottom-large:0px;--awb-spacing-left-large:0px;--awb-width-medium:100%;--awb-spacing-right-medium:0px;--awb-spacing-left-medium:0px;--awb-width-small:100%;--awb-spacing-right-small:0px;--awb-spacing-left-small:0px;\"><div class=\"fusion-column-wrapper fusion-flex-justify-content-flex-start fusion-content-layout-column\">\n<table id=\"tablepress-9\" class=\"tablepress tablepress-id-9\">\n<thead>\n<tr class=\"row-1\">\n\t<th class=\"column-1\">TYPE DE BANNI\u00c8RE<\/th><th class=\"column-2\">TAILLE (px)<\/th><th class=\"column-3\">INSTRUCTIONS<\/th>\n<\/tr>\n<\/thead>\n<tbody class=\"row-striping row-hover\">\n<tr class=\"row-2\">\n\t<td class=\"column-1\"><a href=\"\/product\/facebook-cover\/\" target=\"_blank\">PHOTO FACEBOOK DE COUVERTURE<\/a><\/td><td class=\"column-2\">828 * 315<\/td><td class=\"column-3\">Pour de meilleurs r\u00e9sultats, t\u00e9l\u00e9chargez un fichier JPG RGB inf\u00e9rieur \u00e0 100 ko<\/td>\n<\/tr>\n<tr class=\"row-3\">\n\t<td class=\"column-1\"><a href=\"\/product\/linkedin-cover\/\" target=\"_blank\">BANDEAU LINKEDIN <\/a><\/td><td class=\"column-2\">Entre 1400 * 425 et 4000 * 4000<\/td><td class=\"column-3\">Taille maximale : 4MB<\/td>\n<\/tr>\n<tr class=\"row-4\">\n\t<td class=\"column-1\"><a href=\"\/product\/twitter-cover\/\" target=\"_blank\">BANDEAU TWITTER <\/a><\/td><td class=\"column-2\">1500 * 500<\/td><td class=\"column-3\">Taille maximale : 10 MB<\/td>\n<\/tr>\n<tr class=\"row-5\">\n\t<td class=\"column-1\"><a href=\"\/product\/google-cover\/\" target=\"_blank\">BANDEAU GOOGLE+ <\/a><\/td><td class=\"column-2\">1080 * 608<\/td><td class=\"column-3\">Minimum (px) : 480 * 270<br \/>\nMaximum (px) : 2120 * 1192<\/td>\n<\/tr>\n<tr class=\"row-6\">\n\t<td class=\"column-1\"><a href=\"\/product\/youtube-cover\/\" target=\"_blank\">BANDEAU YOUTUBE <\/a><\/td><td class=\"column-2\">2560 * 1440<\/td><td class=\"column-3\">-<\/td>\n<\/tr>\n<tr class=\"row-7\">\n\t<td class=\"column-1\"><a href=\"\/product\/advertisement-banner\/\" target=\"_blank\">BANNI\u00c8RE PUBLICITAIRE<\/a><\/td><td class=\"column-2\">Rectangle moyen : 300 * 250<br \/>\nClassement : 728 * 90<br \/>\nWide skyscraper : 160 * 600<br \/>\nBanni\u00e8re : 468 * 60<br \/>\nSkyscraper : 120*600<br \/>\nRectangle : 300 * 100<br \/>\nMicro Bar : 88 * 31<br \/>\nDemi-page : 300 * 600<br \/>\nGrand rectangle : 336 * 280<br \/>\nClassement mobile : 320 * 50<\/td><td class=\"column-3\">Choisissez une de ces dimensions<\/td>\n<\/tr>\n<tr class=\"row-8\">\n\t<td class=\"column-1\"><a href=\"\/product\/website-header\/\" target=\"_blank\">EN-T\u00caTE DU SITE<\/a><\/td><td class=\"column-2\">1024 * 300<\/td><td class=\"column-3\"><\/td>\n<\/tr>\n<tr class=\"row-9\">\n\t<td class=\"column-1\"><a href=\"\/product\/custom-banner\/\" target=\"_blank\">BANNI\u00c8RE PERSONNALIS\u00c9E<\/a><\/td><td class=\"column-2\">Si vous ne trouvez pas la dimension requise, demandez-nous une offre de banni\u00e8re personnalis\u00e9e.<\/td><td class=\"column-3\">-<\/td>\n<\/tr>\n<\/tbody>\n<\/table>\n<!-- #tablepress-9 from cache -->\n<\/div><\/div><\/div><\/div>.<\/p>\n","protected":false},"excerpt":{"rendered":"<p style=\"text-align: justify;\">Demandez \u00e0 un <strong>designer\u00a0professionnel<\/strong> de Low Cost Web Agency de cr\u00e9er votre couverture Twitter pour votre compte. Cela vous permettra de faire la diff\u00e9rence avec les autres et de vous placer au-dessus de vos concurrents avec votre nouvelle couverture Twitter professionnelle !<\/p>\n","protected":false},"featured_media":31719,"template":"","meta":{"_links_to":"","_links_to_target":""},"product_brand":[],"product_cat":[1181,1131,1130],"product_tag":[689,691,690,692],"class_list":{"0":"post-30631","1":"product","2":"type-product","3":"status-publish","4":"has-post-thumbnail","6":"product_cat-bannieres","7":"product_cat-design-fr","8":"product_cat-design-web","9":"product_tag-banner","10":"product_tag-cover-image","11":"product_tag-social-media","12":"product_tag-twitter-cover","14":"first","15":"instock","16":"shipping-taxable","17":"purchasable","18":"product-type-simple"},"composite_virtual":false,"composite_layout":"","composite_add_to_cart_form_location":"","composite_editable_in_cart":false,"composite_sold_individually_context":"","composite_shop_price_calc":"","composite_components":[],"composite_scenarios":[],"_links":{"self":[{"href":"https:\/\/www.lowcostwebagency.com\/fr\/wp-json\/wp\/v2\/product\/30631","targetHints":{"allow":["GET"]}}],"collection":[{"href":"https:\/\/www.lowcostwebagency.com\/fr\/wp-json\/wp\/v2\/product"}],"about":[{"href":"https:\/\/www.lowcostwebagency.com\/fr\/wp-json\/wp\/v2\/types\/product"}],"wp:featuredmedia":[{"embeddable":true,"href":"https:\/\/www.lowcostwebagency.com\/fr\/wp-json\/wp\/v2\/media\/31719"}],"wp:attachment":[{"href":"https:\/\/www.lowcostwebagency.com\/fr\/wp-json\/wp\/v2\/media?parent=30631"}],"wp:term":[{"taxonomy":"product_brand","embeddable":true,"href":"https:\/\/www.lowcostwebagency.com\/fr\/wp-json\/wp\/v2\/product_brand?post=30631"},{"taxonomy":"product_cat","embeddable":true,"href":"https:\/\/www.lowcostwebagency.com\/fr\/wp-json\/wp\/v2\/product_cat?post=30631"},{"taxonomy":"product_tag","embeddable":true,"href":"https:\/\/www.lowcostwebagency.com\/fr\/wp-json\/wp\/v2\/product_tag?post=30631"}],"curies":[{"name":"wp","href":"https:\/\/api.w.org\/{rel}","templated":true}]}}