{"id":30637,"date":"2018-05-28T12:21:55","date_gmt":"2018-05-28T12:21:55","guid":{"rendered":"http:\/\/lowcostwebagency.com\/?post_type=product&#038;p=30637"},"modified":"2022-05-10T08:05:51","modified_gmt":"2022-05-10T08:05:51","slug":"bandeau-sur-mesure","status":"publish","type":"product","link":"https:\/\/www.lowcostwebagency.com\/fr\/bandeau-sur-mesure\/","title":{"rendered":"Bandeau Sur-mesure"},"content":{"rendered":"<h2><strong>Votre banni\u00e8re personnalis\u00e9e \u00e9labor\u00e9e par un concepteur comp\u00e9tent !<\/strong><\/h2>\n<h3>Obtenez votre banni\u00e8re sur mesure \u00e0 bas prix\u2026<\/h3>\n<p style=\"text-align: justify;\">Vous voulez \u00eatre au-dessus de la concurrence gr\u00e2ce \u00e0 un design de banni\u00e8re personnalis\u00e9 \u00e9poustouflant et cr\u00e9\u00e9 \u00e0 partir de z\u00e9ro ? Avec ce service, un concepteur professionnel de Low Cost Web Agency concevra une superbe banni\u00e8re, exactement comme vous le souhaitez. Il suffit de demander un devis\u2026 en donnant tous les d\u00e9tails sur la banni\u00e8re que vous d\u00e9sirez !<\/p>\n<p style=\"text-align: justify;\">Dans le cadre d&rsquo;un design de banni\u00e8re personnalis\u00e9, vous avez \u00e9galement besoin d&rsquo;une taille sp\u00e9cifique pour votre banni\u00e8re Web, afin qu&rsquo;elle corresponde exactement \u00e0 votre mod\u00e8le. Dites-nous simplement la <strong>taille d\u00e9sir\u00e9e <\/strong>et nous vous contacterons avec une offre personnalis\u00e9e \u00e0 bas prix !<\/p>\n<p style=\"text-align: justify;\">Avant de demander un devis pour une banni\u00e8re personnalis\u00e9e et de taille sp\u00e9cifique, assurez-vous qu&rsquo;aucune de nos offres standard pour la conception de banni\u00e8re ne r\u00e9ponde \u00e0 vos besoins. <u>Veuillez consulter le tableau comparatif<\/u> ci-dessous\u00a0avec toutes les tailles de banni\u00e8re standard que nous offrons.<\/p>\n<p><div class=\"fusion-fullwidth fullwidth-box fusion-builder-row-1 fusion-flex-container hundred-percent-fullwidth non-hundred-percent-height-scrolling\" style=\"--awb-border-radius-top-left:0px;--awb-border-radius-top-right:0px;--awb-border-radius-bottom-right:0px;--awb-border-radius-bottom-left:0px;--awb-overflow:visible;--awb-flex-wrap:wrap;\" ><div class=\"fusion-builder-row fusion-row fusion-flex-align-items-flex-start fusion-flex-content-wrap\" style=\"width:calc( 100% + 0px ) !important;max-width:calc( 100% + 0px ) !important;margin-left: calc(-0px \/ 2 );margin-right: calc(-0px \/ 2 );\"><div class=\"fusion-layout-column fusion_builder_column fusion-builder-column-0 fusion_builder_column_1_1 1_1 fusion-flex-column fusion-flex-align-self-flex-start fusion-column-no-min-height\" style=\"--awb-bg-size:cover;--awb-width-large:100%;--awb-margin-top-large:0px;--awb-spacing-right-large:0px;--awb-margin-bottom-large:0px;--awb-spacing-left-large:0px;--awb-width-medium:100%;--awb-spacing-right-medium:0px;--awb-spacing-left-medium:0px;--awb-width-small:100%;--awb-spacing-right-small:0px;--awb-spacing-left-small:0px;\"><div class=\"fusion-column-wrapper fusion-flex-justify-content-flex-start fusion-content-layout-column\">\n<table id=\"tablepress-9\" class=\"tablepress tablepress-id-9\">\n<thead>\n<tr class=\"row-1\">\n\t<th class=\"column-1\">TYPE DE BANNI\u00c8RE<\/th><th class=\"column-2\">TAILLE (px)<\/th><th class=\"column-3\">INSTRUCTIONS<\/th>\n<\/tr>\n<\/thead>\n<tbody class=\"row-striping row-hover\">\n<tr class=\"row-2\">\n\t<td class=\"column-1\"><a href=\"\/product\/facebook-cover\/\" target=\"_blank\">PHOTO FACEBOOK DE COUVERTURE<\/a><\/td><td class=\"column-2\">828 * 315<\/td><td class=\"column-3\">Pour de meilleurs r\u00e9sultats, t\u00e9l\u00e9chargez un fichier JPG RGB inf\u00e9rieur \u00e0 100 ko<\/td>\n<\/tr>\n<tr class=\"row-3\">\n\t<td class=\"column-1\"><a href=\"\/product\/linkedin-cover\/\" target=\"_blank\">BANDEAU LINKEDIN <\/a><\/td><td class=\"column-2\">Entre 1400 * 425 et 4000 * 4000<\/td><td class=\"column-3\">Taille maximale : 4MB<\/td>\n<\/tr>\n<tr class=\"row-4\">\n\t<td class=\"column-1\"><a href=\"\/product\/twitter-cover\/\" target=\"_blank\">BANDEAU TWITTER <\/a><\/td><td class=\"column-2\">1500 * 500<\/td><td class=\"column-3\">Taille maximale : 10 MB<\/td>\n<\/tr>\n<tr class=\"row-5\">\n\t<td class=\"column-1\"><a href=\"\/product\/google-cover\/\" target=\"_blank\">BANDEAU GOOGLE+ <\/a><\/td><td class=\"column-2\">1080 * 608<\/td><td class=\"column-3\">Minimum (px) : 480 * 270<br \/>\nMaximum (px) : 2120 * 1192<\/td>\n<\/tr>\n<tr class=\"row-6\">\n\t<td class=\"column-1\"><a href=\"\/product\/youtube-cover\/\" target=\"_blank\">BANDEAU YOUTUBE <\/a><\/td><td class=\"column-2\">2560 * 1440<\/td><td class=\"column-3\">-<\/td>\n<\/tr>\n<tr class=\"row-7\">\n\t<td class=\"column-1\"><a href=\"\/product\/advertisement-banner\/\" target=\"_blank\">BANNI\u00c8RE PUBLICITAIRE<\/a><\/td><td class=\"column-2\">Rectangle moyen : 300 * 250<br \/>\nClassement : 728 * 90<br \/>\nWide skyscraper : 160 * 600<br \/>\nBanni\u00e8re : 468 * 60<br \/>\nSkyscraper : 120*600<br \/>\nRectangle : 300 * 100<br \/>\nMicro Bar : 88 * 31<br \/>\nDemi-page : 300 * 600<br \/>\nGrand rectangle : 336 * 280<br \/>\nClassement mobile : 320 * 50<\/td><td class=\"column-3\">Choisissez une de ces dimensions<\/td>\n<\/tr>\n<tr class=\"row-8\">\n\t<td class=\"column-1\"><a href=\"\/product\/website-header\/\" target=\"_blank\">EN-T\u00caTE DU SITE<\/a><\/td><td class=\"column-2\">1024 * 300<\/td><td class=\"column-3\"><\/td>\n<\/tr>\n<tr class=\"row-9\">\n\t<td class=\"column-1\"><a href=\"\/product\/custom-banner\/\" target=\"_blank\">BANNI\u00c8RE PERSONNALIS\u00c9E<\/a><\/td><td class=\"column-2\">Si vous ne trouvez pas la dimension requise, demandez-nous une offre de banni\u00e8re personnalis\u00e9e.<\/td><td class=\"column-3\">-<\/td>\n<\/tr>\n<\/tbody>\n<\/table>\n<!-- #tablepress-9 from cache --><\/div><\/div><\/div><\/div>.<\/p>\n","protected":false},"excerpt":{"rendered":"<p style=\"text-align: justify;\">Votre<strong> banni\u00e8re sur mesure<\/strong> pour quelques euros faite par un <strong>designer professionnel ! <\/strong>Vous pouvez d\u00e9cider si vous voulez les fichiers sources ou non et combien de propositions vous d\u00e9sirez que nous vous offrions.<\/p>\n<p style=\"text-align: justify;\">De cette fa\u00e7on, vous pouvez obtenir une banni\u00e8re professionnelle \u00e0 <strong>bas prix<\/strong>\u00a0ou d\u00e9penser un peu plus pour avoir la possibilit\u00e9 de choisir entre plusieurs versions.<\/p>\n<p style=\"text-align: justify;\">Demandez un devis !<\/p>\n","protected":false},"featured_media":31709,"template":"","meta":{"_links_to":"","_links_to_target":""},"product_brand":[],"product_cat":[1181,1131,1130],"product_tag":[884,1024,1025],"class_list":{"0":"post-30637","1":"product","2":"type-product","3":"status-publish","4":"has-post-thumbnail","6":"product_cat-bannieres","7":"product_cat-design-fr","8":"product_cat-design-web","9":"product_tag-custom-banner","10":"product_tag-standard-banner","11":"product_tag-web-banner","13":"first","14":"instock","15":"shipping-taxable","16":"product-type-external"},"composite_virtual":false,"composite_layout":"","composite_add_to_cart_form_location":"","composite_editable_in_cart":false,"composite_sold_individually_context":"","composite_shop_price_calc":"","composite_components":[],"composite_scenarios":[],"_links":{"self":[{"href":"https:\/\/www.lowcostwebagency.com\/fr\/wp-json\/wp\/v2\/product\/30637","targetHints":{"allow":["GET"]}}],"collection":[{"href":"https:\/\/www.lowcostwebagency.com\/fr\/wp-json\/wp\/v2\/product"}],"about":[{"href":"https:\/\/www.lowcostwebagency.com\/fr\/wp-json\/wp\/v2\/types\/product"}],"wp:featuredmedia":[{"embeddable":true,"href":"https:\/\/www.lowcostwebagency.com\/fr\/wp-json\/wp\/v2\/media\/31709"}],"wp:attachment":[{"href":"https:\/\/www.lowcostwebagency.com\/fr\/wp-json\/wp\/v2\/media?parent=30637"}],"wp:term":[{"taxonomy":"product_brand","embeddable":true,"href":"https:\/\/www.lowcostwebagency.com\/fr\/wp-json\/wp\/v2\/product_brand?post=30637"},{"taxonomy":"product_cat","embeddable":true,"href":"https:\/\/www.lowcostwebagency.com\/fr\/wp-json\/wp\/v2\/product_cat?post=30637"},{"taxonomy":"product_tag","embeddable":true,"href":"https:\/\/www.lowcostwebagency.com\/fr\/wp-json\/wp\/v2\/product_tag?post=30637"}],"curies":[{"name":"wp","href":"https:\/\/api.w.org\/{rel}","templated":true}]}}