{"id":30642,"date":"2018-05-29T04:02:21","date_gmt":"2018-05-29T04:02:21","guid":{"rendered":"http:\/\/lowcostwebagency.com\/?post_type=product&#038;p=30642"},"modified":"2022-05-10T08:07:50","modified_gmt":"2022-05-10T08:07:50","slug":"retouche-photos-detourage","status":"publish","type":"product","link":"https:\/\/www.lowcostwebagency.com\/fr\/retouche-photos-detourage\/","title":{"rendered":"Retouche Photos &#8211; D\u00e9tourage"},"content":{"rendered":"<h2 style=\"text-align: justify;\">Low Cost Web Agency supprime l&rsquo;arri\u00e8re-plan de toute image dont vous avez besoin.<\/h2>\n<h3 style=\"text-align: justify;\">Utilisez votre image comme vous voulez avec le fond de votre choix ou pas de fond du tout\u2026 Enti\u00e8rement transparent ou color\u00e9.<\/h3>\n<p style=\"text-align: justify;\">Principalement, les professionnels choisissent de supprimer l&rsquo;arri\u00e8re-plan de leur photo originale pour obtenir une excellente qualit\u00e9. Diff\u00e9rents choix pour votre nouveau fond sont disponibles : transparent, blanc, noir ou vert ou toute autre couleur que vous souhaitez. De plus, vous pouvez nous fournir un contexte sp\u00e9cifique. Par exemple, au dos de votre photo, nous pouvons ajouter un b\u00e2timent commercial ou des cocotiers en fonction de l&rsquo;objectif que vous poursuivez. Dans le cas d&rsquo;un arri\u00e8re-plan sp\u00e9cifique, vous devez nous fournir l&rsquo;image correspondante.<\/p>\n<p style=\"text-align: justify;\">Notre designer senior vous assurera le meilleur r\u00e9sultat en prenant soin de chaque d\u00e9tail de votre photo. Cela ne vous permettra d&rsquo;obtenir la meilleure qualit\u00e9 que lorsque vous voudrez int\u00e9grer un nouveau fond sp\u00e9cifique.<\/p>\n<p style=\"text-align: justify;\">Remarques : veuillez ajouter dans votre panier le m\u00eame nombre d&rsquo;articles que le nombre d&rsquo;images dont vous avez besoin pour travailler et sp\u00e9cifiez le type de fond que vous souhaitez obtenir (transparent ; noir ; blanc, color\u00e9 ou fond sp\u00e9cifique).<\/p>\n<p style=\"text-align: justify;\">Sur la base de l&rsquo;image, nous d\u00e9finissons un niveau de difficult\u00e9 qui nous permet d&rsquo;estimer le prix et le temps de travail n\u00e9cessaire pour produire votre image. Essayez d&rsquo;\u00eatre le plus objectif possible lorsque vous s\u00e9lectionnez le niveau de difficult\u00e9.<\/p>\n<p style=\"text-align: justify;\">Eh bien, qu&rsquo;attendez-vous ? Achetez maintenant !<\/p>\n<div class=\"fusion-fullwidth fullwidth-box fusion-builder-row-1 fusion-flex-container hundred-percent-fullwidth non-hundred-percent-height-scrolling\" style=\"--awb-border-radius-top-left:0px;--awb-border-radius-top-right:0px;--awb-border-radius-bottom-right:0px;--awb-border-radius-bottom-left:0px;--awb-overflow:visible;--awb-flex-wrap:wrap;\" ><div class=\"fusion-builder-row fusion-row fusion-flex-align-items-flex-start fusion-flex-content-wrap\" style=\"width:calc( 100% + 0px ) !important;max-width:calc( 100% + 0px ) !important;margin-left: calc(-0px \/ 2 );margin-right: calc(-0px \/ 2 );\"><div class=\"fusion-layout-column fusion_builder_column fusion-builder-column-0 fusion_builder_column_1_1 1_1 fusion-flex-column fusion-flex-align-self-flex-start fusion-column-no-min-height\" style=\"--awb-bg-size:cover;--awb-width-large:100%;--awb-margin-top-large:0px;--awb-spacing-right-large:0px;--awb-margin-bottom-large:0px;--awb-spacing-left-large:0px;--awb-width-medium:100%;--awb-spacing-right-medium:0px;--awb-spacing-left-medium:0px;--awb-width-small:100%;--awb-spacing-right-small:0px;--awb-spacing-left-small:0px;\"><div class=\"fusion-column-wrapper fusion-flex-justify-content-flex-start fusion-content-layout-column\">\n<table id=\"tablepress-10\" class=\"tablepress tablepress-id-10\">\n<thead>\n<tr class=\"row-1\">\n\t<th class=\"column-1\">COMPLEXITE IMAGE<\/th><th class=\"column-2\">EXEMPLE 1<\/th><th class=\"column-3\">EXEMPLE 2<\/th><th class=\"column-4\">EXEMPLE 3<\/th>\n<\/tr>\n<\/thead>\n<tbody class=\"row-striping row-hover\">\n<tr class=\"row-2\">\n\t<td class=\"column-1\"><p style=\"font-size: 150%; padding: 100px;\">FACILE<\/p><\/td><td class=\"column-2\"><img decoding=\"async\" src=\"https:\/\/www.lowcostwebagency.com\/wp-content\/uploads\/2017\/02\/easy2.jpg\" alt=\"\" width=\"300\" height=\"300\" class=\"alignnone size-full wp-image-28342\" title=\"\" srcset=\"https:\/\/www.lowcostwebagency.com\/wp-content\/uploads\/2017\/02\/easy2-66x66.jpg 66w, https:\/\/www.lowcostwebagency.com\/wp-content\/uploads\/2017\/02\/easy2-100x100.jpg 100w, https:\/\/www.lowcostwebagency.com\/wp-content\/uploads\/2017\/02\/easy2-150x150.jpg 150w, https:\/\/www.lowcostwebagency.com\/wp-content\/uploads\/2017\/02\/easy2-200x200.jpg 200w, https:\/\/www.lowcostwebagency.com\/wp-content\/uploads\/2017\/02\/easy2.jpg 300w\" sizes=\"(max-width: 300px) 100vw, 300px\" \/><\/td><td class=\"column-3\"><img decoding=\"async\" src=\"https:\/\/www.lowcostwebagency.com\/wp-content\/uploads\/2017\/02\/easy3.jpg\" alt=\"\" width=\"300\" height=\"300\" class=\"alignnone size-full wp-image-28341\" title=\"\" srcset=\"https:\/\/www.lowcostwebagency.com\/wp-content\/uploads\/2017\/02\/easy3-66x66.jpg 66w, https:\/\/www.lowcostwebagency.com\/wp-content\/uploads\/2017\/02\/easy3-100x100.jpg 100w, https:\/\/www.lowcostwebagency.com\/wp-content\/uploads\/2017\/02\/easy3-150x150.jpg 150w, https:\/\/www.lowcostwebagency.com\/wp-content\/uploads\/2017\/02\/easy3-200x200.jpg 200w, https:\/\/www.lowcostwebagency.com\/wp-content\/uploads\/2017\/02\/easy3.jpg 300w\" sizes=\"(max-width: 300px) 100vw, 300px\" \/><\/td><td class=\"column-4\"><img decoding=\"async\" src=\"https:\/\/www.lowcostwebagency.com\/wp-content\/uploads\/2017\/02\/easy1.jpg\" alt=\"\" width=\"300\" height=\"300\" class=\"alignnone size-full wp-image-28340\" img title=\"\" srcset=\"https:\/\/www.lowcostwebagency.com\/wp-content\/uploads\/2017\/02\/easy1-66x66.jpg 66w, https:\/\/www.lowcostwebagency.com\/wp-content\/uploads\/2017\/02\/easy1-100x100.jpg 100w, https:\/\/www.lowcostwebagency.com\/wp-content\/uploads\/2017\/02\/easy1-150x150.jpg 150w, https:\/\/www.lowcostwebagency.com\/wp-content\/uploads\/2017\/02\/easy1-200x200.jpg 200w, https:\/\/www.lowcostwebagency.com\/wp-content\/uploads\/2017\/02\/easy1.jpg 300w\" sizes=\"(max-width: 300px) 100vw, 300px\" \/><\/td>\n<\/tr>\n<tr class=\"row-3\">\n\t<td class=\"column-1\"><p style=\"font-size: 150%; padding: 100px;\">MOYEN<\/p><\/td><td class=\"column-2\"><img decoding=\"async\" src=\"https:\/\/www.lowcostwebagency.com\/wp-content\/uploads\/2017\/02\/med1-1.jpg\" alt=\"\" width=\"300\" height=\"300\" class=\"alignnone size-full wp-image-28359\" title=\"\" srcset=\"https:\/\/www.lowcostwebagency.com\/wp-content\/uploads\/2017\/02\/med1-1-66x66.jpg 66w, https:\/\/www.lowcostwebagency.com\/wp-content\/uploads\/2017\/02\/med1-1-100x100.jpg 100w, https:\/\/www.lowcostwebagency.com\/wp-content\/uploads\/2017\/02\/med1-1-150x150.jpg 150w, https:\/\/www.lowcostwebagency.com\/wp-content\/uploads\/2017\/02\/med1-1-200x200.jpg 200w, https:\/\/www.lowcostwebagency.com\/wp-content\/uploads\/2017\/02\/med1-1.jpg 300w\" sizes=\"(max-width: 300px) 100vw, 300px\" \/><\/td><td class=\"column-3\"><img decoding=\"async\" src=\"https:\/\/www.lowcostwebagency.com\/wp-content\/uploads\/2017\/02\/med2.jpg\" alt=\"\" width=\"300\" height=\"300\" class=\"alignleft size-full wp-image-28353\" title=\"\" srcset=\"https:\/\/www.lowcostwebagency.com\/wp-content\/uploads\/2017\/02\/med2-66x66.jpg 66w, https:\/\/www.lowcostwebagency.com\/wp-content\/uploads\/2017\/02\/med2-100x100.jpg 100w, https:\/\/www.lowcostwebagency.com\/wp-content\/uploads\/2017\/02\/med2-150x150.jpg 150w, https:\/\/www.lowcostwebagency.com\/wp-content\/uploads\/2017\/02\/med2-200x200.jpg 200w, https:\/\/www.lowcostwebagency.com\/wp-content\/uploads\/2017\/02\/med2.jpg 300w\" sizes=\"(max-width: 300px) 100vw, 300px\" \/><\/td><td class=\"column-4\"><img decoding=\"async\" src=\"https:\/\/www.lowcostwebagency.com\/wp-content\/uploads\/2017\/02\/med3-1.jpg\" alt=\"\" width=\"300\" height=\"300\" class=\"alignnone size-full wp-image-28360\" title=\"\" srcset=\"https:\/\/www.lowcostwebagency.com\/wp-content\/uploads\/2017\/02\/med3-1-66x66.jpg 66w, https:\/\/www.lowcostwebagency.com\/wp-content\/uploads\/2017\/02\/med3-1-100x100.jpg 100w, https:\/\/www.lowcostwebagency.com\/wp-content\/uploads\/2017\/02\/med3-1-150x150.jpg 150w, https:\/\/www.lowcostwebagency.com\/wp-content\/uploads\/2017\/02\/med3-1-200x200.jpg 200w, https:\/\/www.lowcostwebagency.com\/wp-content\/uploads\/2017\/02\/med3-1.jpg 300w\" sizes=\"(max-width: 300px) 100vw, 300px\" \/><\/td>\n<\/tr>\n<tr class=\"row-4\">\n\t<td class=\"column-1\"><p style=\"font-size: 150%; padding: 100px;\">DIFFICILE<\/p><\/td><td class=\"column-2\"><img decoding=\"async\" src=\"https:\/\/www.lowcostwebagency.com\/wp-content\/uploads\/2017\/02\/diff3-1.jpg\" alt=\"\" width=\"300\" height=\"300\" class=\"alignnone size-full wp-image-28358\" title=\"\" srcset=\"https:\/\/www.lowcostwebagency.com\/wp-content\/uploads\/2017\/02\/diff3-1-66x66.jpg 66w, https:\/\/www.lowcostwebagency.com\/wp-content\/uploads\/2017\/02\/diff3-1-100x100.jpg 100w, https:\/\/www.lowcostwebagency.com\/wp-content\/uploads\/2017\/02\/diff3-1-150x150.jpg 150w, https:\/\/www.lowcostwebagency.com\/wp-content\/uploads\/2017\/02\/diff3-1-200x200.jpg 200w, https:\/\/www.lowcostwebagency.com\/wp-content\/uploads\/2017\/02\/diff3-1.jpg 300w\" sizes=\"(max-width: 300px) 100vw, 300px\" \/><\/td><td class=\"column-3\"><img decoding=\"async\" src=\"https:\/\/www.lowcostwebagency.com\/wp-content\/uploads\/2017\/02\/diff2.jpg\" alt=\"\" width=\"300\" height=\"300\" class=\"alignleft size-full wp-image-28350\" title=\"\" srcset=\"https:\/\/www.lowcostwebagency.com\/wp-content\/uploads\/2017\/02\/diff2-66x66.jpg 66w, https:\/\/www.lowcostwebagency.com\/wp-content\/uploads\/2017\/02\/diff2-100x100.jpg 100w, https:\/\/www.lowcostwebagency.com\/wp-content\/uploads\/2017\/02\/diff2-150x150.jpg 150w, https:\/\/www.lowcostwebagency.com\/wp-content\/uploads\/2017\/02\/diff2-200x200.jpg 200w, https:\/\/www.lowcostwebagency.com\/wp-content\/uploads\/2017\/02\/diff2.jpg 300w\" sizes=\"(max-width: 300px) 100vw, 300px\" \/><\/td><td class=\"column-4\"><img decoding=\"async\" src=\"https:\/\/www.lowcostwebagency.com\/wp-content\/uploads\/2017\/02\/diff1-1.jpg\" alt=\"\" width=\"300\" height=\"300\" class=\"alignnone size-full wp-image-28357\" title=\"\" srcset=\"https:\/\/www.lowcostwebagency.com\/wp-content\/uploads\/2017\/02\/diff1-1-66x66.jpg 66w, https:\/\/www.lowcostwebagency.com\/wp-content\/uploads\/2017\/02\/diff1-1-100x100.jpg 100w, https:\/\/www.lowcostwebagency.com\/wp-content\/uploads\/2017\/02\/diff1-1-150x150.jpg 150w, https:\/\/www.lowcostwebagency.com\/wp-content\/uploads\/2017\/02\/diff1-1-200x200.jpg 200w, https:\/\/www.lowcostwebagency.com\/wp-content\/uploads\/2017\/02\/diff1-1.jpg 300w\" sizes=\"(max-width: 300px) 100vw, 300px\" \/><\/td>\n<\/tr>\n<\/tbody>\n<\/table>\n<!-- #tablepress-10 from cache --><\/div><\/div><\/div><\/div>\n","protected":false},"excerpt":{"rendered":"<p style=\"text-align: justify;\">Low Cost Web Agency supprime l&rsquo;arri\u00e8re-plan de vos images. Des images de haute qualit\u00e9 vous aideront \u00e0 augmenter vos taux de conversion, vos ventes, la valeur de votre marque et \u00e0 all\u00e9ger vos fichiers. La plupart de nos clients int\u00e9ress\u00e9s par nos services de suppression d&rsquo;arri\u00e8re-plan sont des propri\u00e9taires de site de commerce \u00e9lectronique qui cherchent \u00e0 ins\u00e9rer dans leur site Web uniquement des images de produits de la meilleure qualit\u00e9 possible afin de disposer d&rsquo;un site tr\u00e8s pro. Notre service est du sur-mesure. Nous n&rsquo;utilisons aucun logiciel automatique afin de fournir une excellente qualit\u00e9.<\/p>\n","protected":false},"featured_media":31705,"template":"","meta":{"_links_to":"","_links_to_target":""},"product_brand":[],"product_cat":[1131,1130,1150],"product_tag":[1017,1018,1020,1019,56],"class_list":{"0":"post-30642","1":"product","2":"type-product","3":"status-publish","4":"has-post-thumbnail","6":"product_cat-design-fr","7":"product_cat-design-web","8":"product_cat-edition-dimages-docs","9":"product_tag-photo-editing","10":"product_tag-remove-background","11":"product_tag-specific-background","12":"product_tag-transparent","13":"product_tag-white","15":"first","16":"instock","17":"shipping-taxable","18":"purchasable","19":"product-type-simple"},"composite_virtual":false,"composite_layout":"","composite_add_to_cart_form_location":"","composite_editable_in_cart":false,"composite_sold_individually_context":"","composite_shop_price_calc":"","composite_components":[],"composite_scenarios":[],"_links":{"self":[{"href":"https:\/\/www.lowcostwebagency.com\/fr\/wp-json\/wp\/v2\/product\/30642","targetHints":{"allow":["GET"]}}],"collection":[{"href":"https:\/\/www.lowcostwebagency.com\/fr\/wp-json\/wp\/v2\/product"}],"about":[{"href":"https:\/\/www.lowcostwebagency.com\/fr\/wp-json\/wp\/v2\/types\/product"}],"wp:featuredmedia":[{"embeddable":true,"href":"https:\/\/www.lowcostwebagency.com\/fr\/wp-json\/wp\/v2\/media\/31705"}],"wp:attachment":[{"href":"https:\/\/www.lowcostwebagency.com\/fr\/wp-json\/wp\/v2\/media?parent=30642"}],"wp:term":[{"taxonomy":"product_brand","embeddable":true,"href":"https:\/\/www.lowcostwebagency.com\/fr\/wp-json\/wp\/v2\/product_brand?post=30642"},{"taxonomy":"product_cat","embeddable":true,"href":"https:\/\/www.lowcostwebagency.com\/fr\/wp-json\/wp\/v2\/product_cat?post=30642"},{"taxonomy":"product_tag","embeddable":true,"href":"https:\/\/www.lowcostwebagency.com\/fr\/wp-json\/wp\/v2\/product_tag?post=30642"}],"curies":[{"name":"wp","href":"https:\/\/api.w.org\/{rel}","templated":true}]}}