{"id":30644,"date":"2018-05-29T04:09:46","date_gmt":"2018-05-29T04:09:46","guid":{"rendered":"http:\/\/lowcostwebagency.com\/?post_type=product&#038;p=30644"},"modified":"2022-05-10T08:08:48","modified_gmt":"2022-05-10T08:08:48","slug":"retouche-photos-elimination-des-defauts","status":"publish","type":"product","link":"https:\/\/www.lowcostwebagency.com\/fr\/retouche-photos-elimination-des-defauts\/","title":{"rendered":"Retouche Photos \u00c9limination des d\u00e9fauts"},"content":{"rendered":"<h2 style=\"text-align: justify;\">Low Cost Web Agency supprime les d\u00e9fauts de vos images.<\/h2>\n<p style=\"text-align: justify;\">Nous modifierons votre image pour supprimer tout objet ou anomalie qui se glisse \u00e0 l&rsquo;int\u00e9rieur. Nous retouchons tout ce dont vous avez besoin sur une photo. Il vous suffit de nous faire part de la modification exacte que vous souhaitez et nous ferons le reste.<\/p>\n<p style=\"text-align: justify;\">Afin d&rsquo;obtenir exactement ce que vous voulez, dans certains cas nous pouvons utiliser un outil de suivi visuel pour interagir avec vous.<\/p>\n<p style=\"text-align: justify;\">A partir de votre image, nous d\u00e9finissons le niveau de difficult\u00e9 qui nous permet d&rsquo;estimer le temps de travail n\u00e9cessaire \u00e0 la production de votre image. Essayez d&rsquo;\u00eatre le plus objectif possible lorsque vous d\u00e9finissez le niveau de difficult\u00e9. En cas de doute, contactez-nous.<\/p>\n<h3 style=\"text-align: justify;\">Eh bien, achetez maintenant !<\/h3>\n<h4>Vous souhaitez d\u00e9tourer vos photos, enlever l&rsquo;arri\u00e8re-plan, consultez notre <a href=\"\/fr\/product\/retouche-photos-detourage\/\" rel=\"\">service de d\u00e9tourage Low Cost de photos<\/a>.<\/h4>\n<p style=\"text-align: justify;\"><div class=\"fusion-fullwidth fullwidth-box fusion-builder-row-1 fusion-flex-container hundred-percent-fullwidth non-hundred-percent-height-scrolling\" style=\"--awb-border-radius-top-left:0px;--awb-border-radius-top-right:0px;--awb-border-radius-bottom-right:0px;--awb-border-radius-bottom-left:0px;--awb-overflow:visible;--awb-flex-wrap:wrap;\" ><div class=\"fusion-builder-row fusion-row fusion-flex-align-items-flex-start fusion-flex-content-wrap\" style=\"width:calc( 100% + 0px ) !important;max-width:calc( 100% + 0px ) !important;margin-left: calc(-0px \/ 2 );margin-right: calc(-0px \/ 2 );\"><div class=\"fusion-layout-column fusion_builder_column fusion-builder-column-0 fusion_builder_column_1_1 1_1 fusion-flex-column fusion-flex-align-self-flex-start fusion-column-no-min-height\" style=\"--awb-bg-size:cover;--awb-width-large:100%;--awb-margin-top-large:0px;--awb-spacing-right-large:0px;--awb-margin-bottom-large:0px;--awb-spacing-left-large:0px;--awb-width-medium:100%;--awb-spacing-right-medium:0px;--awb-spacing-left-medium:0px;--awb-width-small:100%;--awb-spacing-right-small:0px;--awb-spacing-left-small:0px;\"><div class=\"fusion-column-wrapper fusion-flex-justify-content-flex-start fusion-content-layout-column\">\n<table id=\"tablepress-11\" class=\"tablepress tablepress-id-11 removedefault\">\n<thead>\n<tr class=\"row-1\">\n\t<th class=\"column-1\">COMPLEXITE DE L'IMAGE<\/th><th class=\"column-2\">AVANT<\/th><th class=\"column-3\">APRES<\/th>\n<\/tr>\n<\/thead>\n<tbody class=\"row-striping row-hover\">\n<tr class=\"row-2\">\n\t<td class=\"column-1\"><p style=\"font-size: 150%; padding: 100px;\">EASY<\/p><\/td><td class=\"column-2\"><img decoding=\"async\" src=\"https:\/\/www.lowcostwebagency.com\/wp-content\/uploads\/2017\/02\/eas1.jpg\" alt=\"\" width=\"300\" height=\"300\" class=\"alignleft size-full wp-image-28413\" title=\"\" srcset=\"https:\/\/www.lowcostwebagency.com\/wp-content\/uploads\/2017\/02\/eas1-66x66.jpg 66w, https:\/\/www.lowcostwebagency.com\/wp-content\/uploads\/2017\/02\/eas1-100x100.jpg 100w, https:\/\/www.lowcostwebagency.com\/wp-content\/uploads\/2017\/02\/eas1-150x150.jpg 150w, https:\/\/www.lowcostwebagency.com\/wp-content\/uploads\/2017\/02\/eas1-200x200.jpg 200w, https:\/\/www.lowcostwebagency.com\/wp-content\/uploads\/2017\/02\/eas1.jpg 300w\" sizes=\"(max-width: 300px) 100vw, 300px\" \/><\/td><td class=\"column-3\"><img decoding=\"async\" src=\"https:\/\/www.lowcostwebagency.com\/wp-content\/uploads\/2017\/02\/eas1edit.jpg\" alt=\"\" width=\"300\" height=\"300\" class=\"alignleft size-full wp-image-28414\" title=\"\" srcset=\"https:\/\/www.lowcostwebagency.com\/wp-content\/uploads\/2017\/02\/eas1edit-66x66.jpg 66w, https:\/\/www.lowcostwebagency.com\/wp-content\/uploads\/2017\/02\/eas1edit-100x100.jpg 100w, https:\/\/www.lowcostwebagency.com\/wp-content\/uploads\/2017\/02\/eas1edit-150x150.jpg 150w, https:\/\/www.lowcostwebagency.com\/wp-content\/uploads\/2017\/02\/eas1edit-200x200.jpg 200w, https:\/\/www.lowcostwebagency.com\/wp-content\/uploads\/2017\/02\/eas1edit.jpg 300w\" sizes=\"(max-width: 300px) 100vw, 300px\" \/><\/td>\n<\/tr>\n<tr class=\"row-3\">\n\t<td class=\"column-1\"><p style=\"font-size: 150%; padding: 100px;\">MEDIUM<\/p><\/td><td class=\"column-2\"><img decoding=\"async\" src=\"https:\/\/www.lowcostwebagency.com\/wp-content\/uploads\/2017\/02\/med1-2.jpg\" alt=\"\" width=\"300\" height=\"300\" class=\"alignleft size-full wp-image-28426\" title=\"\" srcset=\"https:\/\/www.lowcostwebagency.com\/wp-content\/uploads\/2017\/02\/med1-2-66x66.jpg 66w, https:\/\/www.lowcostwebagency.com\/wp-content\/uploads\/2017\/02\/med1-2-100x100.jpg 100w, https:\/\/www.lowcostwebagency.com\/wp-content\/uploads\/2017\/02\/med1-2-150x150.jpg 150w, https:\/\/www.lowcostwebagency.com\/wp-content\/uploads\/2017\/02\/med1-2-200x200.jpg 200w, https:\/\/www.lowcostwebagency.com\/wp-content\/uploads\/2017\/02\/med1-2.jpg 300w\" sizes=\"(max-width: 300px) 100vw, 300px\" \/><\/td><td class=\"column-3\"><img decoding=\"async\" src=\"https:\/\/www.lowcostwebagency.com\/wp-content\/uploads\/2017\/02\/med1edit-1.jpg\" alt=\"\" width=\"300\" height=\"300\" class=\"alignleft size-full wp-image-28427\" title=\"\" srcset=\"https:\/\/www.lowcostwebagency.com\/wp-content\/uploads\/2017\/02\/med1edit-1-66x66.jpg 66w, https:\/\/www.lowcostwebagency.com\/wp-content\/uploads\/2017\/02\/med1edit-1-100x100.jpg 100w, https:\/\/www.lowcostwebagency.com\/wp-content\/uploads\/2017\/02\/med1edit-1-150x150.jpg 150w, https:\/\/www.lowcostwebagency.com\/wp-content\/uploads\/2017\/02\/med1edit-1-200x200.jpg 200w, https:\/\/www.lowcostwebagency.com\/wp-content\/uploads\/2017\/02\/med1edit-1.jpg 300w\" sizes=\"(max-width: 300px) 100vw, 300px\" \/><\/td>\n<\/tr>\n<tr class=\"row-4\">\n\t<td class=\"column-1\"><p style=\"font-size: 150%; padding: 100px;\">DIFFICULT<\/p><\/td><td class=\"column-2\"><img decoding=\"async\" src=\"https:\/\/www.lowcostwebagency.com\/wp-content\/uploads\/2017\/02\/diffedit.jpg\" alt=\"\" width=\"300\" height=\"300\" class=\"alignleft size-full wp-image-28437\" title=\"\" srcset=\"https:\/\/www.lowcostwebagency.com\/wp-content\/uploads\/2017\/02\/diffedit-66x66.jpg 66w, https:\/\/www.lowcostwebagency.com\/wp-content\/uploads\/2017\/02\/diffedit-100x100.jpg 100w, https:\/\/www.lowcostwebagency.com\/wp-content\/uploads\/2017\/02\/diffedit-150x150.jpg 150w, https:\/\/www.lowcostwebagency.com\/wp-content\/uploads\/2017\/02\/diffedit-200x200.jpg 200w, https:\/\/www.lowcostwebagency.com\/wp-content\/uploads\/2017\/02\/diffedit.jpg 300w\" sizes=\"(max-width: 300px) 100vw, 300px\" \/><\/td><td class=\"column-3\"><img decoding=\"async\" src=\"https:\/\/www.lowcostwebagency.com\/wp-content\/uploads\/2017\/02\/diff1edit.jpg\" alt=\"\" width=\"300\" height=\"300\" class=\"alignleft size-full wp-image-28436\" title=\"\" srcset=\"https:\/\/www.lowcostwebagency.com\/wp-content\/uploads\/2017\/02\/diff1edit-66x66.jpg 66w, https:\/\/www.lowcostwebagency.com\/wp-content\/uploads\/2017\/02\/diff1edit-100x100.jpg 100w, https:\/\/www.lowcostwebagency.com\/wp-content\/uploads\/2017\/02\/diff1edit-150x150.jpg 150w, https:\/\/www.lowcostwebagency.com\/wp-content\/uploads\/2017\/02\/diff1edit-200x200.jpg 200w, https:\/\/www.lowcostwebagency.com\/wp-content\/uploads\/2017\/02\/diff1edit.jpg 300w\" sizes=\"(max-width: 300px) 100vw, 300px\" \/><\/td>\n<\/tr>\n<\/tbody>\n<\/table>\n\n<\/div><\/div><\/div><\/div><\/p>\n","protected":false},"excerpt":{"rendered":"<h3>Service de retouche d&rsquo;images Low Cost<\/h3>\n<p style=\"text-align: justify;\">Low Cost Web Agency peut modifier n&rsquo;importe quel \u00e9l\u00e9ment sur une image et corriger ses d\u00e9fauts. Il vous suffit de nous indiquer le nombre d&rsquo;image que vous souhaitez modifier et la difficult\u00e9 des modifications en utilisant le r\u00e9f\u00e9rentiel ci-dessous et le prix de notre service de retouche d&rsquo;image Low Cost sera calcul\u00e9 automatiquement.<\/p>\n","protected":false},"featured_media":31703,"template":"","meta":{"_links_to":"","_links_to_target":""},"product_brand":[],"product_cat":[1131,1130,1150],"product_tag":[1014,1017,1016,1015],"class_list":{"0":"post-30644","1":"product","2":"type-product","3":"status-publish","4":"has-post-thumbnail","6":"product_cat-design-fr","7":"product_cat-design-web","8":"product_cat-edition-dimages-docs","9":"product_tag-anomaly","10":"product_tag-photo-editing","11":"product_tag-remove-default","12":"product_tag-visual-tracking-tool","14":"first","15":"instock","16":"shipping-taxable","17":"purchasable","18":"product-type-simple"},"composite_virtual":false,"composite_layout":"","composite_add_to_cart_form_location":"","composite_editable_in_cart":false,"composite_sold_individually_context":"","composite_shop_price_calc":"","composite_components":[],"composite_scenarios":[],"_links":{"self":[{"href":"https:\/\/www.lowcostwebagency.com\/fr\/wp-json\/wp\/v2\/product\/30644","targetHints":{"allow":["GET"]}}],"collection":[{"href":"https:\/\/www.lowcostwebagency.com\/fr\/wp-json\/wp\/v2\/product"}],"about":[{"href":"https:\/\/www.lowcostwebagency.com\/fr\/wp-json\/wp\/v2\/types\/product"}],"wp:featuredmedia":[{"embeddable":true,"href":"https:\/\/www.lowcostwebagency.com\/fr\/wp-json\/wp\/v2\/media\/31703"}],"wp:attachment":[{"href":"https:\/\/www.lowcostwebagency.com\/fr\/wp-json\/wp\/v2\/media?parent=30644"}],"wp:term":[{"taxonomy":"product_brand","embeddable":true,"href":"https:\/\/www.lowcostwebagency.com\/fr\/wp-json\/wp\/v2\/product_brand?post=30644"},{"taxonomy":"product_cat","embeddable":true,"href":"https:\/\/www.lowcostwebagency.com\/fr\/wp-json\/wp\/v2\/product_cat?post=30644"},{"taxonomy":"product_tag","embeddable":true,"href":"https:\/\/www.lowcostwebagency.com\/fr\/wp-json\/wp\/v2\/product_tag?post=30644"}],"curies":[{"name":"wp","href":"https:\/\/api.w.org\/{rel}","templated":true}]}}