{"id":30646,"date":"2018-05-29T04:26:15","date_gmt":"2018-05-29T04:26:15","guid":{"rendered":"http:\/\/lowcostwebagency.com\/?post_type=product&#038;p=30646"},"modified":"2022-05-10T08:09:25","modified_gmt":"2022-05-10T08:09:25","slug":"de-jpg-a-format-vectoriel","status":"publish","type":"product","link":"https:\/\/www.lowcostwebagency.com\/fr\/de-jpg-a-format-vectoriel\/","title":{"rendered":"De Jpg \u00e0 Format Vectoriel"},"content":{"rendered":"<h2 style=\"text-align: justify;\">Low Cost Web Agency vous fournira des images vectorielles Low Cost \u00e0 partir des images JPG que vous nous fournissez.<\/h2>\n<h3 style=\"text-align: justify;\">L&rsquo;utilisation du format vectoriel est n\u00e9cessaire pour modifier votre image, la retoucher, la redimensionner ou la d\u00e9cliner dans de nouvelles versions.<\/h3>\n<p style=\"text-align: justify;\">Un format vectoriel et le meilleur format pour travailler vos images sans sacrifier leurs qualit\u00e9s. Le format vecteur peut etre propos\u00e9 sous diff\u00e9rents types de fichiers tels que | .ai | .eps | .psd | svg. Nous vous conseillons d&rsquo;utiliser syst\u00e9matiquement un format vectoriel pour cr\u00e9er des cr\u00e9ations graphiques tels que votre logo d&rsquo;entreprise, votre banni\u00e8re publicitaire, l\u2019en-t\u00eate de votre site Web, les bandeaux de vos r\u00e9seaux sociaux. De plus, les images JPG ne sont pas modifiables alors que les images vectorielles permettent la modification (couleurs, texte, dimension.) et l&rsquo;am\u00e9lioration et l&rsquo;optimisation de la qualit\u00e9 de l&rsquo;image.<\/p>\n<p style=\"text-align: justify;\">Low Cost Web Agency vous fournit toute son expertise pour transformer le fichier <a href=\"https:\/\/www.lowcostwebagency.com\/fr\/design-de-logo\/\">de votre logo<\/a> ou tout autre design en fichier vectoriel. En nous choisissant, vos fichiers seront produits par notre designer senior afin de vous fournir la meilleure qualit\u00e9.<\/p>\n<h3 style=\"text-align: justify;\">Eh bien, contactez-nous maintenant !<\/h3>\n","protected":false},"excerpt":{"rendered":"<p style=\"text-align: justify;\">Vous avez une image ou un logo que vous voulez utiliser pour une impression, mais ce n&rsquo;est pas possible parce que vous n&rsquo;avez qu&rsquo;une version Jpg de votre Logo ? Vous avez une image que vous souhaitez redimensionner sans la d\u00e9former, alors vous avez besoin d&rsquo;un format vectoriel et Low Cost Web Agency peut vous aider \u00e0 moindre cout.<\/p>\n<p style=\"text-align: justify;\">Low Cost Web Agency transformera manuellement votre Jpeg en un fichier vectoriel qui pourra \u00eatre utilis\u00e9 pour de nombreuses applications !<\/p>\n<h4 style=\"text-align: justify;\">C&rsquo;est pas cher, c&rsquo;est presque gratuit, c&rsquo;est Low Cost Web Agency.<\/h4>\n","protected":false},"featured_media":31701,"template":"","meta":{"_links_to":"","_links_to_target":""},"product_brand":[],"product_cat":[1131,1130,1150],"product_tag":[818,822,823],"class_list":{"0":"post-30646","1":"product","2":"type-product","3":"status-publish","4":"has-post-thumbnail","6":"product_cat-design-fr","7":"product_cat-design-web","8":"product_cat-edition-dimages-docs","9":"product_tag-advertisement-banner","10":"product_tag-jpg-to-vector","11":"product_tag-logo-design","13":"first","14":"instock","15":"shipping-taxable","16":"product-type-external"},"composite_virtual":false,"composite_layout":"","composite_add_to_cart_form_location":"","composite_editable_in_cart":false,"composite_sold_individually_context":"","composite_shop_price_calc":"","composite_components":[],"composite_scenarios":[],"_links":{"self":[{"href":"https:\/\/www.lowcostwebagency.com\/fr\/wp-json\/wp\/v2\/product\/30646","targetHints":{"allow":["GET"]}}],"collection":[{"href":"https:\/\/www.lowcostwebagency.com\/fr\/wp-json\/wp\/v2\/product"}],"about":[{"href":"https:\/\/www.lowcostwebagency.com\/fr\/wp-json\/wp\/v2\/types\/product"}],"wp:featuredmedia":[{"embeddable":true,"href":"https:\/\/www.lowcostwebagency.com\/fr\/wp-json\/wp\/v2\/media\/31701"}],"wp:attachment":[{"href":"https:\/\/www.lowcostwebagency.com\/fr\/wp-json\/wp\/v2\/media?parent=30646"}],"wp:term":[{"taxonomy":"product_brand","embeddable":true,"href":"https:\/\/www.lowcostwebagency.com\/fr\/wp-json\/wp\/v2\/product_brand?post=30646"},{"taxonomy":"product_cat","embeddable":true,"href":"https:\/\/www.lowcostwebagency.com\/fr\/wp-json\/wp\/v2\/product_cat?post=30646"},{"taxonomy":"product_tag","embeddable":true,"href":"https:\/\/www.lowcostwebagency.com\/fr\/wp-json\/wp\/v2\/product_tag?post=30646"}],"curies":[{"name":"wp","href":"https:\/\/api.w.org\/{rel}","templated":true}]}}