{"id":30648,"date":"2018-05-29T04:41:27","date_gmt":"2018-05-29T04:41:27","guid":{"rendered":"http:\/\/lowcostwebagency.com\/?post_type=product&#038;p=30648"},"modified":"2022-05-10T08:10:10","modified_gmt":"2022-05-10T08:10:10","slug":"optimisation-dimages","status":"publish","type":"product","link":"https:\/\/www.lowcostwebagency.com\/fr\/optimisation-dimages\/","title":{"rendered":"Optimisation d&rsquo;images"},"content":{"rendered":"<h2 style=\"text-align: justify;\"><strong>Optimisez le poids de vos images et am\u00e9liorez la performance de votre blog ou de votre site Web.<\/strong><\/h2>\n<h3 style=\"text-align: justify;\">Pourquoi devriez-vous toujours avoir des images optimis\u00e9es ?<\/h3>\n<p style=\"text-align: justify;\">Aujourd&rsquo;hui, l&rsquo;optimisation des images est n\u00e9cessaire dans de nombreux cas. Par exemple, vous devrez redimensionner ou all\u00e9ger vos photos pour diminuer le temps de chargement de votre site web ou de votre blog\u2026 La compression des fichiers doit \u00eatre aussi petite que possible si vous voulez offrir la meilleure exp\u00e9rience utilisateur \u00e0 vos visiteurs lorsqu&rsquo;ils regardent votre site web \u00e0 l&rsquo;aide de n&rsquo;importe quel appareil mobile.<\/p>\n<p style=\"text-align: justify;\">De plus, si vous vendez des produits sur eBay, Amazon, Shopify, Etsy et autres magasins de commerce \u00e9lectronique, on doit vous demander de fournir vos images avec un format sp\u00e9cifique et un poids maximum\u2026<\/p>\n<h3>Pourquoi nous choisir ?<\/h3>\n<p style=\"text-align: justify;\">Low Cost Web Agency optimise vos images une par une et r\u00e9duit leur poids pour atteindre le meilleur r\u00e9sultat sans perdre en qualit\u00e9. Choisissez simplement le nombre de photos que vous voulez optimiser (de 1 \u00e0 1000 photos). Plus vous avez besoin de photos \u00e0 optimiser, plus le prix unitaire est bas.<\/p>\n<p style=\"text-align: justify;\">Attention, ce service n&rsquo;est pas adapt\u00e9 \u00e0 la retouche photo lorsqu&rsquo;il s&rsquo;agit de cr\u00e9ation. Si vous recherchez ce type de service, jetez un coup d&rsquo;oeil \u00e0 nos autres services dans la cat\u00e9gorie Design. Notre \u00e9quipe d&rsquo;assistance est \u00e9galement \u00e0 votre disposition par chat pour vous conseiller dans votre choix.<\/p>\n<p style=\"text-align: justify;\">Eh bien, achetez maintenant !<\/p>\n","protected":false},"excerpt":{"rendered":"<p style=\"text-align: justify;\">La performance de votre site Web dans les classements de recherche est souvent li\u00e9e au temps de chargement de vos pages. Afin de le r\u00e9duire au maximum, vous devrez optimiser le poids de chaque image. Vous pouvez \u00e9galement avoir besoin d&rsquo;images optimis\u00e9es si vous voulez vendre ou montrer vos produits sur des plateformes, comme par exemple Amazon.<\/p>\n","protected":false},"featured_media":31699,"template":"","meta":{"_links_to":"","_links_to_target":""},"product_brand":[],"product_cat":[1131,1130,1150],"product_tag":[842,841,843],"class_list":{"0":"post-30648","1":"product","2":"type-product","3":"status-publish","4":"has-post-thumbnail","6":"product_cat-design-fr","7":"product_cat-design-web","8":"product_cat-edition-dimages-docs","9":"product_tag-design-category","10":"product_tag-images-optimization","11":"product_tag-website-performance","13":"first","14":"instock","15":"shipping-taxable","16":"purchasable","17":"product-type-simple"},"composite_virtual":false,"composite_layout":"","composite_add_to_cart_form_location":"","composite_editable_in_cart":false,"composite_sold_individually_context":"","composite_shop_price_calc":"","composite_components":[],"composite_scenarios":[],"_links":{"self":[{"href":"https:\/\/www.lowcostwebagency.com\/fr\/wp-json\/wp\/v2\/product\/30648","targetHints":{"allow":["GET"]}}],"collection":[{"href":"https:\/\/www.lowcostwebagency.com\/fr\/wp-json\/wp\/v2\/product"}],"about":[{"href":"https:\/\/www.lowcostwebagency.com\/fr\/wp-json\/wp\/v2\/types\/product"}],"wp:featuredmedia":[{"embeddable":true,"href":"https:\/\/www.lowcostwebagency.com\/fr\/wp-json\/wp\/v2\/media\/31699"}],"wp:attachment":[{"href":"https:\/\/www.lowcostwebagency.com\/fr\/wp-json\/wp\/v2\/media?parent=30648"}],"wp:term":[{"taxonomy":"product_brand","embeddable":true,"href":"https:\/\/www.lowcostwebagency.com\/fr\/wp-json\/wp\/v2\/product_brand?post=30648"},{"taxonomy":"product_cat","embeddable":true,"href":"https:\/\/www.lowcostwebagency.com\/fr\/wp-json\/wp\/v2\/product_cat?post=30648"},{"taxonomy":"product_tag","embeddable":true,"href":"https:\/\/www.lowcostwebagency.com\/fr\/wp-json\/wp\/v2\/product_tag?post=30648"}],"curies":[{"name":"wp","href":"https:\/\/api.w.org\/{rel}","templated":true}]}}