{"id":30650,"date":"2018-05-29T05:10:26","date_gmt":"2018-05-29T05:10:26","guid":{"rendered":"http:\/\/lowcostwebagency.com\/?post_type=product&#038;p=30650"},"modified":"2022-05-10T08:10:43","modified_gmt":"2022-05-10T08:10:43","slug":"creation-de-newsletter","status":"publish","type":"product","link":"https:\/\/www.lowcostwebagency.com\/fr\/creation-de-newsletter\/","title":{"rendered":"Cr\u00e9ation de Newsletter"},"content":{"rendered":"<h2 style=\"text-align: justify;\">Low Cost Web Agency \u00e9labore le design de votre newsletter au meilleur prix.<\/h2>\n<h3 style=\"text-align: justify;\">Nous cr\u00e9ons votre newsletter en HTML pour vous donner le meilleur r\u00e9sultat afin de mieux captiver vos clients.<\/h3>\n<p style=\"text-align: justify;\">Un bulletin d&rsquo;information est un outil de marketing puissant utilis\u00e9 pour <strong>\u00e9tablir des relations solides<\/strong> avec vos clients. Habituellement, le client lors de son inscription sur votre site web acceptera de recevoir vos newsletters. Il est temps de montrer votre expertise et de le convaincre de la valeur ajout\u00e9e de votre entreprise. Vous devez garder \u00e0 l&rsquo;esprit que le <strong>marketing par courriel<\/strong> est une merveilleuse fa\u00e7on <strong>d&rsquo;animer votre r\u00e9seau de clients ou de partenaires<\/strong>.<\/p>\n<p style=\"text-align: justify;\">Avec ce service, nous ne fournissons que la conception de la newsletter et son int\u00e9gration \u00e0 votre plateforme. L&rsquo;envoi \u00e0 vos contacts se fera sous votre responsabilit\u00e9. Si vous n&rsquo;utilisez pas de plateforme de newsletter, vous pouvez consulter nos deux produits connexes (Cf. <a href=\"https:\/\/www.lowcostwebagency.com\/fr\/?attachment_id=31631\">Newsletter par campagne<\/a> or <a href=\"https:\/\/www.lowcostwebagency.com\/fr\/?attachment_id=31633\">Newsletter par paiement mensuel<\/a>). Low Cost Web Agency mettra tout son savoir-faire pour cr\u00e9er votre newsletter. En nous choisissant, votre mod\u00e8le de bulletin d&rsquo;information sera produit par notre <strong>designer qualifi\u00e9<\/strong> afin de vous fournir les meilleurs r\u00e9sultats. N&rsquo;attendez pas, achetez-la maintenant et votre prochaine newsletter sera g\u00e9niale !<\/p>\n","protected":false},"excerpt":{"rendered":"<p style=\"text-align: justify;\">Donnez une allure \u00e9l\u00e9gante \u00e0 votre newsletter ! Notre concepteur \u00e9laborera et personnalisera un mod\u00e8le que vous pourrez utiliser facilement pour envoyer votre bulletin d&rsquo;information.<\/p>\n","protected":false},"featured_media":31697,"template":"","meta":{"_links_to":"","_links_to_target":""},"product_brand":[],"product_cat":[1130,1158,1154],"product_tag":[888,893,1006],"class_list":{"0":"post-30650","1":"product","2":"type-product","3":"status-publish","4":"has-post-thumbnail","6":"product_cat-design-web","7":"product_cat-html-design-statique","8":"product_cat-site-web-et-page","9":"product_tag-newsletter-design","10":"product_tag-newsletter-monthly-payment","11":"product_tag-newsletter-per-campaign","13":"first","14":"instock","15":"shipping-taxable","16":"purchasable","17":"product-type-simple"},"composite_virtual":false,"composite_layout":"","composite_add_to_cart_form_location":"","composite_editable_in_cart":false,"composite_sold_individually_context":"","composite_shop_price_calc":"","composite_components":[],"composite_scenarios":[],"_links":{"self":[{"href":"https:\/\/www.lowcostwebagency.com\/fr\/wp-json\/wp\/v2\/product\/30650","targetHints":{"allow":["GET"]}}],"collection":[{"href":"https:\/\/www.lowcostwebagency.com\/fr\/wp-json\/wp\/v2\/product"}],"about":[{"href":"https:\/\/www.lowcostwebagency.com\/fr\/wp-json\/wp\/v2\/types\/product"}],"wp:featuredmedia":[{"embeddable":true,"href":"https:\/\/www.lowcostwebagency.com\/fr\/wp-json\/wp\/v2\/media\/31697"}],"wp:attachment":[{"href":"https:\/\/www.lowcostwebagency.com\/fr\/wp-json\/wp\/v2\/media?parent=30650"}],"wp:term":[{"taxonomy":"product_brand","embeddable":true,"href":"https:\/\/www.lowcostwebagency.com\/fr\/wp-json\/wp\/v2\/product_brand?post=30650"},{"taxonomy":"product_cat","embeddable":true,"href":"https:\/\/www.lowcostwebagency.com\/fr\/wp-json\/wp\/v2\/product_cat?post=30650"},{"taxonomy":"product_tag","embeddable":true,"href":"https:\/\/www.lowcostwebagency.com\/fr\/wp-json\/wp\/v2\/product_tag?post=30650"}],"curies":[{"name":"wp","href":"https:\/\/api.w.org\/{rel}","templated":true}]}}