{"id":30652,"date":"2016-10-27T10:35:11","date_gmt":"2018-05-29T05:27:29","guid":{"rendered":"http:\/\/lowcostwebagency.com\/?post_type=product&#038;p=30652"},"modified":"2022-05-10T06:46:26","modified_gmt":"2022-05-10T06:46:26","slug":"signature-email","status":"publish","type":"product","link":"https:\/\/www.lowcostwebagency.com\/fr\/signature-email\/","title":{"rendered":"Signature Email"},"content":{"rendered":"<h2 style=\"text-align: justify;\">Notre designer expert pr\u00e9pare votre signature Email en HTML pour un prix Low Cost.<\/h2>\n<h3 style=\"text-align: justify;\">Votre signature \u00e9lectronique qui apparait en bas de chacun de vos emails est un outil de promotion de votre marque !<\/h3>\n<p style=\"text-align: justify;\">Les professionnels l&rsquo;utilisent pour signer leurs courriers lorsqu&rsquo;ils \u00e9crivent \u00e0 leurs contacts. Votre signature de courriel, votre signature en bas de votre Email est votre marque de fabrique, un signe distinctif de votre soci\u00e9t\u00e9. Grave \u00e0 votre signature Email Pro, vos employ\u00e9s ou vos collaborateurs sont facilement identifiables et ils v\u00e9hiculent un sens d&rsquo;appartenance fort avec votre soci\u00e9t\u00e9 tout en v\u00e9hiculant une image de haut niveau.<\/p>\n<p style=\"text-align: justify;\">Sur votre messagerie mail professionnelle, vous avez la possibilit\u00e9 de configurer manuellement votre signature. Cependant, vous serez limit\u00e9 en ce qui concerne sa personnalisation. Par exemple, vous ne pouvez pas int\u00e9grer des liens, appel\u00e9s hyperliens, vers votre page Facebook ou vers votre page LinkedIn avec l\u2019affichage des logos de vos r\u00e9seaux sociaux. Seule une signature r\u00e9alis\u00e9 en HTML vous permet d&rsquo;avoir une signature professionnelle. Dites-nous ce que vous d\u00e9sirez et nous l&rsquo;ajoutons dans votre signature !<\/p>\n<p style=\"text-align: justify;\">En plus de toutes les informations (adresse postale, courriel, num\u00e9ro de t\u00e9l\u00e9phone, etc.), nous int\u00e9grerons le logo de votre entreprise. Toutes les images de votre signature sont stock\u00e9es sur notre serveur d\u00e9di\u00e9 et pour une dur\u00e9e illimit\u00e9e. Vous ne payez qu&rsquo;une seule fois. Pas d\u2019abonnement. Si vous n&rsquo;avez toujours pas de Logo, consultez notre produit\u202f! \u00ab\u00a0<a href=\"\/fr\/produit\/design-du-logo\/\">Design de Logo<\/a>\u00ab\u00a0<\/p>\n<p style=\"text-align: justify;\">Ci- dessous un exemple de signature Email HTML Low Cost et pas ch\u00e8re !<\/p>\n<p>&nbsp;<\/p>\n<p><img decoding=\"async\" class=\"aligncenter size-full wp-image-30653\" src=\"https:\/\/www.lowcostwebagency.com\/wp-content\/uploads\/2016\/10\/emailsignature_dummy.png\" alt=\"\" width=\"545\" height=\"431\" title=\"\" srcset=\"https:\/\/www.lowcostwebagency.com\/wp-content\/uploads\/2016\/10\/emailsignature_dummy-120x95.png 120w, https:\/\/www.lowcostwebagency.com\/wp-content\/uploads\/2016\/10\/emailsignature_dummy-200x158.png 200w, https:\/\/www.lowcostwebagency.com\/wp-content\/uploads\/2016\/10\/emailsignature_dummy-300x237.png 300w, https:\/\/www.lowcostwebagency.com\/wp-content\/uploads\/2016\/10\/emailsignature_dummy-400x316.png 400w, https:\/\/www.lowcostwebagency.com\/wp-content\/uploads\/2016\/10\/emailsignature_dummy-500x395.png 500w, https:\/\/www.lowcostwebagency.com\/wp-content\/uploads\/2016\/10\/emailsignature_dummy.png 545w\" sizes=\"(max-width: 545px) 100vw, 545px\" \/><\/p>\n","protected":false},"excerpt":{"rendered":"<p style=\"text-align: justify;\">Pr\u00e8s de 4 milliards de mails sont envoy\u00e9s chaque ann\u00e9e. Vos mails sont un vecteur de communication et un outil que vous utilisez au quotidien. <strong>Low Cost Web Agency <\/strong>vous propose de r\u00e9aliser votre signature professionnelle en HTML et elle sera appos\u00e9e en bas de chacun de vos emails. Ainsi, vous pouvez non seulement, gr\u00e2ce \u00e0 votre signature digitale, promouvoir le site de votre entreprise et vos r\u00e9seaux sociaux, fournir vos informations compl\u00e8tes pour \u00eatre contact\u00e9 par courrier ou par t\u00e9l\u00e9phone, Skype ou WhatsApp, mais aussi vous pouvez utiliser votre signature \u00e9lectronique en HTML pour faire la promotion d&rsquo;un nouveau produit ou d&rsquo;un nouveau service, proposer un code de r\u00e9duction ou encore diffuser un message particulier et personnalis\u00e9.<\/p>\n<p style=\"text-align: justify;\">La signature pour Email pas ch\u00e8re et Low Cost, c&rsquo;est sur Low Cost Web Agency. Achetez-la maintenant !<\/p>\n","protected":false},"featured_media":31695,"template":"","meta":{"_links_to":"","_links_to_target":""},"product_brand":[],"product_cat":[1130,1158,1154],"product_tag":[],"class_list":{"0":"post-30652","1":"product","2":"type-product","3":"status-publish","4":"has-post-thumbnail","6":"product_cat-design-web","7":"product_cat-html-design-statique","8":"product_cat-site-web-et-page","10":"first","11":"instock","12":"shipping-taxable","13":"purchasable","14":"product-type-simple"},"composite_virtual":false,"composite_layout":"","composite_add_to_cart_form_location":"","composite_editable_in_cart":false,"composite_sold_individually_context":"","composite_shop_price_calc":"","composite_components":[],"composite_scenarios":[],"_links":{"self":[{"href":"https:\/\/www.lowcostwebagency.com\/fr\/wp-json\/wp\/v2\/product\/30652","targetHints":{"allow":["GET"]}}],"collection":[{"href":"https:\/\/www.lowcostwebagency.com\/fr\/wp-json\/wp\/v2\/product"}],"about":[{"href":"https:\/\/www.lowcostwebagency.com\/fr\/wp-json\/wp\/v2\/types\/product"}],"wp:featuredmedia":[{"embeddable":true,"href":"https:\/\/www.lowcostwebagency.com\/fr\/wp-json\/wp\/v2\/media\/31695"}],"wp:attachment":[{"href":"https:\/\/www.lowcostwebagency.com\/fr\/wp-json\/wp\/v2\/media?parent=30652"}],"wp:term":[{"taxonomy":"product_brand","embeddable":true,"href":"https:\/\/www.lowcostwebagency.com\/fr\/wp-json\/wp\/v2\/product_brand?post=30652"},{"taxonomy":"product_cat","embeddable":true,"href":"https:\/\/www.lowcostwebagency.com\/fr\/wp-json\/wp\/v2\/product_cat?post=30652"},{"taxonomy":"product_tag","embeddable":true,"href":"https:\/\/www.lowcostwebagency.com\/fr\/wp-json\/wp\/v2\/product_tag?post=30652"}],"curies":[{"name":"wp","href":"https:\/\/api.w.org\/{rel}","templated":true}]}}