{"id":30654,"date":"2018-05-29T05:40:20","date_gmt":"2018-05-29T05:40:20","guid":{"rendered":"http:\/\/lowcostwebagency.com\/?post_type=product&#038;p=30654"},"modified":"2022-05-10T08:11:18","modified_gmt":"2022-05-10T08:11:18","slug":"formulaire","status":"publish","type":"product","link":"https:\/\/www.lowcostwebagency.com\/fr\/formulaire\/","title":{"rendered":"Formulaire"},"content":{"rendered":"<h2 style=\"text-align: justify;\">Votre formulaire HTML con\u00e7u par un designer professionnel\u2026<\/h2>\n<h3 style=\"text-align: justify;\">Collecter des informations \u00e0 l&rsquo;aide d&rsquo;un formulaire \u00e9l\u00e9gant !<\/h3>\n<p style=\"text-align: justify;\">Un <strong>formulaire <\/strong>est utilis\u00e9 pour collecter les donn\u00e9es de vos visiteurs. Il peut s&rsquo;agir d&rsquo;une demande de contact, d&rsquo;un sondage aupr\u00e8s de la client\u00e8le, d&rsquo;une commande ou d&rsquo;autre chose. Apr\u00e8s soumission, toutes les donn\u00e9es sont stock\u00e9es sur votre serveur dans une base de donn\u00e9es d\u00e9di\u00e9e.<\/p>\n","protected":false},"excerpt":{"rendered":"<p style=\"text-align: justify;\">Votre formulaire web \u00e0 <strong>bas prix !<\/strong><\/p>\n<p style=\"text-align: justify;\">Avec cette offre, votre formulaire sera cr\u00e9\u00e9 pour \u00eatre int\u00e9gr\u00e9 \u00e0 votre site web. Notre <strong>designer professionnel<\/strong> le personnalisera en fonction de vos besoins\u2026<\/p>\n<p style=\"text-align: justify;\">Achetez votre formulaire Pro maintenant !<\/p>\n","protected":false},"featured_media":31693,"template":"","meta":{"_links_to":"","_links_to_target":""},"product_brand":[],"product_cat":[1130,1158,1154],"product_tag":[1001,1000,1002],"class_list":{"0":"post-30654","1":"product","2":"type-product","3":"status-publish","4":"has-post-thumbnail","6":"product_cat-design-web","7":"product_cat-html-design-statique","8":"product_cat-site-web-et-page","9":"product_tag-dedicated-database","10":"product_tag-form","11":"product_tag-html-form","13":"first","14":"instock","15":"shipping-taxable","16":"product-type-external"},"composite_virtual":false,"composite_layout":"","composite_add_to_cart_form_location":"","composite_editable_in_cart":false,"composite_sold_individually_context":"","composite_shop_price_calc":"","composite_components":[],"composite_scenarios":[],"_links":{"self":[{"href":"https:\/\/www.lowcostwebagency.com\/fr\/wp-json\/wp\/v2\/product\/30654","targetHints":{"allow":["GET"]}}],"collection":[{"href":"https:\/\/www.lowcostwebagency.com\/fr\/wp-json\/wp\/v2\/product"}],"about":[{"href":"https:\/\/www.lowcostwebagency.com\/fr\/wp-json\/wp\/v2\/types\/product"}],"wp:featuredmedia":[{"embeddable":true,"href":"https:\/\/www.lowcostwebagency.com\/fr\/wp-json\/wp\/v2\/media\/31693"}],"wp:attachment":[{"href":"https:\/\/www.lowcostwebagency.com\/fr\/wp-json\/wp\/v2\/media?parent=30654"}],"wp:term":[{"taxonomy":"product_brand","embeddable":true,"href":"https:\/\/www.lowcostwebagency.com\/fr\/wp-json\/wp\/v2\/product_brand?post=30654"},{"taxonomy":"product_cat","embeddable":true,"href":"https:\/\/www.lowcostwebagency.com\/fr\/wp-json\/wp\/v2\/product_cat?post=30654"},{"taxonomy":"product_tag","embeddable":true,"href":"https:\/\/www.lowcostwebagency.com\/fr\/wp-json\/wp\/v2\/product_tag?post=30654"}],"curies":[{"name":"wp","href":"https:\/\/api.w.org\/{rel}","templated":true}]}}