{"id":30656,"date":"2018-05-29T05:48:28","date_gmt":"2018-05-29T05:48:28","guid":{"rendered":"http:\/\/lowcostwebagency.com\/?post_type=product&#038;p=30656"},"modified":"2022-05-10T06:30:50","modified_gmt":"2022-05-10T06:30:50","slug":"tableau","status":"publish","type":"product","link":"https:\/\/www.lowcostwebagency.com\/fr\/tableau\/","title":{"rendered":"Tableau"},"content":{"rendered":"<h2 style=\"text-align: justify;\">Notre designer sp\u00e9cialis\u00e9 travaille sur votre tableau HTML \u00e0 bas prix.<\/h2>\n<h3 style=\"text-align: justify;\">Pr\u00e9sentez clairement vos donn\u00e9es gr\u00e2ce \u00e0 un tableau \u00e9l\u00e9gant.<\/h3>\n<p style=\"text-align: justify;\">Un tableau aide \u00e0 structurer la pr\u00e9sentation des donn\u00e9es pour vos visiteurs, lecteurs ou m\u00eame acheteurs. Il est principalement utilis\u00e9 pour pr\u00e9senter la grille de prix, mais il peut traiter d&rsquo;autres sujets pertinents.<\/p>\n<h3 style=\"text-align: justify;\">Low Cost Web Agency est bon pour votre entreprise !<\/h3>\n<p style=\"text-align: justify;\">En affichant clairement votre contenu, vous \u00e9vitez tout malentendu avec vos lecteurs. Trouvons ensemble le bon tableau \u00e0 ins\u00e9rer dans votre site web. Notre concepteur l&rsquo;\u00e9labore en fonction de la mise en page de votre site Web\u2026<\/p>\n","protected":false},"excerpt":{"rendered":"<p style=\"text-align: justify;\">Low Cost Web Agency vous apportera son <strong>expertise<\/strong> pour cr\u00e9er le tableau HTML adapt\u00e9 \u00e0 vos besoins ! Il est principalement utilis\u00e9 pour pr\u00e9senter un tableau de prix dans un site web existant.<\/p>\n<p style=\"text-align: justify;\">Achetez-le d\u00e8s maintenant !<\/p>\n","protected":false},"featured_media":31691,"template":"","meta":{"_links_to":"","_links_to_target":""},"product_brand":[],"product_cat":[1130,1158,1154],"product_tag":[998,999,997],"class_list":{"0":"post-30656","1":"product","2":"type-product","3":"status-publish","4":"has-post-thumbnail","6":"product_cat-design-web","7":"product_cat-html-design-statique","8":"product_cat-site-web-et-page","9":"product_tag-data-information","10":"product_tag-html-table","11":"product_tag-table","13":"first","14":"instock","15":"shipping-taxable","16":"product-type-external"},"composite_virtual":false,"composite_layout":"","composite_add_to_cart_form_location":"","composite_editable_in_cart":false,"composite_sold_individually_context":"","composite_shop_price_calc":"","composite_components":[],"composite_scenarios":[],"_links":{"self":[{"href":"https:\/\/www.lowcostwebagency.com\/fr\/wp-json\/wp\/v2\/product\/30656","targetHints":{"allow":["GET"]}}],"collection":[{"href":"https:\/\/www.lowcostwebagency.com\/fr\/wp-json\/wp\/v2\/product"}],"about":[{"href":"https:\/\/www.lowcostwebagency.com\/fr\/wp-json\/wp\/v2\/types\/product"}],"wp:featuredmedia":[{"embeddable":true,"href":"https:\/\/www.lowcostwebagency.com\/fr\/wp-json\/wp\/v2\/media\/31691"}],"wp:attachment":[{"href":"https:\/\/www.lowcostwebagency.com\/fr\/wp-json\/wp\/v2\/media?parent=30656"}],"wp:term":[{"taxonomy":"product_brand","embeddable":true,"href":"https:\/\/www.lowcostwebagency.com\/fr\/wp-json\/wp\/v2\/product_brand?post=30656"},{"taxonomy":"product_cat","embeddable":true,"href":"https:\/\/www.lowcostwebagency.com\/fr\/wp-json\/wp\/v2\/product_cat?post=30656"},{"taxonomy":"product_tag","embeddable":true,"href":"https:\/\/www.lowcostwebagency.com\/fr\/wp-json\/wp\/v2\/product_tag?post=30656"}],"curies":[{"name":"wp","href":"https:\/\/api.w.org\/{rel}","templated":true}]}}