{"id":30658,"date":"2018-05-29T05:59:06","date_gmt":"2018-05-29T05:59:06","guid":{"rendered":"http:\/\/lowcostwebagency.com\/?post_type=product&#038;p=30658"},"modified":"2022-05-10T06:30:16","modified_gmt":"2022-05-10T06:30:16","slug":"site-html-statique-sur-mesure","status":"publish","type":"product","link":"https:\/\/www.lowcostwebagency.com\/fr\/site-html-statique-sur-mesure\/","title":{"rendered":"Site Html &#038; Statique Sur-mesure"},"content":{"rendered":"<h2 style=\"text-align: justify;\">Low Cost Web Agency r\u00e9pond \u00e0 toutes les exigences sp\u00e9cifiques.<\/h2>\n<h3 style=\"text-align: justify;\">B\u00e9n\u00e9ficiez d&rsquo;un design HTML personnalis\u00e9 \u00e0 bas prix !<\/h3>\n<p style=\"text-align: justify;\">Si vous \u00eates \u00e0 la recherche d&rsquo;un<strong> fait uniquement en HTML, vous \u00eates au bon endroit ! En effet, nous essayons de r\u00e9pondre \u00e0 la plupart des besoins de nos clients, mais dans certains cas, ils peuvent \u00eatre trop sp\u00e9cifiques pour \u00eatre produits de fa\u00e7on standard. Ce produit sur mesure est fait pour vous ! Dites-nous ce que vous recherchez, nous ferons de notre mieux pour r\u00e9pondre \u00e0 votre cahier des charges et vous donner 100\u2009% de satisfaction.<\/strong><\/p>\n<p style=\"text-align: justify;\">Avant de demander un devis pour un design statique HTML personnalis\u00e9, veuillez vous assurer qu&rsquo;aucune de nos autres offres standard ne r\u00e9pond \u00e0 vos besoins.<\/p>\n<p style=\"text-align: justify;\">Vous avez d\u00e9j\u00e0 v\u00e9rifi\u00e9 ? Alors demandez un devis maintenant !<\/p>\n","protected":false},"excerpt":{"rendered":"<p style=\"text-align: justify;\">Vous avez une <strong>demande sp\u00e9cifique concernant un site web HTML et statique ?<\/strong> Low Cost Web Agency vous envoie un devis r\u00e9pondant \u00e0 vos besoins !<\/p>\n<p style=\"text-align: justify;\">Eh bien, qu&rsquo;attendez-vous ? Demandez un devis maintenant !<\/p>\n","protected":false},"featured_media":31689,"template":"","meta":{"_links_to":"","_links_to_target":""},"product_brand":[],"product_cat":[1130,1158,1154],"product_tag":[974,996],"class_list":{"0":"post-30658","1":"product","2":"type-product","3":"status-publish","4":"has-post-thumbnail","6":"product_cat-design-web","7":"product_cat-html-design-statique","8":"product_cat-site-web-et-page","9":"product_tag-custom","10":"product_tag-html-and-static-design","12":"first","13":"instock","14":"shipping-taxable","15":"product-type-external"},"composite_virtual":false,"composite_layout":"","composite_add_to_cart_form_location":"","composite_editable_in_cart":false,"composite_sold_individually_context":"","composite_shop_price_calc":"","composite_components":[],"composite_scenarios":[],"_links":{"self":[{"href":"https:\/\/www.lowcostwebagency.com\/fr\/wp-json\/wp\/v2\/product\/30658","targetHints":{"allow":["GET"]}}],"collection":[{"href":"https:\/\/www.lowcostwebagency.com\/fr\/wp-json\/wp\/v2\/product"}],"about":[{"href":"https:\/\/www.lowcostwebagency.com\/fr\/wp-json\/wp\/v2\/types\/product"}],"wp:featuredmedia":[{"embeddable":true,"href":"https:\/\/www.lowcostwebagency.com\/fr\/wp-json\/wp\/v2\/media\/31689"}],"wp:attachment":[{"href":"https:\/\/www.lowcostwebagency.com\/fr\/wp-json\/wp\/v2\/media?parent=30658"}],"wp:term":[{"taxonomy":"product_brand","embeddable":true,"href":"https:\/\/www.lowcostwebagency.com\/fr\/wp-json\/wp\/v2\/product_brand?post=30658"},{"taxonomy":"product_cat","embeddable":true,"href":"https:\/\/www.lowcostwebagency.com\/fr\/wp-json\/wp\/v2\/product_cat?post=30658"},{"taxonomy":"product_tag","embeddable":true,"href":"https:\/\/www.lowcostwebagency.com\/fr\/wp-json\/wp\/v2\/product_tag?post=30658"}],"curies":[{"name":"wp","href":"https:\/\/api.w.org\/{rel}","templated":true}]}}