{"id":30662,"date":"2018-05-29T06:56:58","date_gmt":"2018-05-29T06:56:58","guid":{"rendered":"http:\/\/lowcostwebagency.com\/?post_type=product&#038;p=30662"},"modified":"2022-05-10T08:11:58","modified_gmt":"2022-05-10T08:11:58","slug":"site-web-dynamique-sur-mesure","status":"publish","type":"product","link":"https:\/\/www.lowcostwebagency.com\/fr\/site-web-dynamique-sur-mesure\/","title":{"rendered":"Site Web Dynamique Sur-mesure"},"content":{"rendered":"<h2><strong>Low Cost Web Agency personnalise une offre de site web exclusivement pour vous !<\/strong><\/h2>\n<h3><strong>Si aucune des offres du catalogue de notre site Web ne r\u00e9pond \u00e0 vos besoins, demandez-nous un devis !<\/strong><\/h3>\n<p style=\"text-align: justify;\">Low Cost Web Agency vous proposera une solution adapt\u00e9e \u00e0 vos besoins. Avant de demander un devis personnalis\u00e9, assurez-vous qu&rsquo;aucun de nos produits standard ne correspond \u00e0 ce que vous recherchez.<u> Pour vous aider, consultez le tableau ci-dessous <\/u>pour en savoir plus sur le produit et comparer nos diff\u00e9rentes offres.<\/p>\n<p style=\"text-align: justify;\">Veuillez enregistrer votre demande en remplissant le formulaire et essayer de donner autant de d\u00e9tails que possible. Nous \u00e9tudierons votre demande et nous vous r\u00e9pondrons tr\u00e8s rapidement !<\/p>\n<p style=\"text-align: justify;\"><div class=\"fusion-fullwidth fullwidth-box fusion-builder-row-1 fusion-flex-container hundred-percent-fullwidth non-hundred-percent-height-scrolling\" style=\"--awb-border-radius-top-left:0px;--awb-border-radius-top-right:0px;--awb-border-radius-bottom-right:0px;--awb-border-radius-bottom-left:0px;--awb-overflow:visible;--awb-flex-wrap:wrap;\" ><div class=\"fusion-builder-row fusion-row fusion-flex-align-items-flex-start fusion-flex-content-wrap\" style=\"width:calc( 100% + 0px ) !important;max-width:calc( 100% + 0px ) !important;margin-left: calc(-0px \/ 2 );margin-right: calc(-0px \/ 2 );\"><div class=\"fusion-layout-column fusion_builder_column fusion-builder-column-0 fusion_builder_column_1_1 1_1 fusion-flex-column fusion-flex-align-self-flex-start fusion-column-no-min-height\" style=\"--awb-bg-size:cover;--awb-width-large:100%;--awb-margin-top-large:0px;--awb-spacing-right-large:0px;--awb-margin-bottom-large:0px;--awb-spacing-left-large:0px;--awb-width-medium:100%;--awb-spacing-right-medium:0px;--awb-spacing-left-medium:0px;--awb-width-small:100%;--awb-spacing-right-small:0px;--awb-spacing-left-small:0px;\"><div class=\"fusion-column-wrapper fusion-flex-justify-content-flex-start fusion-content-layout-column\">\n<table id=\"tablepress-14\" class=\"tablepress tablepress-id-14\">\n<thead>\n<tr class=\"row-1\">\n\t<th class=\"column-1\">SP\u00c9CIFICATIONS<\/th><th class=\"column-2\"><a href=\"\/fr\/product\/blog\/\" target=\"_blank\" rel=\"noopener noreferrer\">BLOG \/ PARTICULIER \/ INDEPENDANT<\/a><\/th><th class=\"column-3\"><a href=\"\/fr\/product\/site-auto-entrepreneur\/\" target=\"_blank\" rel=\"noopener noreferrer\">AUTO-ENTREPRENEUR \/ TPE-PME<\/a><\/th><th class=\"column-4\"><a href=\"\/fr\/product\/site-corporate\/\" target=\"_blank\" rel=\"noopener noreferrer\">SITE CORPORATE<\/a> \/ <a href=\"\/fr\/product\/site-corporate\/\" target=\"_blank\" rel=\"noopener noreferrer\">SITE AGENCE IMMO<\/a><\/th><th class=\"column-5\"><a href=\"\/fr\/product\/portail-web\/\" target=\"_blank\" rel=\"noopener noreferrer\">PORTAIL WEB<\/a><\/th><th class=\"column-6\">ECOMMERCE<br \/>\n(<a href=\"\/fr\/product\/boutique-web\/\" target=\"_blank\" rel=\"noopener noreferrer\">BOUTIQUE EN LIGNE<\/a> \/ <a href=\"\/fr\/product\/site-web-hotel\/\" target=\"_blank\" rel=\"noopener noreferrer\">H\u00d4TEL<\/a> \/ <a href=\"\/fr\/product\/site-web-evenement\/\" target=\"_blank\" rel=\"noopener noreferrer\">\u00c9V\u00c8NEMENT<\/a>\/ <a href=\"\/fr\/product\/site-immo-ecommerce\/\" target=\"_blank\" rel=\"noopener noreferrer\">IMMOBILIER<\/a>)<\/th>\n<\/tr>\n<\/thead>\n<tbody class=\"row-striping row-hover\">\n<tr class=\"row-2\">\n\t<td class=\"column-1\">Nom de domaine<\/td><td class=\"column-2\">Option<\/td><td class=\"column-3\">Option<\/td><td class=\"column-4\">Option<\/td><td class=\"column-5\">Option<\/td><td class=\"column-6\">Option<\/td>\n<\/tr>\n<tr class=\"row-3\">\n\t<td class=\"column-1\">H\u00e9bergement<\/td><td class=\"column-2\">Option<\/td><td class=\"column-3\">Option<\/td><td class=\"column-4\">Option<\/td><td class=\"column-5\">Option<\/td><td class=\"column-6\">Option<\/td>\n<\/tr>\n<tr class=\"row-4\">\n\t<td class=\"column-1\">Nombre de pages<\/td><td class=\"column-2\">Illimit\u00e9<\/td><td class=\"column-3\">Illimit\u00e9<\/td><td class=\"column-4\">Illimit\u00e9<\/td><td class=\"column-5\">Illimit\u00e9<\/td><td class=\"column-6\">Illimit\u00e9<\/td>\n<\/tr>\n<tr class=\"row-5\">\n\t<td class=\"column-1\">Nombre de produits \/ listings<\/td><td class=\"column-2\">N\/A<\/td><td class=\"column-3\">N\/A<\/td><td class=\"column-4\">N\/A<\/td><td class=\"column-5\">N\/A<\/td><td class=\"column-6\">Illimit\u00e9<\/td>\n<\/tr>\n<tr class=\"row-6\">\n\t<td class=\"column-1\">Contenu \/ Syst\u00e8me de gestion des commandes (CMS) \/ Back office - Interface d'administration back-end \/ Aucune comp\u00e9tence technique requise pour la mise \u00e0 jour de votre site Web.<\/td><td class=\"column-2\">Wordpress \/ Joomla<\/td><td class=\"column-3\">Wordpress \/ Joomla<\/td><td class=\"column-4\">Wordpress \/ Joomla<\/td><td class=\"column-5\">Wordpress \/ Joomla<\/td><td class=\"column-6\">Woocommerce (WP) \/ VirtueMart \/ Prestashop \/ Opencart \/ Magento<\/td>\n<\/tr>\n<tr class=\"row-7\">\n\t<td class=\"column-1\">Personnalisation du Design<\/td><td class=\"column-2\">Jusqu'\u00e0 4 pages<\/td><td class=\"column-3\">Jusqu'\u00e0 7 pages<\/td><td class=\"column-4\">Jusqu'\u00e0 15 pages<\/td><td class=\"column-5\">Jusqu'\u00e0 15 pages<\/td><td class=\"column-6\">Jusqu'\u00e0 15 pages<\/td>\n<\/tr>\n<tr class=\"row-8\">\n\t<td class=\"column-1\">Th\u00e8me Premium inclus<\/td><td class=\"column-2\">Choisissez celui qui vous pla\u00eet sur Themeforest<\/td><td class=\"column-3\">Choisissez celui qui vous pla\u00eet sur Themeforest<\/td><td class=\"column-4\">Choisissez celui qui vous pla\u00eet sur Themeforest<\/td><td class=\"column-5\">Choisissez celui qui vous pla\u00eet sur Themeforest<\/td><td class=\"column-6\">Choisissez celui qui vous pla\u00eet sur Themeforest<\/td>\n<\/tr>\n<tr class=\"row-9\">\n\t<td class=\"column-1\">R\u00e9actif et adapt\u00e9 pour mobiles<\/td><td class=\"column-2\">\u2713<\/td><td class=\"column-3\">\u2713<\/td><td class=\"column-4\">\u2713<\/td><td class=\"column-5\">\u2713<\/td><td class=\"column-6\">\u2713<\/td>\n<\/tr>\n<tr class=\"row-10\">\n\t<td class=\"column-1\"><a href=\"\/product\/logo-design\/\" target=\"_blank\" rel=\"noopener noreferrer\">Design de logo<\/a><\/td><td class=\"column-2\">Option<\/td><td class=\"column-3\">Option<\/td><td class=\"column-4\">Option<\/td><td class=\"column-5\">Option<\/td><td class=\"column-6\">Option<\/td>\n<\/tr>\n<tr class=\"row-11\">\n\t<td class=\"column-1\">Design de page d'accueil<\/td><td class=\"column-2\">\u2713<\/td><td class=\"column-3\">\u2713<\/td><td class=\"column-4\">\u2713<\/td><td class=\"column-5\">\u2713<\/td><td class=\"column-6\">\u2713<\/td>\n<\/tr>\n<tr class=\"row-12\">\n\t<td class=\"column-1\">Design d'en-t\u00eate<\/td><td class=\"column-2\">\u2713<\/td><td class=\"column-3\">\u2713<\/td><td class=\"column-4\">\u2713<\/td><td class=\"column-5\">\u2713<\/td><td class=\"column-6\">\u2713<\/td>\n<\/tr>\n<tr class=\"row-13\">\n\t<td class=\"column-1\">Design de diaporama<\/td><td class=\"column-2\">Jusqu'\u00e0 3 photos<\/td><td class=\"column-3\">Jusqu'\u00e0 5 photos<\/td><td class=\"column-4\">Jusqu'\u00e0 7 photos<\/td><td class=\"column-5\">Jusqu'\u00e0 7 photos<\/td><td class=\"column-6\">Jusqu'\u00e0 7 photos<\/td>\n<\/tr>\n<tr class=\"row-14\">\n\t<td class=\"column-1\">Design personnalis\u00e9 \/ Mod\u00e8les \u00e0 votre dossier<\/td><td class=\"column-2\">Demander un devis<\/td><td class=\"column-3\">Demander un devis<\/td><td class=\"column-4\">Demander un devis<\/td><td class=\"column-5\">Demander un devis<\/td><td class=\"column-6\">Demander un devis<\/td>\n<\/tr>\n<tr class=\"row-15\">\n\t<td class=\"column-1\">Votre contenu a \u00e9t\u00e9 t\u00e9l\u00e9charg\u00e9 sur votre site (y compris le menu)<\/td><td class=\"column-2\">5000 mots<\/td><td class=\"column-3\">8000 mots<\/td><td class=\"column-4\">15000 mots<\/td><td class=\"column-5\">15000 mots<\/td><td class=\"column-6\">15000 mots<\/td>\n<\/tr>\n<tr class=\"row-16\">\n\t<td class=\"column-1\">Vos images ont \u00e9t\u00e9 t\u00e9l\u00e9charg\u00e9es sur votre site (non compris le diaporama)<\/td><td class=\"column-2\">Jusqu'\u00e0 6<\/td><td class=\"column-3\">Jusqu'\u00e0 8<\/td><td class=\"column-4\">Jusqu'\u00e0 20<\/td><td class=\"column-5\">Jusqu'\u00e0 20<\/td><td class=\"column-6\">Jusqu'\u00e0 20<\/td>\n<\/tr>\n<tr class=\"row-17\">\n\t<td class=\"column-1\">Vos produits \/ listings ont \u00e9t\u00e9 t\u00e9l\u00e9charg\u00e9s sur le site<\/td><td class=\"column-2\">N\/A<\/td><td class=\"column-3\">N\/A<\/td><td class=\"column-4\">N\/A<\/td><td class=\"column-5\">N\/A<\/td><td class=\"column-6\">Jusqu'\u00e0 15<\/td>\n<\/tr>\n<tr class=\"row-18\">\n\t<td class=\"column-1\">Formulaire de demande \/ contact<\/td><td class=\"column-2\">\u2713<\/td><td class=\"column-3\">\u2713<\/td><td class=\"column-4\">\u2713<\/td><td class=\"column-5\">\u2713<\/td><td class=\"column-6\">\u2713<\/td>\n<\/tr>\n<tr class=\"row-19\">\n\t<td class=\"column-1\">Syst\u00e8me de page FAQ<\/td><td class=\"column-2\">Option<\/td><td class=\"column-3\">Option<\/td><td class=\"column-4\">Option<\/td><td class=\"column-5\">Option<\/td><td class=\"column-6\">Option<\/td>\n<\/tr>\n<tr class=\"row-20\">\n\t<td class=\"column-1\">Conditions d'utilisation et politique de confidentialit\u00e9<\/td><td class=\"column-2\">Uniquement Wordpress<\/td><td class=\"column-3\">Uniquement Wordpress<\/td><td class=\"column-4\">Uniquement Wordpress<\/td><td class=\"column-5\">Uniquement Wordpress<\/td><td class=\"column-6\">Uniquement Wordpress<\/td>\n<\/tr>\n<tr class=\"row-21\">\n\t<td class=\"column-1\">R\u00e8glementation europ\u00e9enne des cookies - RGPD<\/td><td class=\"column-2\">\u2713<\/td><td class=\"column-3\">\u2713<\/td><td class=\"column-4\">\u2713<\/td><td class=\"column-5\">\u2713<\/td><td class=\"column-6\">\u2713<\/td>\n<\/tr>\n<tr class=\"row-22\">\n\t<td class=\"column-1\">Google map<\/td><td class=\"column-2\">\u2713<\/td><td class=\"column-3\">\u2713<\/td><td class=\"column-4\">\u2713<\/td><td class=\"column-5\">\u2713<\/td><td class=\"column-6\">\u2713<\/td>\n<\/tr>\n<tr class=\"row-23\">\n\t<td class=\"column-1\">Adresse Email pro<\/td><td class=\"column-2\">1<\/td><td class=\"column-3\">Jusqu'\u00e0 5<\/td><td class=\"column-4\">Illimit\u00e9<\/td><td class=\"column-5\">Illimit\u00e9<\/td><td class=\"column-6\">Illimit\u00e9<\/td>\n<\/tr>\n<tr class=\"row-24\">\n\t<td class=\"column-1\">Capacit\u00e9 de devenir un site multilingue<\/td><td class=\"column-2\">\u2713<\/td><td class=\"column-3\">\u2713<\/td><td class=\"column-4\">\u2713<\/td><td class=\"column-5\">\u2713<\/td><td class=\"column-6\">\u2713<\/td>\n<\/tr>\n<tr class=\"row-25\">\n\t<td class=\"column-1\">Section Blog<\/td><td class=\"column-2\">Oui, c'est bon pour le SEO<\/td><td class=\"column-3\">Oui, c'est bon pour le SEO<\/td><td class=\"column-4\">Oui, c'est bon pour le SEO<\/td><td class=\"column-5\">Oui, c'est bon pour le SEO<\/td><td class=\"column-6\">Oui, c'est bon pour le SEO<\/td>\n<\/tr>\n<tr class=\"row-26\">\n\t<td class=\"column-1\">Chat d'assistance clients (Zoopim gratuit)<\/td><td class=\"column-2\"><\/td><td class=\"column-3\">\u2713<\/td><td class=\"column-4\">\u2713<\/td><td class=\"column-5\">\u2713<\/td><td class=\"column-6\">\u2713<\/td>\n<\/tr>\n<tr class=\"row-27\">\n\t<td class=\"column-1\">Int\u00e9gration d'un syst\u00e8me de newsletter <\/td><td class=\"column-2\">Uniquement avec H\u00e9bergement d'entreprise &amp; Serveur d\u00e9di\u00e9<\/td><td class=\"column-3\">Uniquement avec H\u00e9bergement d'entreprise &amp; Serveur d\u00e9di\u00e9<\/td><td class=\"column-4\">Uniquement avec H\u00e9bergement d'entreprise &amp; Serveur d\u00e9di\u00e9<\/td><td class=\"column-5\">Uniquement avec H\u00e9bergement d'entreprise &amp; Serveur d\u00e9di\u00e9<\/td><td class=\"column-6\">Uniquement avec H\u00e9bergement d'entreprise &amp; Serveur d\u00e9di\u00e9<\/td>\n<\/tr>\n<tr class=\"row-28\">\n\t<td class=\"column-1\">Fonctionnalit\u00e9s de partage sur les r\u00e9seaux sociaux<\/td><td class=\"column-2\">Uniquement avec H\u00e9bergement d'entreprise &amp; Serveur d\u00e9di\u00e9<\/td><td class=\"column-3\">Uniquement avec H\u00e9bergement d'entreprise &amp; Serveur d\u00e9di\u00e9<\/td><td class=\"column-4\">Uniquement avec H\u00e9bergement d'entreprise &amp; Serveur d\u00e9di\u00e9<\/td><td class=\"column-5\">Uniquement avec H\u00e9bergement d'entreprise &amp; Serveur d\u00e9di\u00e9<\/td><td class=\"column-6\">Uniquement avec H\u00e9bergement d'entreprise &amp; Serveur d\u00e9di\u00e9<\/td>\n<\/tr>\n<tr class=\"row-29\">\n\t<td class=\"column-1\">Int\u00e9gration du compte de r\u00e9seaux sociaux<\/td><td class=\"column-2\">\u2713<\/td><td class=\"column-3\">\u2713<\/td><td class=\"column-4\">\u2713<\/td><td class=\"column-5\">\u2713<\/td><td class=\"column-6\">\u2713<\/td>\n<\/tr>\n<tr class=\"row-30\">\n\t<td class=\"column-1\">Facebook, Twitter, Google+, connexion Linkedin<\/td><td class=\"column-2\">Uniquement avec H\u00e9bergement d'entreprise &amp; Serveur d\u00e9di\u00e9<\/td><td class=\"column-3\">Uniquement avec H\u00e9bergement d'entreprise &amp; Serveur d\u00e9di\u00e9<\/td><td class=\"column-4\">Uniquement avec H\u00e9bergement d'entreprise &amp; Serveur d\u00e9di\u00e9<\/td><td class=\"column-5\">Uniquement avec H\u00e9bergement d'entreprise &amp; Serveur d\u00e9di\u00e9<\/td><td class=\"column-6\">Uniquement avec H\u00e9bergement d'entreprise &amp; Serveur d\u00e9di\u00e9<\/td>\n<\/tr>\n<tr class=\"row-31\">\n\t<td class=\"column-1\">Tableau de bord de connexion utilisateur \/ client<\/td><td class=\"column-2\">\u2713<\/td><td class=\"column-3\">\u2713<\/td><td class=\"column-4\">\u2713<\/td><td class=\"column-5\">\u2713<\/td><td class=\"column-6\">\u2713<\/td>\n<\/tr>\n<tr class=\"row-32\">\n\t<td class=\"column-1\">Paiement en ligne<\/td><td class=\"column-2\">N\/A<\/td><td class=\"column-3\">N\/A<\/td><td class=\"column-4\">N\/A<\/td><td class=\"column-5\">N\/A<\/td><td class=\"column-6\">\u2713<\/td>\n<\/tr>\n<tr class=\"row-33\">\n\t<td class=\"column-1\">Paiement Paypal<\/td><td class=\"column-2\">N\/A<\/td><td class=\"column-3\">N\/A<\/td><td class=\"column-4\">N\/A<\/td><td class=\"column-5\">N\/A<\/td><td class=\"column-6\">\u2713<\/td>\n<\/tr>\n<tr class=\"row-34\">\n\t<td class=\"column-1\">Autre passerelle de paiement<\/td><td class=\"column-2\">Demander un devis<\/td><td class=\"column-3\">Demander un devis<\/td><td class=\"column-4\">Demander un devis<\/td><td class=\"column-5\">Demander un devis<\/td><td class=\"column-6\">Demander un devis<\/td>\n<\/tr>\n<tr class=\"row-35\">\n\t<td class=\"column-1\">Supprimer les cr\u00e9dits Low Cost Web Agency<\/td><td class=\"column-2\">Option<\/td><td class=\"column-3\">Option<\/td><td class=\"column-4\">Option<\/td><td class=\"column-5\">Option<\/td><td class=\"column-6\">Option<\/td>\n<\/tr>\n<tr class=\"row-36\">\n\t<td class=\"column-1\">Acc\u00e8s cpanel du serveur<\/td><td class=\"column-2\">Option<\/td><td class=\"column-3\">Option<\/td><td class=\"column-4\">Option<\/td><td class=\"column-5\">Option<\/td><td class=\"column-6\">Option<\/td>\n<\/tr>\n<tr class=\"row-37\">\n\t<td class=\"column-1\">Certificat SSL<\/td><td class=\"column-2\">Option<\/td><td class=\"column-3\">Option<\/td><td class=\"column-4\">Option<\/td><td class=\"column-5\">Option<\/td><td class=\"column-6\">Option<\/td>\n<\/tr>\n<tr class=\"row-38\">\n\t<td class=\"column-1\">Sous-domaines<\/td><td class=\"column-2\">Gratuit &amp; illimit\u00e9 avec nos plans d'h\u00e9bergement<\/td><td class=\"column-3\">Gratuit &amp; illimit\u00e9 avec nos plans d'h\u00e9bergement<\/td><td class=\"column-4\">Gratuit &amp; illimit\u00e9 avec nos plans d'h\u00e9bergement<\/td><td class=\"column-5\">Gratuit &amp; illimit\u00e9 avec nos plans d'h\u00e9bergement<\/td><td class=\"column-6\">Gratuit &amp; illimit\u00e9 avec nos plans d'h\u00e9bergement<\/td>\n<\/tr>\n<tr class=\"row-39\">\n\t<td class=\"column-1\">Outils du webmaster de Google<\/td><td class=\"column-2\">\u2713<\/td><td class=\"column-3\">\u2713<\/td><td class=\"column-4\">\u2713<\/td><td class=\"column-5\">\u2713<\/td><td class=\"column-6\">\u2713<\/td>\n<\/tr>\n<tr class=\"row-40\">\n\t<td class=\"column-1\">Google Analytics<\/td><td class=\"column-2\">\u2713<\/td><td class=\"column-3\">\u2713<\/td><td class=\"column-4\">\u2713<\/td><td class=\"column-5\">\u2713<\/td><td class=\"column-6\">\u2713<\/td>\n<\/tr>\n<tr class=\"row-41\">\n\t<td class=\"column-1\">Demandes aux moteurs de recherche<\/td><td class=\"column-2\">\u2713<\/td><td class=\"column-3\">\u2713<\/td><td class=\"column-4\">\u2713<\/td><td class=\"column-5\">\u2713<\/td><td class=\"column-6\">\u2713<\/td>\n<\/tr>\n<tr class=\"row-42\">\n\t<td class=\"column-1\">Configuration g\u00e9n\u00e9rale de SEO<\/td><td class=\"column-2\">\u2713<\/td><td class=\"column-3\">\u2713<\/td><td class=\"column-4\">\u2713<\/td><td class=\"column-5\">\u2713<\/td><td class=\"column-6\">\u2713<\/td>\n<\/tr>\n<tr class=\"row-43\">\n\t<td class=\"column-1\">Configuration avanc\u00e9e de SEO<\/td><td class=\"column-2\">Jusqu'\u00e0 4 pages<\/td><td class=\"column-3\">Jusqu'\u00e0 7 pages<\/td><td class=\"column-4\">Jusqu'\u00e0 15 pages<\/td><td class=\"column-5\">Jusqu'\u00e0 15 pages<\/td><td class=\"column-6\">Jusqu'\u00e0 15 pages<\/td>\n<\/tr>\n<tr class=\"row-44\">\n\t<td class=\"column-1\">Analyse de concurrence<\/td><td class=\"column-2\">Option<\/td><td class=\"column-3\">Option<\/td><td class=\"column-4\">Option<\/td><td class=\"column-5\">Option<\/td><td class=\"column-6\">Option<\/td>\n<\/tr>\n<tr class=\"row-45\">\n\t<td class=\"column-1\">Ciblage des mots cl\u00e9s<\/td><td class=\"column-2\">Option<\/td><td class=\"column-3\">Option<\/td><td class=\"column-4\">Option<\/td><td class=\"column-5\">Option<\/td><td class=\"column-6\">Option<\/td>\n<\/tr>\n<tr class=\"row-46\">\n\t<td class=\"column-1\">Plugin extra \/ Configuration &amp; Installation des composants<\/td><td class=\"column-2\">Demander un devis<\/td><td class=\"column-3\">Demander un devis<\/td><td class=\"column-4\">Demander un devis<\/td><td class=\"column-5\">Demander un devis<\/td><td class=\"column-6\">Demander un devis<\/td>\n<\/tr>\n<tr class=\"row-47\">\n\t<td class=\"column-1\">Strat\u00e9gie de marketing Web compl\u00e8te<\/td><td class=\"column-2\">Demander un devis<\/td><td class=\"column-3\">Demander un devis<\/td><td class=\"column-4\">Demander un devis<\/td><td class=\"column-5\">Demander un devis<\/td><td class=\"column-6\">Demander un devis<\/td>\n<\/tr>\n<\/tbody>\n<\/table>\n<!-- #tablepress-14 from cache -->\n<\/div><\/div><\/div><\/div>.<\/p>\n","protected":false},"excerpt":{"rendered":"<p style=\"text-align: justify;\">Vous avez un besoin\u00a0<strong>sp\u00e9cifique concernant votre nouveau site Web ? <\/strong>Faites-nous savoir ce que vous aimeriez changer sur votre site Web et nous pr\u00e9parerons un devis personnalis\u00e9 pour faire le travail.<\/p>\n","protected":false},"featured_media":31685,"template":"","meta":{"_links_to":"","_links_to_target":""},"product_brand":[],"product_cat":[1130,1154],"product_tag":[685,974,915],"class_list":{"0":"post-30662","1":"product","2":"type-product","3":"status-publish","4":"has-post-thumbnail","6":"product_cat-design-web","7":"product_cat-site-web-et-page","8":"product_tag-cms","9":"product_tag-custom","10":"product_tag-dynamic-website","12":"first","13":"instock","14":"shipping-taxable","15":"product-type-external"},"composite_virtual":false,"composite_layout":"","composite_add_to_cart_form_location":"","composite_editable_in_cart":false,"composite_sold_individually_context":"","composite_shop_price_calc":"","composite_components":[],"composite_scenarios":[],"_links":{"self":[{"href":"https:\/\/www.lowcostwebagency.com\/fr\/wp-json\/wp\/v2\/product\/30662","targetHints":{"allow":["GET"]}}],"collection":[{"href":"https:\/\/www.lowcostwebagency.com\/fr\/wp-json\/wp\/v2\/product"}],"about":[{"href":"https:\/\/www.lowcostwebagency.com\/fr\/wp-json\/wp\/v2\/types\/product"}],"wp:featuredmedia":[{"embeddable":true,"href":"https:\/\/www.lowcostwebagency.com\/fr\/wp-json\/wp\/v2\/media\/31685"}],"wp:attachment":[{"href":"https:\/\/www.lowcostwebagency.com\/fr\/wp-json\/wp\/v2\/media?parent=30662"}],"wp:term":[{"taxonomy":"product_brand","embeddable":true,"href":"https:\/\/www.lowcostwebagency.com\/fr\/wp-json\/wp\/v2\/product_brand?post=30662"},{"taxonomy":"product_cat","embeddable":true,"href":"https:\/\/www.lowcostwebagency.com\/fr\/wp-json\/wp\/v2\/product_cat?post=30662"},{"taxonomy":"product_tag","embeddable":true,"href":"https:\/\/www.lowcostwebagency.com\/fr\/wp-json\/wp\/v2\/product_tag?post=30662"}],"curies":[{"name":"wp","href":"https:\/\/api.w.org\/{rel}","templated":true}]}}