{"id":30671,"date":"2018-05-29T08:53:18","date_gmt":"2018-05-29T08:53:18","guid":{"rendered":"http:\/\/lowcostwebagency.com\/?post_type=product&#038;p=30671"},"modified":"2022-05-10T06:27:02","modified_gmt":"2022-05-10T06:27:02","slug":"de-joomla-a-wordpress","status":"publish","type":"product","link":"https:\/\/www.lowcostwebagency.com\/fr\/de-joomla-a-wordpress\/","title":{"rendered":"De Joomla \u00e0 WordPress"},"content":{"rendered":"<h2 style=\"text-align: justify;\">Low Cost Web Agency convertit votre site Web Joomla en site Web WordPress.<\/h2>\n<p style=\"text-align: justify;\">Si vous ne voulez pas continuer \u00e0 travailler avec Joomla, nos <strong>d\u00e9veloppeurs talentueux <\/strong>convertiront votre site Web en un site WordPress. Il vous suffit de nous communiquer les pages que vous souhaitez transf\u00e9rer et nous ferons le reste. Gr\u00e2ce \u00e0 cette offre, nous vous fournirons une copie parfaite de votre site web initial. Vous ne remarquerez aucun changement sur votre nouveau site Web\u202f; seul le <strong>CMS<\/strong> utilis\u00e9 est mis \u00e0 jour.<\/p>\n<p style=\"text-align: justify;\">Le prix du service est d\u00e9fini en fonction du nombre de pages \u00e0 transf\u00e9rer vers WordPress et de la complexit\u00e9 du design. Par cons\u00e9quent, assurez-vous que toutes les pages ont encore une utilisation ou sont encore \u00e0 jour avant d&rsquo;acheter notre service afin de ne convertir que ce dont vous avez besoin.<\/p>\n<p style=\"text-align: justify;\">Eh bien, qu&rsquo;attendez-vous ? Investissez maintenant !<\/p>\n","protected":false},"excerpt":{"rendered":"<p style=\"text-align: justify;\">Convertissez votre site Web de Joomla \u00e0 WordPress.<\/p>\n","protected":false},"featured_media":31679,"template":"","meta":{"_links_to":"","_links_to_target":""},"product_brand":[],"product_cat":[1130,1156,1154],"product_tag":[685,686,960,684],"class_list":{"0":"post-30671","1":"product","2":"type-product","3":"status-publish","4":"has-post-thumbnail","6":"product_cat-design-web","7":"product_cat-developpement-debugging","8":"product_cat-site-web-et-page","9":"product_tag-cms","10":"product_tag-joomla","11":"product_tag-talented-developers","12":"product_tag-wordpress","14":"first","15":"instock","16":"shipping-taxable","17":"product-type-external"},"composite_virtual":false,"composite_layout":"","composite_add_to_cart_form_location":"","composite_editable_in_cart":false,"composite_sold_individually_context":"","composite_shop_price_calc":"","composite_components":[],"composite_scenarios":[],"_links":{"self":[{"href":"https:\/\/www.lowcostwebagency.com\/fr\/wp-json\/wp\/v2\/product\/30671","targetHints":{"allow":["GET"]}}],"collection":[{"href":"https:\/\/www.lowcostwebagency.com\/fr\/wp-json\/wp\/v2\/product"}],"about":[{"href":"https:\/\/www.lowcostwebagency.com\/fr\/wp-json\/wp\/v2\/types\/product"}],"wp:featuredmedia":[{"embeddable":true,"href":"https:\/\/www.lowcostwebagency.com\/fr\/wp-json\/wp\/v2\/media\/31679"}],"wp:attachment":[{"href":"https:\/\/www.lowcostwebagency.com\/fr\/wp-json\/wp\/v2\/media?parent=30671"}],"wp:term":[{"taxonomy":"product_brand","embeddable":true,"href":"https:\/\/www.lowcostwebagency.com\/fr\/wp-json\/wp\/v2\/product_brand?post=30671"},{"taxonomy":"product_cat","embeddable":true,"href":"https:\/\/www.lowcostwebagency.com\/fr\/wp-json\/wp\/v2\/product_cat?post=30671"},{"taxonomy":"product_tag","embeddable":true,"href":"https:\/\/www.lowcostwebagency.com\/fr\/wp-json\/wp\/v2\/product_tag?post=30671"}],"curies":[{"name":"wp","href":"https:\/\/api.w.org\/{rel}","templated":true}]}}