{"id":30673,"date":"2018-05-29T09:01:16","date_gmt":"2018-05-29T09:01:16","guid":{"rendered":"http:\/\/lowcostwebagency.com\/?post_type=product&#038;p=30673"},"modified":"2022-05-10T06:26:13","modified_gmt":"2022-05-10T06:26:13","slug":"de-wordpress-a-joomla","status":"publish","type":"product","link":"https:\/\/www.lowcostwebagency.com\/fr\/de-wordpress-a-joomla\/","title":{"rendered":"De WordPress \u00e0 Joomla"},"content":{"rendered":"<h2 style=\"text-align: justify;\">Low Cost Web Agency convertit votre site Web WordPress \u00e0 Joomla.<\/h2>\n<h3 style=\"text-align: justify;\">B\u00e9n\u00e9ficiez d&rsquo;une conversion compl\u00e8te de votre site Web dans votre nouveau syst\u00e8me CMS.<\/h3>\n<p style=\"text-align: justify;\">Notre <strong>designer sp\u00e9cialis\u00e9<\/strong> le cr\u00e9era pour vous ! Il suffit de nous d\u00e9crire le site Web que vous d\u00e9sirez transf\u00e9rer \u00e0 partir de WordPress et nous faisons le reste. Cette offre vous fournit une copie parfaite de votre site Web initial. Nous nous assurons que la copie du site Web est conforme \u00e0 l&rsquo;original. Seul le <strong> CMS<\/strong> utilis\u00e9 est mis \u00e0 jour et vous pouvez alors utiliser votre nouveau syst\u00e8me CMS.<\/p>\n<p style=\"text-align: justify;\">Le prix du service est d\u00e9fini en fonction du nombre de pages et de la complexit\u00e9 de la conception de chaque page que vous voulez transf\u00e9rer dans Joomla.<\/p>\n<p style=\"text-align: justify;\">Demandez un devis !<\/p>\n","protected":false},"excerpt":{"rendered":"<p style=\"text-align: justify;\">Aujourd&rsquo;hui, gr\u00e2ce \u00e0 notre service, vous pouvez migrer de WordPress vers Joomla en un clin d&rsquo;\u0153il.<\/p>\n<p style=\"text-align: justify;\">Tout ce dont vous avez besoin pour transformer votre site Web de WordPress \u00e0 Joomla, c&rsquo;est de Low Cost Web Agency.<\/p>\n","protected":false},"featured_media":31677,"template":"","meta":{"_links_to":"","_links_to_target":""},"product_brand":[],"product_cat":[1130,1156,1154],"product_tag":[685,686,684],"class_list":{"0":"post-30673","1":"product","2":"type-product","3":"status-publish","4":"has-post-thumbnail","6":"product_cat-design-web","7":"product_cat-developpement-debugging","8":"product_cat-site-web-et-page","9":"product_tag-cms","10":"product_tag-joomla","11":"product_tag-wordpress","13":"first","14":"instock","15":"shipping-taxable","16":"product-type-external"},"composite_virtual":false,"composite_layout":"","composite_add_to_cart_form_location":"","composite_editable_in_cart":false,"composite_sold_individually_context":"","composite_shop_price_calc":"","composite_components":[],"composite_scenarios":[],"_links":{"self":[{"href":"https:\/\/www.lowcostwebagency.com\/fr\/wp-json\/wp\/v2\/product\/30673","targetHints":{"allow":["GET"]}}],"collection":[{"href":"https:\/\/www.lowcostwebagency.com\/fr\/wp-json\/wp\/v2\/product"}],"about":[{"href":"https:\/\/www.lowcostwebagency.com\/fr\/wp-json\/wp\/v2\/types\/product"}],"wp:featuredmedia":[{"embeddable":true,"href":"https:\/\/www.lowcostwebagency.com\/fr\/wp-json\/wp\/v2\/media\/31677"}],"wp:attachment":[{"href":"https:\/\/www.lowcostwebagency.com\/fr\/wp-json\/wp\/v2\/media?parent=30673"}],"wp:term":[{"taxonomy":"product_brand","embeddable":true,"href":"https:\/\/www.lowcostwebagency.com\/fr\/wp-json\/wp\/v2\/product_brand?post=30673"},{"taxonomy":"product_cat","embeddable":true,"href":"https:\/\/www.lowcostwebagency.com\/fr\/wp-json\/wp\/v2\/product_cat?post=30673"},{"taxonomy":"product_tag","embeddable":true,"href":"https:\/\/www.lowcostwebagency.com\/fr\/wp-json\/wp\/v2\/product_tag?post=30673"}],"curies":[{"name":"wp","href":"https:\/\/api.w.org\/{rel}","templated":true}]}}