{"id":30675,"date":"2018-05-29T09:39:29","date_gmt":"2018-05-29T09:39:29","guid":{"rendered":"http:\/\/lowcostwebagency.com\/?post_type=product&#038;p=30675"},"modified":"2022-05-10T06:25:39","modified_gmt":"2022-05-10T06:25:39","slug":"compatibilite-site-pour-smartphone","status":"publish","type":"product","link":"https:\/\/www.lowcostwebagency.com\/fr\/compatibilite-site-pour-smartphone\/","title":{"rendered":"Compatibilit\u00e9 Site pour Smartphone"},"content":{"rendered":"<h2 style=\"text-align: justify;\"><strong>Low Cost Web Agency transforme votre site Web en un site r\u00e9actif, convivial et adapt\u00e9 aux appareils mobiles pour un prix modique.<\/strong><\/h2>\n<h3 style=\"text-align: justify;\"><strong>Un site Web r\u00e9actif permet \u00e0 vos visiteurs d&rsquo;afficher n&rsquo;importe quelle page de votre site Web sur n&rsquo;importe quel appareil.<\/strong><\/h3>\n<p style=\"text-align: justify;\">Aujourd&rsquo;hui, l&rsquo;utilisation de tablettes et de smartphones pour acc\u00e9der au Web est tr\u00e8s r\u00e9pandue. Par exemple, dans de nombreuses r\u00e9gions du monde, les gens consultent principalement les sites Web par le biais de leur t\u00e9l\u00e9phone mobile. Les propri\u00e9taires d&rsquo;entreprise veulent que tous les visiteurs de leur site Web profitent de la meilleure <strong>exp\u00e9rience\u00a0client possible.<\/strong> \u00catre compatible avec tous les appareils et s&rsquo;adapter au comportement de vos utilisateurs est la cl\u00e9 du succ\u00e8s pour diffuser votre <strong>image en ligne et am\u00e9liorer la visibilit\u00e9 de votre site web. <\/strong>Un site\u00a0Web est consid\u00e9r\u00e9 comme r\u00e9actif lorsqu&rsquo;il s&rsquo;affiche diff\u00e9remment en fonction de la taille de l&rsquo;\u00e9cran.<\/p>\n<h3 style=\"text-align: justify;\"><strong>Votre site web devient accessible quel que soit l&rsquo;appareil utilis\u00e9 !<\/strong><\/h3>\n<p style=\"text-align: justify;\">Low Cost Web Agency travaille sur la conception de votre site Web en optimisant les grilles, les mises en page et les images et en am\u00e9liorant vos requ\u00eates m\u00e9dias CSS. Low Cost Web Agency ne construit que des <strong>sites Web r\u00e9actifs<\/strong> pour ses clients. De nos jours, ce n&rsquo;est pas une option, mais une obligation ! Google p\u00e9nalise les sites web sur son classement s&rsquo;ils ne sont pas r\u00e9actifs et mobiles.<\/p>\n","protected":false},"excerpt":{"rendered":"<p style=\"text-align: justify;\">Avec Low Cost Web Agency, votre site web devient r\u00e9actif et compatible avec tous les smartphones et \u00e9crans gr\u00e2ce au codage de nos <strong>concepteurs et d\u00e9veloppeurs professionnels<\/strong>\u00a0\u00e0 <strong> bas prix\u202f!<\/strong><\/p>\n","protected":false},"featured_media":31675,"template":"","meta":{"_links_to":"","_links_to_target":""},"product_brand":[],"product_cat":[1130,1156,1154],"product_tag":[957,958,959],"class_list":{"0":"post-30675","1":"product","2":"type-product","3":"status-publish","4":"has-post-thumbnail","6":"product_cat-design-web","7":"product_cat-developpement-debugging","8":"product_cat-site-web-et-page","9":"product_tag-responsive-website","10":"product_tag-smartphones","11":"product_tag-tablets","13":"first","14":"instock","15":"shipping-taxable","16":"product-type-external"},"composite_virtual":false,"composite_layout":"","composite_add_to_cart_form_location":"","composite_editable_in_cart":false,"composite_sold_individually_context":"","composite_shop_price_calc":"","composite_components":[],"composite_scenarios":[],"_links":{"self":[{"href":"https:\/\/www.lowcostwebagency.com\/fr\/wp-json\/wp\/v2\/product\/30675","targetHints":{"allow":["GET"]}}],"collection":[{"href":"https:\/\/www.lowcostwebagency.com\/fr\/wp-json\/wp\/v2\/product"}],"about":[{"href":"https:\/\/www.lowcostwebagency.com\/fr\/wp-json\/wp\/v2\/types\/product"}],"wp:featuredmedia":[{"embeddable":true,"href":"https:\/\/www.lowcostwebagency.com\/fr\/wp-json\/wp\/v2\/media\/31675"}],"wp:attachment":[{"href":"https:\/\/www.lowcostwebagency.com\/fr\/wp-json\/wp\/v2\/media?parent=30675"}],"wp:term":[{"taxonomy":"product_brand","embeddable":true,"href":"https:\/\/www.lowcostwebagency.com\/fr\/wp-json\/wp\/v2\/product_brand?post=30675"},{"taxonomy":"product_cat","embeddable":true,"href":"https:\/\/www.lowcostwebagency.com\/fr\/wp-json\/wp\/v2\/product_cat?post=30675"},{"taxonomy":"product_tag","embeddable":true,"href":"https:\/\/www.lowcostwebagency.com\/fr\/wp-json\/wp\/v2\/product_tag?post=30675"}],"curies":[{"name":"wp","href":"https:\/\/api.w.org\/{rel}","templated":true}]}}