{"id":30679,"date":"2018-05-29T09:54:19","date_gmt":"2018-05-29T09:54:19","guid":{"rendered":"http:\/\/lowcostwebagency.com\/?post_type=product&#038;p=30679"},"modified":"2022-05-10T08:20:07","modified_gmt":"2022-05-10T08:20:07","slug":"conversion-de-video","status":"publish","type":"product","link":"https:\/\/www.lowcostwebagency.com\/fr\/conversion-de-video\/","title":{"rendered":"Conversion de Vid\u00e9o"},"content":{"rendered":"<h2>Low Cost Web Agency transforme votre vid\u00e9o au format dont vous avez besoin.<\/h2>\n<h3 style=\"text-align: justify;\">Am\u00e9liorez les performances de votre site Web en y int\u00e9grant votre vid\u00e9o en format mpeg par exemple. Redimensionnez votre vid\u00e9o pour l&rsquo;adapter \u00e0 la structure de votre site Web.<\/h3>\n<p style=\"text-align: justify;\">Nous constatons souvent que des vid\u00e9os originales, sans optimisation, soient publi\u00e9es, la plupart du temps, malgr\u00e9 un poids important, alors que cela n&rsquo;est pas bien support\u00e9 par les sites web et les ralentit. En outre, une vid\u00e9o trop lourde pourrait, peut \u00eatre, ne pas \u00eatre publiable sur les r\u00e9seaux sociaux \u00e0 cause de son poids\u2026 Low Cost Web Agency est la solution id\u00e9ale parce que nous vous offrons la possibilit\u00e9 de retravailler le format de votre vid\u00e9o pour pouvoir la diffuser facilement sur votre site Web et sur vos r\u00e9seaux sociaux ou sur tout autre support num\u00e9rique !<\/p>\n<h3 style=\"text-align: justify;\">Tout ce dont vous avez besoin, c&rsquo;est de Low Cost Web Agency&#8230; n&rsquo;attendez plus ! La conversion de votre vid\u00e9o \u00e0 petits prix avec Low Cost Web Agency.<\/h3>\n<p style=\"text-align: justify;\">Low Cost Web Agency sera toujours l\u00e0 pour vous aider. Notre designer sp\u00e9cialis\u00e9 optimisera autant que possible votre vid\u00e9o original tout en souciant de la qualit\u00e9 du rendu final.<\/p>\n<h4 style=\"text-align: justify;\">Eh bien, qu&rsquo;attendez-vous ? Contactez-nous maintenant pour nous demander un devis, c&rsquo;est gratuit !<\/h4>\n<h4>Si vous souhaitez la <a href=\"https:\/\/www.lowcostwebagency.com\/fr\/edition-video\/\" rel=\"\">cr\u00e9ation d&rsquo;une vid\u00e9o Low Cost<\/a>, consultez notre service d&rsquo;\u00e9dition de vid\u00e9o.<\/h4>\n","protected":false},"excerpt":{"rendered":"<h3>Conversion Vid\u00e9o Low Cost &#8211; Nous convertissons le format de votre vid\u00e9o et all\u00e9geons son poids si n\u00e9cessaire.<\/h3>\n<p>Nombreuses peuvent \u00eatre les raisons pour lesquelles il est n\u00e9cessaire de retravailler une vid\u00e9o pour changer son format, son encodage ou son poids.<\/p>\n<p>All\u00e9gez ou redimensionner votre vid\u00e9o pour offrir une <strong>meilleure exp\u00e9rience utilisateur <\/strong>\u00e0 votre public est souvent n\u00e9cessaire si vous voulez int\u00e9grer votre vid\u00e9o \u00e0 votre site Web ou l&rsquo;utiliser comme support publicitaire.<\/p>\n<p>Achetez le service de conversion de format vid\u00e9o Low Cost et diffusez votre nouvelle vid\u00e9o optimis\u00e9e par Low Cost Web Agency !<\/p>\n","protected":false},"featured_media":31671,"template":"","meta":{"_links_to":"","_links_to_target":""},"product_brand":[],"product_cat":[1131,1130,1153],"product_tag":[953,951,952],"class_list":{"0":"post-30679","1":"product","2":"type-product","3":"status-publish","4":"has-post-thumbnail","6":"product_cat-design-fr","7":"product_cat-design-web","8":"product_cat-edition-de-videos","9":"product_tag-transforms","10":"product_tag-video-format-conversion","11":"product_tag-well-skilled-designer","13":"first","14":"instock","15":"shipping-taxable","16":"product-type-external"},"composite_virtual":false,"composite_layout":"","composite_add_to_cart_form_location":"","composite_editable_in_cart":false,"composite_sold_individually_context":"","composite_shop_price_calc":"","composite_components":[],"composite_scenarios":[],"_links":{"self":[{"href":"https:\/\/www.lowcostwebagency.com\/fr\/wp-json\/wp\/v2\/product\/30679","targetHints":{"allow":["GET"]}}],"collection":[{"href":"https:\/\/www.lowcostwebagency.com\/fr\/wp-json\/wp\/v2\/product"}],"about":[{"href":"https:\/\/www.lowcostwebagency.com\/fr\/wp-json\/wp\/v2\/types\/product"}],"wp:featuredmedia":[{"embeddable":true,"href":"https:\/\/www.lowcostwebagency.com\/fr\/wp-json\/wp\/v2\/media\/31671"}],"wp:attachment":[{"href":"https:\/\/www.lowcostwebagency.com\/fr\/wp-json\/wp\/v2\/media?parent=30679"}],"wp:term":[{"taxonomy":"product_brand","embeddable":true,"href":"https:\/\/www.lowcostwebagency.com\/fr\/wp-json\/wp\/v2\/product_brand?post=30679"},{"taxonomy":"product_cat","embeddable":true,"href":"https:\/\/www.lowcostwebagency.com\/fr\/wp-json\/wp\/v2\/product_cat?post=30679"},{"taxonomy":"product_tag","embeddable":true,"href":"https:\/\/www.lowcostwebagency.com\/fr\/wp-json\/wp\/v2\/product_tag?post=30679"}],"curies":[{"name":"wp","href":"https:\/\/api.w.org\/{rel}","templated":true}]}}