{"id":30681,"date":"2016-10-27T11:31:45","date_gmt":"2016-10-27T11:31:45","guid":{"rendered":"http:\/\/lowcostwebagency.com\/?post_type=product&#038;p=30681"},"modified":"2026-04-13T22:14:16","modified_gmt":"2026-04-13T16:44:16","slug":"update-de-site-joomla","status":"publish","type":"product","link":"https:\/\/www.lowcostwebagency.com\/fr\/update-de-site-joomla\/","title":{"rendered":"Mise \u00e0 jour Site Joomla"},"content":{"rendered":"<h2 style=\"text-align: justify;\">Gardez votre site web r\u00e9alis\u00e9 avec le CMS Joomla \u00e0 jour et obtenez la meilleure protection possible.<\/h2>\n<h3 style=\"text-align: justify;\">Une nouvelle version du CMS Joomla vous offrira de nouvelles fonctionnalit\u00e9s, ne les manquez pas !<\/h3>\n<p style=\"text-align: justify;\">C&rsquo;est une activit\u00e9 critique et les d\u00e9tenteurs de site Web Joomla ne savent pas toujours que les mises \u00e0 jour r\u00e9currentes de Joomla sont n\u00e9cessaires pour profiter pleinement de l&rsquo;exp\u00e9rience de ce CMS et maintenir leurs sites s\u00e9curis\u00e9s. Les performances de votre site Web peuvent \u00eatre affect\u00e9es si vous ne proc\u00e9dez pas \u00e0 des mises \u00e0 jour r\u00e9guli\u00e8res. Ne pas le faire, cr\u00e9era \u00e0 la fin un co\u00fbt plus \u00e9lev\u00e9 lorsque vous voudrez mettre \u00e0 jour votre site Joomla. Ainsi, il est toujours mieux de mettre \u00e0 jour r\u00e9guli\u00e8rement votre site web Joomla et vous pouvez le faire \u00e0 un prix Low Cost avec Low Cost Web Agency !<\/p>\n<p style=\"text-align: justify;\">Avec le service de mis \u00e0 jour de site Web Joomla, Low Cost Web Agency travaille pour s&rsquo;assurer que votre site Web fonctionne et tourne avec la derni\u00e8re version de Joomla sans bug. En fait, comme pour d&rsquo;autres CMS, l&rsquo;\u00e9quipe de Joomla travaille continuellement sur l&rsquo;am\u00e9lioration de la plate-forme pour fournir aux utilisateurs de votre site Web et \u00e0 vous, la meilleure protection contre les pirates informatiques. Des solutions sont mises en \u0153uvre \u00e0 chaque nouvelle version pour d\u00e9jouer de nouveaux types d&rsquo;attaques informatiques. Chaque mise \u00e0 jour peut \u00eatre une \u00e9volution majeure ou petite qui vous garantit que votre site Web Joomla est correctement prot\u00e9g\u00e9 contre les attaques de pirates informatiques. En outre, la mise \u00e0 jour vous permettra de profiter de nombreuses nouvelles fonctionnalit\u00e9s utiles pour am\u00e9liorer et faire \u00e9voluer votre site Web Joomla.<\/p>\n<p style=\"text-align: justify;\">Selon le nombre de mises \u00e0 jour que vous avez manqu\u00e9es, le nombre de plugins que vous avez sur votre site Joomla Joomla et le niveau de personnalisation de votre site Web actuel, nous estimerons le temps n\u00e9cessaire pour la mise \u00e0 jour de votre site et nous vous donnerons le meilleur devis possible et Low Cost.<\/p>\n<p style=\"text-align: justify;\">Eh bien, qu&rsquo;attendez-vous ? Achetez maintenant notre service d&rsquo;ajournement de site pour gagner du temps et vous assurer que la mise \u00e0 jour de votre site Joomla soit faite par des professionnels !<\/p>\n","protected":false},"excerpt":{"rendered":"<p style=\"text-align: justify;\">Tout ce dont vous avez besoin c&rsquo;est de Low Cost Web Agency ! Votre site Joomla est mis \u00e0 jour par un d\u00e9veloppeur <strong>professionnel<\/strong> \u00e0 un prix <strong>tr\u00e8s bas en peu de temps <\/strong>! Composants, modules, templates, version de Joomla, nous nous occupons de tout. Demandez un devis.<\/p>\n","protected":false},"featured_media":30682,"template":"","meta":{"_links_to":"","_links_to_target":""},"product_brand":[],"product_cat":[1130,1156,1154],"product_tag":[],"class_list":{"0":"post-30681","1":"product","2":"type-product","3":"status-publish","4":"has-post-thumbnail","6":"product_cat-design-web","7":"product_cat-developpement-debugging","8":"product_cat-site-web-et-page","10":"first","11":"instock","12":"shipping-taxable","13":"product-type-external"},"composite_virtual":false,"composite_layout":"","composite_add_to_cart_form_location":"","composite_editable_in_cart":false,"composite_sold_individually_context":"","composite_shop_price_calc":"","composite_components":[],"composite_scenarios":[],"_links":{"self":[{"href":"https:\/\/www.lowcostwebagency.com\/fr\/wp-json\/wp\/v2\/product\/30681","targetHints":{"allow":["GET"]}}],"collection":[{"href":"https:\/\/www.lowcostwebagency.com\/fr\/wp-json\/wp\/v2\/product"}],"about":[{"href":"https:\/\/www.lowcostwebagency.com\/fr\/wp-json\/wp\/v2\/types\/product"}],"wp:featuredmedia":[{"embeddable":true,"href":"https:\/\/www.lowcostwebagency.com\/fr\/wp-json\/wp\/v2\/media\/30682"}],"wp:attachment":[{"href":"https:\/\/www.lowcostwebagency.com\/fr\/wp-json\/wp\/v2\/media?parent=30681"}],"wp:term":[{"taxonomy":"product_brand","embeddable":true,"href":"https:\/\/www.lowcostwebagency.com\/fr\/wp-json\/wp\/v2\/product_brand?post=30681"},{"taxonomy":"product_cat","embeddable":true,"href":"https:\/\/www.lowcostwebagency.com\/fr\/wp-json\/wp\/v2\/product_cat?post=30681"},{"taxonomy":"product_tag","embeddable":true,"href":"https:\/\/www.lowcostwebagency.com\/fr\/wp-json\/wp\/v2\/product_tag?post=30681"}],"curies":[{"name":"wp","href":"https:\/\/api.w.org\/{rel}","templated":true}]}}