{"id":30683,"date":"2016-10-27T11:32:08","date_gmt":"2018-05-29T10:12:09","guid":{"rendered":"http:\/\/lowcostwebagency.com\/?post_type=product&#038;p=30683"},"modified":"2022-05-10T06:50:38","modified_gmt":"2022-05-10T06:50:38","slug":"ajournement-de-site-wordpress","status":"publish","type":"product","link":"https:\/\/www.lowcostwebagency.com\/fr\/ajournement-de-site-wordpress\/","title":{"rendered":"Mise \u00e0 jour de Site WordPress"},"content":{"rendered":"<h2 style=\"text-align: justify;\">Faire des mises \u00e0 jour r\u00e9guli\u00e8res de WordPress est n\u00e9cessaire si vous voulez donner \u00e0 votre site Web la meilleure s\u00e9curit\u00e9 et protection possible.<\/h2>\n<h3 style=\"text-align: justify;\">L&rsquo;ex\u00e9cution d&rsquo;une version obsol\u00e8te de WordPress pourrait entra\u00eener plusieurs probl\u00e8mes, non seulement li\u00e9s aux menaces de s\u00e9curit\u00e9, mais aussi \u00e0 la stabilit\u00e9 globale des fonctionnalit\u00e9s offertes par votre site Web.<\/h3>\n<h4 style=\"text-align: justify;\">Une version mise \u00e0 jour du CMS WordPress offre de nouvelles fonctionnalit\u00e9s et vous prot\u00e8ge contre les pirates informatiques<\/h4>\n<p style=\"text-align: justify;\">WordPress est le plus c\u00e9l\u00e9br\u00e8 <strong>syst\u00e8me de gestion de contenu<\/strong> (CMS). La plateforme est tr\u00e8s efficace, mais si vous voulez profiter pleinement du CMS WordPress, des mises \u00e0 jour sont n\u00e9cessaires de temps en temps. Souvent, les gens n&rsquo;ont pas beaucoup de temps libre ou toutes les comp\u00e9tences ad\u00e9quates pour garder leur installation WordPress \u00e0 jour. Cela a pour r\u00e9sultat d&rsquo;offrir un site Web non fiable \u00e0 vos visiteurs qui peuvent attraper des virus depuis votre site. Google donnera probablement aussi \u00e0 votre site un classement n\u00e9gatif s&rsquo;il est obsol\u00e8te. Par cons\u00e9quent, un site Web mis \u00e0 jour ne vous procure que des avantages ! Si vous \u00eates s\u00e9rieux avec votre entreprise, vous devez garder votre site WordPress \u00e0 jour. Il n&rsquo;y a pas d&rsquo;autre option !<\/p>\n<p style=\"text-align: justify;\">Avec ce service, Low Cost Web Agency vous offre la possibilit\u00e9 de mettre \u00e0 jour compl\u00e8tement votre CMS WordPress pour un co\u00fbt tr\u00e8s bas, un prix Low Cost. En respectant la feuille de route et recommandations des mises \u00e0 jour de WordPress, vous procurez \u00e0 votre site web une s\u00e9curit\u00e9 renforc\u00e9e. En effet, les \u00e9quipes WordPress travaille en permanence pour am\u00e9liorer l&rsquo;outil et vous fournir la meilleure protection possible contre les pirates informatiques. En plus d&rsquo;une haute protection contre les attaques informatiques, les mises \u00e0 jour de WordPress vous permettent de profiter de toutes les nouvelles fonctionnalit\u00e9s disponibles fournies par le CMS le plus populaire.<\/p>\n<h3 style=\"text-align: justify;\">Selon le nombre de mises \u00e0 jour que vous avez manqu\u00e9es, le nombre de plugins que vous avez sur votre site WordPress et le niveau de personnalisation de votre site Web et de son template ou theme, nous estimerons le temps n\u00e9cessaire pour le mise \u00e0 jour et vous donnerons le meilleur devis possible et toujours Low Cost !<\/h3>\n","protected":false},"excerpt":{"rendered":"<p style=\"text-align: justify;\">Parfois, la mise \u00e0 jour de votre version de WordPress peut \u00eatre assez difficile pour les personnes qui n&rsquo;ont pas beaucoup de comp\u00e9tences techniques. Les experts WordPress de Low Cost Web Agency mettent \u00e0 jour votre site Web pour quelques euros. Alors, n&rsquo;attendez pas et investissez un petit montant sur ces t\u00e2ches pour gagner du temps et \u00eatre s\u00fbr de ne pas avoir de probl\u00e8me avec votre site web au moment de sa mise \u00e0 jour.<\/p>\n","protected":false},"featured_media":31667,"template":"","meta":{"_links_to":"","_links_to_target":""},"product_brand":[],"product_cat":[1130,1156,1154],"product_tag":[],"class_list":{"0":"post-30683","1":"product","2":"type-product","3":"status-publish","4":"has-post-thumbnail","6":"product_cat-design-web","7":"product_cat-developpement-debugging","8":"product_cat-site-web-et-page","10":"first","11":"instock","12":"shipping-taxable","13":"product-type-external"},"composite_virtual":false,"composite_layout":"","composite_add_to_cart_form_location":"","composite_editable_in_cart":false,"composite_sold_individually_context":"","composite_shop_price_calc":"","composite_components":[],"composite_scenarios":[],"_links":{"self":[{"href":"https:\/\/www.lowcostwebagency.com\/fr\/wp-json\/wp\/v2\/product\/30683","targetHints":{"allow":["GET"]}}],"collection":[{"href":"https:\/\/www.lowcostwebagency.com\/fr\/wp-json\/wp\/v2\/product"}],"about":[{"href":"https:\/\/www.lowcostwebagency.com\/fr\/wp-json\/wp\/v2\/types\/product"}],"wp:featuredmedia":[{"embeddable":true,"href":"https:\/\/www.lowcostwebagency.com\/fr\/wp-json\/wp\/v2\/media\/31667"}],"wp:attachment":[{"href":"https:\/\/www.lowcostwebagency.com\/fr\/wp-json\/wp\/v2\/media?parent=30683"}],"wp:term":[{"taxonomy":"product_brand","embeddable":true,"href":"https:\/\/www.lowcostwebagency.com\/fr\/wp-json\/wp\/v2\/product_brand?post=30683"},{"taxonomy":"product_cat","embeddable":true,"href":"https:\/\/www.lowcostwebagency.com\/fr\/wp-json\/wp\/v2\/product_cat?post=30683"},{"taxonomy":"product_tag","embeddable":true,"href":"https:\/\/www.lowcostwebagency.com\/fr\/wp-json\/wp\/v2\/product_tag?post=30683"}],"curies":[{"name":"wp","href":"https:\/\/api.w.org\/{rel}","templated":true}]}}