{"id":30696,"date":"2018-05-29T10:45:34","date_gmt":"2018-05-29T10:45:34","guid":{"rendered":"http:\/\/lowcostwebagency.com\/?post_type=product&#038;p=30696"},"modified":"2022-05-10T06:21:36","modified_gmt":"2022-05-10T06:21:36","slug":"edition-video","status":"publish","type":"product","link":"https:\/\/www.lowcostwebagency.com\/fr\/edition-video\/","title":{"rendered":"Edition Vid\u00e9o"},"content":{"rendered":"<h2 style=\"text-align: justify;\">Votre vid\u00e9o Low Cost r\u00e9alis\u00e9e par Low Cost Web Agency pour quelques euros.<\/h2>\n<h3 style=\"text-align: justify;\">Communiquez autour de votre entreprise, vos produits et services gr\u00e2ce \u00e0 une vid\u00e9o professionnelle con\u00e7ue \u00e0 prix Low Cost.<\/h3>\n<p style=\"text-align: justify;\">La vid\u00e9o est un support num\u00e9rique indispensable pour la promotion d&rsquo;une entreprise, d&rsquo;une activit\u00e9 ou d&rsquo;un produit sp\u00e9cifique. Vous pouvez d\u00e9cider de communiquer sur un \u00e9v\u00e9nement ou m\u00eame de partager une exp\u00e9rience avec vos clients en utilisant la vid\u00e9o comme support privil\u00e9gi\u00e9. Votre vid\u00e9o peut \u00eatre publi\u00e9e sur votre site Web et partag\u00e9e sur les r\u00e9seaux sociaux comme Facebook, LinkedIn ou publi\u00e9e directement sur YouTube ou Vimeo.<\/p>\n<p style=\"text-align: justify;\">L&rsquo;objectif principal d&rsquo;une vid\u00e9o est de donner rapidement des informations essentielles \u00e0 votre public, \u00e0 votre audience et de les convertir en client. Si votre vid\u00e9o est bien r\u00e9alis\u00e9e, elle devrait attirer et inciter vos clients potentiels \u00e0 en savoir plus sur vous, \u00e0 consulter votre site Web par exemple. C&rsquo;est aussi une excellente occasion d&rsquo;impressionner vos clients et partenaires actuels. Ne la manquez pas ! C&rsquo;est presque gratuit avec Low Cost Web Agency.<\/p>\n<h3>Low Cost Web Agency satisfait vos besoins en service de cr\u00e9ation de vid\u00e9o \u00e0 des tarifs avantageux, ultra comp\u00e9titifs.<\/h3>\n<p style=\"text-align: justify;\">Low Cost Web Agency fournit des vid\u00e9os professionnelles gr\u00e2ce \u00e0 son expertise en production vid\u00e9o.<\/p>\n<p style=\"text-align: justify;\">Obtenez un prix fixe pour la r\u00e9alisation de votre vid\u00e9o gr\u00e2ce \u00e0 notre estimation pr\u00e9cise du temps de travail n\u00e9cessaire et de la complexit\u00e9 pour produire votre vid\u00e9o. Pas de surcout, pas de mauvaise surprise\u2026<\/p>\n<blockquote><p><em>\u00ab\u00a0Vous ne payez que ce dont vous avez besoin !\u00a0\u00bb<\/em><\/p><\/blockquote>\n<p style=\"text-align: justify;\">C&rsquo;est la devise de Low Cost Web Agency. Notre Agence Web a \u00e9t\u00e9 cr\u00e9\u00e9e pour permettre \u00e0 tout \u00e0 chacun de disposer d&rsquo;une image professionnelle sur le Web sans d\u00e9penser beaucoup d&rsquo;argent, sans n\u00e9cessit\u00e9 de budget cons\u00e9quent !<\/p>\n<h3 style=\"text-align: justify;\">Eh bien, qu&rsquo;attendez-vous ? Investissez maintenant quelques euros pour la cr\u00e9ation de votre nouvelle vid\u00e9o !<\/h3>\n<h4>Vous ne souhaitez que la conversion d&rsquo;une vid\u00e9o d\u00e9j\u00e0 existante. Consultez notre service de <a href=\"\/fr\/product\/conversion-de-video\/\" rel=\"\">Conversion Vid\u00e9o Low Cost<\/a> !<\/h4>\n","protected":false},"excerpt":{"rendered":"<h3>Cr\u00e9ation de vid\u00e9o Pro \u00e0 prix Low Cost<\/h3>\n<h3>Low Cost Web Agency satisfait vos besoins en service de cr\u00e9ation de vid\u00e9o \u00e0 des tarifs avantageux, ultra comp\u00e9titifs.<\/h3>\n<p>Low Cost Web Agency fournit des vid\u00e9os professionnelles gr\u00e2ce \u00e0 son expertise en production vid\u00e9o.<\/p>\n<p>Obtenez un prix fixe pour la r\u00e9alisation de votre vid\u00e9o gr\u00e2ce \u00e0 notre estimation pr\u00e9cise du temps de travail n\u00e9cessaire et de la complexit\u00e9 pour produire votre vid\u00e9o. Pas de surcout, pas de mauvaise surprise.<\/p>\n<p style=\"text-align: justify;\">L&rsquo;\u00e9dition et la cr\u00e9ation, production de vid\u00e9o peut prendre beaucoup de temps, Low Cost Web Agency vous garantit la production de <strong>vid\u00e9os professionnelles<\/strong> gr\u00e2ce \u00e0 son expertise dans le domaine de la vid\u00e9o num\u00e9rique pour un prix d\u00e9fiant toute concurrence.<\/p>\n","protected":false},"featured_media":31661,"template":"","meta":{"_links_to":"","_links_to_target":""},"product_brand":[],"product_cat":[1131,1130,1153],"product_tag":[947,946,945,942],"class_list":{"0":"post-30696","1":"product","2":"type-product","3":"status-publish","4":"has-post-thumbnail","6":"product_cat-design-fr","7":"product_cat-design-web","8":"product_cat-edition-de-videos","9":"product_tag-creative-video","10":"product_tag-professional-video","11":"product_tag-video-edition","12":"product_tag-youtube","14":"first","15":"instock","16":"shipping-taxable","17":"product-type-external"},"composite_virtual":false,"composite_layout":"","composite_add_to_cart_form_location":"","composite_editable_in_cart":false,"composite_sold_individually_context":"","composite_shop_price_calc":"","composite_components":[],"composite_scenarios":[],"_links":{"self":[{"href":"https:\/\/www.lowcostwebagency.com\/fr\/wp-json\/wp\/v2\/product\/30696","targetHints":{"allow":["GET"]}}],"collection":[{"href":"https:\/\/www.lowcostwebagency.com\/fr\/wp-json\/wp\/v2\/product"}],"about":[{"href":"https:\/\/www.lowcostwebagency.com\/fr\/wp-json\/wp\/v2\/types\/product"}],"wp:featuredmedia":[{"embeddable":true,"href":"https:\/\/www.lowcostwebagency.com\/fr\/wp-json\/wp\/v2\/media\/31661"}],"wp:attachment":[{"href":"https:\/\/www.lowcostwebagency.com\/fr\/wp-json\/wp\/v2\/media?parent=30696"}],"wp:term":[{"taxonomy":"product_brand","embeddable":true,"href":"https:\/\/www.lowcostwebagency.com\/fr\/wp-json\/wp\/v2\/product_brand?post=30696"},{"taxonomy":"product_cat","embeddable":true,"href":"https:\/\/www.lowcostwebagency.com\/fr\/wp-json\/wp\/v2\/product_cat?post=30696"},{"taxonomy":"product_tag","embeddable":true,"href":"https:\/\/www.lowcostwebagency.com\/fr\/wp-json\/wp\/v2\/product_tag?post=30696"}],"curies":[{"name":"wp","href":"https:\/\/api.w.org\/{rel}","templated":true}]}}