{"id":30698,"date":"2016-11-29T08:33:49","date_gmt":"2018-05-29T11:29:53","guid":{"rendered":"http:\/\/lowcostwebagency.com\/?post_type=product&#038;p=30698"},"modified":"2022-05-10T06:52:52","modified_gmt":"2022-05-10T06:52:52","slug":"gestion-reseaux-sociaux","status":"publish","type":"product","link":"https:\/\/www.lowcostwebagency.com\/fr\/gestion-reseaux-sociaux\/","title":{"rendered":"Gestion R\u00e9seaux Sociaux"},"content":{"rendered":"<h2 style=\"text-align: justify;\">Si vous n&rsquo;avez pas le temps ou vous ne savez pas comment g\u00e9rer vos r\u00e9seaux sociaux&#8230;. Low Cost Web Agency est la solution faite pour vous !<\/h2>\n<h3 style=\"text-align: justify;\">Utilisez vos r\u00e9seaux sociaux \u00e0 bon escient et maximisez la valeur ajout\u00e9e qu&rsquo;ils peuvent apporter \u00e0 votre entreprise !<\/h3>\n<p style=\"text-align: justify;\"><strong>La gestion de vos r\u00e9seaux sociaux<\/strong> vous prend trop de votre temps et vous n&rsquo;obtenez pas les r\u00e9sultats escompt\u00e9s\u2026 ? Si vos r\u00e9seaux sociaux sont g\u00e9r\u00e9s de mani\u00e8re professionnelle et performante, ils seront le relais de vos innovations, vos initiatives, vos messages d&rsquo;entreprise, vos \u00e9v\u00e9nements, votre r\u00e9ussite, votre vision, etc. Il existe de nombreux r\u00e9seaux sociaux et vous pouvez d\u00e9cider lesquels vous voulez cibler parce que consid\u00e9r\u00e9s comme les plus pertinents pour votre entreprise et votre domaine d&rsquo;activit\u00e9. Pour faire cela correctement et obtenir des r\u00e9sultats tangibles, vous allez avoir besoin de r\u00e9fl\u00e9chir \u00e0 une strat\u00e9gie sp\u00e9cifique et \u00eatre accompagn\u00e9 par des pros de l&rsquo;\u00e9quipe de Low Cost Web Agency pour le d\u00e9ploiement de cette strat\u00e9gie, de plus en plus souvent appel\u00e9e <a href=\"https:\/\/fr.wikipedia.org\/wiki\/Growth_hacking\" target=\"_blank\" rel=\"noopener noreferrer\"><strong>Growth Hacking<\/strong><\/a> ou <strong>Growth Marketing<\/strong> !<\/p>\n<h3 style=\"text-align: justify;\">Low Cost Web Agency vous fait gagner du temps et g\u00e9n\u00e8re du trafic vers les pages de votre site Web et <a href=\"https:\/\/www.lowcostwebagency.com\/fr\/landing-page\/\" rel=\"\">Landing Page<\/a> !<\/h3>\n<p style=\"text-align: justify;\">Nous g\u00e9rons vos r\u00e9seaux sociaux tels que Twitter, Facebook, Instagram et YouTube en votre nom et en suivant une ligne \u00e9ditoriale pr\u00e9cise \u00e9labor\u00e9e ensemble. Nous utilisons des strat\u00e9gies pertinentes de <strong>Growth marketing<\/strong> adapt\u00e9es \u00e0 chaque r\u00e9seau social et \u00e0 votre environnement digitale en constante \u00e9volution pour aider les <strong>entreprises, comme la votre, \u00e0 cro\u00eetre<\/strong> et <strong>\u00e0 atteindre ses objectifs en utilisant la force des r\u00e9seaux sociaux<\/strong>.<\/p>\n<p style=\"text-align: justify;\">Nous agissons en tant que <strong>mod\u00e9rateur et animateur de vos r\u00e9seaux sociaux<\/strong>. Nous interagissons avec votre audience, vos clients, vos fournisseurs et nous somme force de proposition pour agrandir le nombre et la qualit\u00e9 de vos clients capt\u00e9s gr\u00e2ce \u00e0 des techniques et des outils de Webmarketing de premier choix. Nous discutons ensemble de la meilleur strat\u00e9gie \u00e0 mettre en place pour la gestion de votre communaut\u00e9 sur les r\u00e9seaux sociaux. Vos messages seront uniques et attrayants avec l&rsquo;objectif de retenir votre audience actuelle et de g\u00e9n\u00e9rer de nouveaux followers. A chaque fois que nous publions un contenu sur vos r\u00e9seaux sociaux, les interactions g\u00e9n\u00e9r\u00e9es par celui-ci doivent \u00eatre, dans un second temps, suivies et analys\u00e9es pour donner une r\u00e9ponse correcte, ad\u00e9quate et rapide. Nous vous aidons \u00e0 choisir notre meilleure offre toujours Low Cost avec un prix bas\u00e9 sur le choix de publications quotidiennes, hebdomadaires ou mensuelles, et le nombre de r\u00e9seaux sociaux que vous souhaitez confi\u00e9s \u00e0 Low Cost Web Agency. N&rsquo;h\u00e9sitez pas \u00e0 nous demander un devis pour la gestion de vos r\u00e9seaux sociaux d\u00e8s maintenant ! Nous mettrons \u00e0 votre disposition un Community Manager s\u00e9lectionn\u00e9 sur le volet et adapt\u00e9 \u00e0 votre secteur d&rsquo;activit\u00e9.<\/p>\n<p style=\"text-align: justify;\">Soyez <strong>professionnel, ne l\u00e9sinez pas sur l&rsquo;image de Votre entreprise sur le Web, utilisez la puissance des r\u00e9seaux sociaux, <\/strong>demandez \u00e0 Low Cost Web Agency de s&rsquo;occuper de votre image sur les r\u00e9seaux sociaux d\u00e8s maintenant !<\/p>\n<p style=\"text-align: justify;\">N&rsquo;attendez pas, il est temps d&rsquo;am\u00e9liorer la notori\u00e9t\u00e9 de votre marque gr\u00e2ce aux r\u00e9seaux sociaux ! Le monde bouge vite ! Vous ne pouvez pas rester immobile. Low Cost Web Agency vous permet d&rsquo;obtenir des r\u00e9sultats concrets gr\u00e2ce \u00e0 la bonne gestion de vos r\u00e9seaux sociaux et \u00e0 <strong>des prix vraiment Low Cost.<\/strong><\/p>\n<h3 style=\"text-align: justify;\">Demander un devis personnalis\u00e9 ! C&rsquo;est gratuit.<\/h3>\n","protected":false},"excerpt":{"rendered":"<p style=\"text-align: justify;\">Confiez \u00e0 Low Cost Web Agency <strong>la gestion de vos r\u00e9seaux sociaux<\/strong>. Notre mission est simple, nous vous faisons \u00e9conomiser du temps, de l&rsquo;argent et de l&rsquo;\u00e9nergie et nous maximisons la puissance des r\u00e9seaux sociaux pour agrandir votre communaut\u00e9 sur les r\u00e9seaux sociaux ! Avec Low Cost Web Agency, vous pouvez vous concentrer sur vos activit\u00e9s principales et recueillir des r\u00e9sultats rapides et tangibles gr\u00e2ce \u00e0 une gestion professionnel et pas cher de vos r\u00e9seaux sociaux ! <strong>Le temps du bricolage, Do it Yourself,<\/strong> sur les r\u00e9seaux sociaux est r\u00e9volu. Les plateformes de r\u00e9seau social deviennent de plus en plus complexes et chronophages. Bien utilis\u00e9es, elle vous restituerons, fois dix, l&rsquo;investissement que vous leur avez d\u00e9di\u00e9, mal g\u00e9r\u00e9es, votre image en p\u00e2tira et vous laisserez \u00e0 vos concurrents des parts de march\u00e9 toujours plus importantes. Il est temps de r\u00e9agir. Confiez la gestion de vos r\u00e9seaux sociaux \u00e0 des pro !<\/p>\n<p style=\"text-align: justify;\"><strong>Demandez-nous un devis d\u00e8s maintenant. C&rsquo;est sans engagement,<\/strong> nous sommes Low Cost Web Agency&#8230; et nous sommes fiers de vous proposer des tarifs Low Cost pour un Community Management de qualit\u00e9 qui procurera, \u00e0 votre entreprise, l&rsquo;image qu&rsquo;elle m\u00e9rite !<\/p>\n","protected":false},"featured_media":31659,"template":"","meta":{"_links_to":"","_links_to_target":""},"product_brand":[],"product_cat":[1179,1178,1160],"product_tag":[],"class_list":{"0":"post-30698","1":"product","2":"type-product","3":"status-publish","4":"has-post-thumbnail","6":"product_cat-gestion-des-comptes-de-reseaux-sociaux","7":"product_cat-marketing-des-reseaux-sociaux","8":"product_cat-marketing-web","10":"first","11":"instock","12":"shipping-taxable","13":"product-type-external"},"composite_virtual":false,"composite_layout":"","composite_add_to_cart_form_location":"","composite_editable_in_cart":false,"composite_sold_individually_context":"","composite_shop_price_calc":"","composite_components":[],"composite_scenarios":[],"_links":{"self":[{"href":"https:\/\/www.lowcostwebagency.com\/fr\/wp-json\/wp\/v2\/product\/30698","targetHints":{"allow":["GET"]}}],"collection":[{"href":"https:\/\/www.lowcostwebagency.com\/fr\/wp-json\/wp\/v2\/product"}],"about":[{"href":"https:\/\/www.lowcostwebagency.com\/fr\/wp-json\/wp\/v2\/types\/product"}],"wp:featuredmedia":[{"embeddable":true,"href":"https:\/\/www.lowcostwebagency.com\/fr\/wp-json\/wp\/v2\/media\/31659"}],"wp:attachment":[{"href":"https:\/\/www.lowcostwebagency.com\/fr\/wp-json\/wp\/v2\/media?parent=30698"}],"wp:term":[{"taxonomy":"product_brand","embeddable":true,"href":"https:\/\/www.lowcostwebagency.com\/fr\/wp-json\/wp\/v2\/product_brand?post=30698"},{"taxonomy":"product_cat","embeddable":true,"href":"https:\/\/www.lowcostwebagency.com\/fr\/wp-json\/wp\/v2\/product_cat?post=30698"},{"taxonomy":"product_tag","embeddable":true,"href":"https:\/\/www.lowcostwebagency.com\/fr\/wp-json\/wp\/v2\/product_tag?post=30698"}],"curies":[{"name":"wp","href":"https:\/\/api.w.org\/{rel}","templated":true}]}}