{"id":30700,"date":"2018-05-29T11:38:55","date_gmt":"2018-05-29T11:38:55","guid":{"rendered":"http:\/\/lowcostwebagency.com\/?post_type=product&#038;p=30700"},"modified":"2022-05-10T06:20:57","modified_gmt":"2022-05-10T06:20:57","slug":"communique-de-presse","status":"publish","type":"product","link":"https:\/\/www.lowcostwebagency.com\/fr\/communique-de-presse\/","title":{"rendered":"Communiqu\u00e9 De Presse"},"content":{"rendered":"<h2 style=\"text-align: justify;\">Low Cost Web Agency r\u00e9dige votre communiqu\u00e9 de presse \u00e0 bas prix.<\/h2>\n<p style=\"text-align: justify;\">Si vous \u00eates un innovateur, un journaliste ou un entrepreneur et que vous vous demandez comment communiquer des <strong>informations importantes sur votre entreprise ou vos produits<\/strong>, vous \u00eates au bon endroit ! Le communiqu\u00e9 de presse est un document bref destin\u00e9 \u00e0 <strong>informer les m\u00e9dias <\/strong>sur un sujet sp\u00e9cifique.<\/p>\n<p style=\"text-align: justify;\">Un communiqu\u00e9 de presse est fondamental pour annoncer officiellement toute nouvelle pertinente concernant votre entreprise et vos produits. Votre communiqu\u00e9 de presse pourrait \u00eatre publi\u00e9 sur un site web sp\u00e9cialis\u00e9 dans ce genre de publication comme PrBuzz, ReleaseWire et PressReleasePing. D&rsquo;autres sites de communiqu\u00e9s de presse comme Digital Journal, CBS, FOX, Daily Herald, Associated Press, WND, Google News, Bing, etc. n&rsquo;accepteront votre communiqu\u00e9 que s&rsquo;il est bien \u00e9crit !<\/p>\n<p style=\"text-align: justify;\">Vous pouvez d\u00e9cider de publier votre communiqu\u00e9 de presse directement sur votre propre site web ou vous pouvez nous demander de le faire pour vous moyennant un petit suppl\u00e9ment. Nos clients commandent souvent ce service par manque de temps. Comme il s&rsquo;agit d&rsquo;un document important qui doit \u00eatre <strong>structur\u00e9 et r\u00e9dig\u00e9<\/strong> avec un bon niveau de langue incluant toutes ses subtilit\u00e9s, ce serait donc un meilleur choix si vous nous demandiez de faire le travail afin d&rsquo;\u00eatre s\u00fbr que votre communiqu\u00e9 soit accept\u00e9 et publi\u00e9.<\/p>\n<h3 style=\"text-align: justify;\">Il vous suffit de nous expliquer ce dont vous avez besoin et nous nous occupons du reste !<\/h3>\n<p style=\"text-align: justify;\">Low Cost Web Agency a pour objectif d&rsquo;aider toutes les entreprises \u00e0 d\u00e9velopper leur image web. Le <strong> communiqu\u00e9 de presse<\/strong> est un processus difficile et si vous voulez obtenir un r\u00e9sultat de haute qualit\u00e9, nous vous conseillons de ne travailler qu&rsquo;avec une entreprise exp\u00e9riment\u00e9e comme nous le sommes !<\/p>\n<p style=\"text-align: justify;\">Agence Web \u00e0 bas prix&#8230; tout ce dont vous avez besoin au m\u00eame endroit !<\/p>\n","protected":false},"excerpt":{"rendered":"<p style=\"text-align: justify;\">Un r\u00e9dacteur professionnel s&rsquo;efforcera de vous fournir un <strong>communiqu\u00e9 de presse de haute qualit\u00e9<\/strong>. Dites-nous ce que vous souhaitez mettre dans votre communiqu\u00e9 de presse et nous l&rsquo;\u00e9crirons pour vous en respectant les meilleures r\u00e8gles en mati\u00e8re de r\u00e9daction de communiqu\u00e9 de presse !<\/p>\n","protected":false},"featured_media":31657,"template":"","meta":{"_links_to":"","_links_to_target":""},"product_brand":[],"product_cat":[1168,1166,1160],"product_tag":[934,936,935,937],"class_list":{"0":"post-30700","1":"product","2":"type-product","3":"status-publish","4":"has-post-thumbnail","6":"product_cat-communique-de-presse","7":"product_cat-marketing-de-contenu","8":"product_cat-marketing-web","9":"product_tag-press-release","10":"product_tag-product-news","11":"product_tag-releasewire","12":"product_tag-relevant-news","14":"first","15":"instock","16":"shipping-taxable","17":"purchasable","18":"product-type-variable","19":"has-default-attributes"},"composite_virtual":false,"composite_layout":"","composite_add_to_cart_form_location":"","composite_editable_in_cart":false,"composite_sold_individually_context":"","composite_shop_price_calc":"","composite_components":[],"composite_scenarios":[],"_links":{"self":[{"href":"https:\/\/www.lowcostwebagency.com\/fr\/wp-json\/wp\/v2\/product\/30700","targetHints":{"allow":["GET"]}}],"collection":[{"href":"https:\/\/www.lowcostwebagency.com\/fr\/wp-json\/wp\/v2\/product"}],"about":[{"href":"https:\/\/www.lowcostwebagency.com\/fr\/wp-json\/wp\/v2\/types\/product"}],"wp:featuredmedia":[{"embeddable":true,"href":"https:\/\/www.lowcostwebagency.com\/fr\/wp-json\/wp\/v2\/media\/31657"}],"wp:attachment":[{"href":"https:\/\/www.lowcostwebagency.com\/fr\/wp-json\/wp\/v2\/media?parent=30700"}],"wp:term":[{"taxonomy":"product_brand","embeddable":true,"href":"https:\/\/www.lowcostwebagency.com\/fr\/wp-json\/wp\/v2\/product_brand?post=30700"},{"taxonomy":"product_cat","embeddable":true,"href":"https:\/\/www.lowcostwebagency.com\/fr\/wp-json\/wp\/v2\/product_cat?post=30700"},{"taxonomy":"product_tag","embeddable":true,"href":"https:\/\/www.lowcostwebagency.com\/fr\/wp-json\/wp\/v2\/product_tag?post=30700"}],"curies":[{"name":"wp","href":"https:\/\/api.w.org\/{rel}","templated":true}]}}