{"id":30705,"date":"2016-11-29T09:08:30","date_gmt":"2018-05-29T12:06:33","guid":{"rendered":"http:\/\/lowcostwebagency.com\/?post_type=product&#038;p=30705"},"modified":"2022-05-10T06:55:18","modified_gmt":"2022-05-10T06:55:18","slug":"relecture-corrections","status":"publish","type":"product","link":"https:\/\/www.lowcostwebagency.com\/fr\/relecture-corrections\/","title":{"rendered":"Relecture &#038; Corrections"},"content":{"rendered":"<h2 style=\"text-align: justify;\">La correction de vos documents par un r\u00e9dacteur, \u00e9crivain professionnel \u00e0 bas prix.<\/h2>\n<h3 style=\"text-align: justify;\">Demandez un avis externe et la relecture de votre texte pour obtenir un document de qualit\u00e9 sans aucune erreur \u00e0 prix Low Cost !<\/h3>\n<p style=\"text-align: justify;\"><strong>La relecture de votre document<\/strong> est une \u00e9tape qui devrait \u00eatre syst\u00e9matique et obligatoire pour que votre document soit diffus\u00e9. Il n&rsquo;y a rien de pire qu&rsquo;un texte contenant des fautes d&rsquo;orthographe. Pourtant, bien que la plupart d&rsquo;entre nous avons des bonnes bases en orthographe, il est facile, \u00e9tant donn\u00e9, la complexit\u00e9 du fran\u00e7ais, mais aussi de part la quantit\u00e9 d&rsquo;article \u00e0 produire, de faire des fautes d&rsquo;\u00e9tourderie. C&rsquo;est pour cela qu&rsquo;une deuxi\u00e8me lecture, une relecture par un \u0153il aguerri est indispensable pour compter sur un document parfait.<\/p>\n<p style=\"text-align: justify;\">La relecture est plus efficace lorsqu&rsquo;elle est faite en dernier lieu par des professionnels. Low Cost Web Agency r\u00e9pond \u00e0 vos besoins de correction de document et de texte \u00e0 prix Low Cost en vous fournissant un service de haut niveau afin que vos textes ne contiennent pas d&rsquo;erreurs typographiques, de syntaxe, des b\u00e9vues grammaticales ou de style . Notre \u00e9crivain d\u00e9tecte les erreurs et omissions qui peuvent se trouver dans votre texte et apporte toutes les corrections n\u00e9cessaires.<\/p>\n<p>Vous pouvez utiliser notre service de relecture et de correction pour le contenu de votre site Web ou <a href=\"https:\/\/www.lowcostwebagency.com\/fr\/blog\/\" rel=\"\">votre Blog<\/a>, pour <a href=\"https:\/\/www.lowcostwebagency.com\/fr\/flyers-depliants\/\" rel=\"\">vos brochures et d\u00e9pliants<\/a>, votre rapport annuel, <a href=\"https:\/\/www.lowcostwebagency.com\/fr\/cv-lettre-de-motivation-biographie\/\" rel=\"\">votre CV<\/a>, votre biographie, <a href=\"https:\/\/www.lowcostwebagency.com\/fr\/gestion-reseaux-sociaux\/\" rel=\"\">vos articles sur les r\u00e9seaux sociaux<\/a> et j&rsquo;en passe. D\u00e9s que vous avez du texte \u00e0 relire et corriger, vous pouvez acheter notre service de relecture \u00e0 prix Low Cost et pas cher. Cela vous garantira de pouvoir publier et diffuser un article, un texte, remettre une brochure, un menu de restaurant ou tout autre document \u00e0 vos clients sans aucune erreur.<\/p>\n<h4 style=\"text-align: justify;\">Pour vous fournir un bon r\u00e9sultat, votre document doit avoir un minimum de <strong> qualit\u00e9 d&rsquo;\u00e9criture<\/strong>. Ce service n&rsquo;est pas pour l&rsquo;\u00e9criture ou la r\u00e9\u00e9criture de votre contenu, mais seulement pour la relecture et la correction des erreurs.<\/h4>\n<h5 style=\"text-align: justify;\">Si votre document est trop mal \u00e9crit et n\u00e9cessite une r\u00e9\u00e9criture, consultez <a href=\"https:\/\/www.lowcostwebagency.com\/fr\/redaction-articles-blog\/\" rel=\"\">notre service Low Cost de r\u00e9daction de contenus<\/a>.<\/h5>\n<p style=\"text-align: justify;\">\n","protected":false},"excerpt":{"rendered":"<h3>Demandez un avis externe et la relecture de votre texte pour obtenir un document de qualit\u00e9 sans aucune erreur \u00e0 prix Low Cost !<\/h3>\n<p style=\"text-align: justify;\"><strong>La relecture de votre document<\/strong> est une \u00e9tape qui devrait \u00eatre syst\u00e9matique et obligatoire pour que votre document soit diffus\u00e9. Il n&rsquo;y a rien de pire qu&rsquo;un texte contenant des fautes d&rsquo;orthographe. Pourtant, bien que la plupart d&rsquo;entre nous avons des bonnes bases en orthographe, il est facile, \u00e9tant donn\u00e9, la complexit\u00e9 du fran\u00e7ais, mais aussi de part la quantit\u00e9 d&rsquo;article \u00e0 produire, de faire des fautes d&rsquo;\u00e9tourderie. C&rsquo;est pour cela qu&rsquo;une deuxi\u00e8me lecture, une relecture par un \u0153il aguerri est indispensable pour compter sur un document parfait.<\/p>\n<p>&nbsp;<\/p>\n","protected":false},"featured_media":31655,"template":"","meta":{"_links_to":"","_links_to_target":""},"product_brand":[],"product_cat":[1169,1166,1160],"product_tag":[],"class_list":{"0":"post-30705","1":"product","2":"type-product","3":"status-publish","4":"has-post-thumbnail","6":"product_cat-correction","7":"product_cat-marketing-de-contenu","8":"product_cat-marketing-web","10":"first","11":"instock","12":"shipping-taxable","13":"purchasable","14":"product-type-simple"},"composite_virtual":false,"composite_layout":"","composite_add_to_cart_form_location":"","composite_editable_in_cart":false,"composite_sold_individually_context":"","composite_shop_price_calc":"","composite_components":[],"composite_scenarios":[],"_links":{"self":[{"href":"https:\/\/www.lowcostwebagency.com\/fr\/wp-json\/wp\/v2\/product\/30705","targetHints":{"allow":["GET"]}}],"collection":[{"href":"https:\/\/www.lowcostwebagency.com\/fr\/wp-json\/wp\/v2\/product"}],"about":[{"href":"https:\/\/www.lowcostwebagency.com\/fr\/wp-json\/wp\/v2\/types\/product"}],"wp:featuredmedia":[{"embeddable":true,"href":"https:\/\/www.lowcostwebagency.com\/fr\/wp-json\/wp\/v2\/media\/31655"}],"wp:attachment":[{"href":"https:\/\/www.lowcostwebagency.com\/fr\/wp-json\/wp\/v2\/media?parent=30705"}],"wp:term":[{"taxonomy":"product_brand","embeddable":true,"href":"https:\/\/www.lowcostwebagency.com\/fr\/wp-json\/wp\/v2\/product_brand?post=30705"},{"taxonomy":"product_cat","embeddable":true,"href":"https:\/\/www.lowcostwebagency.com\/fr\/wp-json\/wp\/v2\/product_cat?post=30705"},{"taxonomy":"product_tag","embeddable":true,"href":"https:\/\/www.lowcostwebagency.com\/fr\/wp-json\/wp\/v2\/product_tag?post=30705"}],"curies":[{"name":"wp","href":"https:\/\/api.w.org\/{rel}","templated":true}]}}