{"id":30707,"date":"2016-11-29T09:12:44","date_gmt":"2018-05-29T12:23:25","guid":{"rendered":"http:\/\/lowcostwebagency.com\/?post_type=product&#038;p=30707"},"modified":"2022-05-10T06:55:49","modified_gmt":"2022-05-10T06:55:49","slug":"cv-lettre-de-motivation-biographie","status":"publish","type":"product","link":"https:\/\/www.lowcostwebagency.com\/fr\/cv-lettre-de-motivation-biographie\/","title":{"rendered":"CV &#8211; Lettre de Motivation &#8211; Biographie"},"content":{"rendered":"<h2 style=\"text-align: justify;\">Low Cost Web Agency r\u00e9alise r\u00e9dige ou modifie votre CV, lettre de pr\u00e9sentation \/ motivation et votre biographie \u00e0 un prix Low Cost !<\/h2>\n<h3 style=\"text-align: justify;\">Obtenez des documents \u00e9l\u00e9gants, d\u00e9marquez-vous des autres candidats et maximisez vos chances d&rsquo;obtenir un entretien puis l&#8217;emploi de vos r\u00eaves !<\/h3>\n<p style=\"text-align: justify;\">Vous \u00eates une personne exp\u00e9riment\u00e9e dans un domaine sp\u00e9cifique, un \u00e9tudiant qui doit r\u00e9aliser un stage ou \u00e0 la recherche d&rsquo;un job d&rsquo;\u00e9t\u00e9, un emploi saisonnier, un premier emploi ? Low Cost Web Agency structure votre CV en fonction de votre profil, parcours et exp\u00e9rience professionnelle pour vous mettre en valeur. Nous vous aidons \u00e0 \u00eatre recrut\u00e9 par des entreprises sp\u00e9cifiques apr\u00e8s avoir analys\u00e9 leurs cultures pour mieux adapter votre CV \u00e0 leurs attentes. Vous souhaitez atteindre votre objectif professionnel ? Mettez les meilleures chances de votre cot\u00e9 en vous dotant d&rsquo;un CV, d&rsquo;une lettre de motivation vraiment Pro. Attention, nous ne pouvons garantir que vous serez embauch\u00e9, mais nous vous fournissons des documents de qualit\u00e9 pour augmenter vos chances de l&rsquo;\u00eatre. Obtenez votre <strong>CV professionnel<\/strong>, <strong>lettre de motivation<\/strong> et <strong>biographie <\/strong> sans plus tarder \u00e0 prix Low Cost !<\/p>\n<h3 style=\"text-align: justify;\">Low Cost Web Agency est l&rsquo;agence Web et Design la moins ch\u00e8re du march\u00e9.<\/h3>\n<p style=\"text-align: justify;\">Low Cost Web Agency a une <strong>longue exp\u00e9rience<\/strong> du processus de s\u00e9lection des candidats et des techniques de recrutement utilis\u00e9es par les entreprises. Cette exp\u00e9rience nous permet de savoir comment vous <strong> diff\u00e9rencier des autres candidats<\/strong>. La premi\u00e8re \u00e9tape consiste \u00e0 comprendre vos comp\u00e9tences personnelles et professionnelles, Vos soft et hard skills en anglais, le secteur d&rsquo;activit\u00e9 pour lequel vous voulez travailler et les responsabilit\u00e9s que vous ambitionnez. Pour vous accompagner, nous avons besoin d&rsquo;obtenir le maximum d&rsquo;informations concernant votre profil, votre \u00e9ducation, vos exp\u00e9riences, votre formation, vos certifications, vos aptitudes, vos comp\u00e9tences et vos passe-temps, hobbies. De plus, si vous avez des documents existants, comme un CV et une lettre de motivation, nous aimerions les consulter pour mieux vous cerner. Nous vous demanderons de remplir un court questionnaire vous concernant, puis nous ferons un court entretien par Skype afin d&rsquo;obtenir suffisamment d&rsquo;\u00e9l\u00e9ments pour r\u00e9aliser votre lettre de motivation, votre CV ou votre bio.<\/p>\n<p style=\"text-align: justify;\">Avec ce service de CV, lettre, Bio Low Cost, vous avez la possibilit\u00e9 d&rsquo;obtenir jusqu&rsquo;\u00e0 3 documents. Vous pouvez choisir si vous voulez un CV, une lettre de motivation, une biographie ou bien l&rsquo;ensemble.<\/p>\n<p style=\"text-align: justify;\">Eh bien, commandez maintenant et diffuser la meilleure image de vous aupr\u00e8s des recruteurs !<\/p>\n<p>Vous n&rsquo;avez toujours pas inscrit sur Linkedin ou vous souhaitez am\u00e9liorer votre profil Linkedin, <a href=\"\/fr\/product\/bandeau-linkedin\/\" rel=\"\">consultez nos services d\u00e9di\u00e9s \u00e0 Linkedin<\/a>.<\/p>\n","protected":false},"excerpt":{"rendered":"<h3>Low Cost Web Agency r\u00e9alise. r\u00e9dige ou modifie votre CV, lettre de pr\u00e9sentation \/ motivation et votre biographie \u00e0 un prix Low Cost !<\/h3>\n<h4>Obtenez des documents \u00e9l\u00e9gants, d\u00e9marquez-vous des autres candidats et maximisez vos chances d&rsquo;obtenir un entretien puis l&#8217;emploi de vos r\u00eaves !<\/h4>\n<p>Vous \u00eates une personne exp\u00e9riment\u00e9e dans un domaine sp\u00e9cifique, un \u00e9tudiant qui doit r\u00e9aliser un stage ou \u00e0 la recherche d&rsquo;un job d&rsquo;\u00e9t\u00e9, un emploi saisonnier\u2026 Low Cost Web Agency structure votre CV en fonction de votre profil, parcours et exp\u00e9rience professionnelle pour vous mettre en valeur. Nous vous aidons \u00e0 \u00eatre recrut\u00e9 par des entreprises sp\u00e9cifiques apr\u00e8s avoir analys\u00e9 leurs cultures pour mieux adapter votre CV \u00e0 leurs attentes. Vous souhaitez atteindre votre objectif professionnel ? Mettez les meilleures chances de votre cot\u00e9 en vous dotant d&rsquo;un CV, d&rsquo;une lettre de motivation vraiment Pro. Attention, nous ne pouvons garantir que vous serez embauch\u00e9, mais nous vous fournissons des documents de qualit\u00e9 pour augmenter vos chances de l&rsquo;\u00eatre. Obtenez votre <strong>CV professionnel<\/strong>, <strong>lettre de motivation<\/strong> et <strong>biographie <\/strong> sans plus tarder \u00e0 prix Low Cost !<\/p>\n","protected":false},"featured_media":31653,"template":"","meta":{"_links_to":"","_links_to_target":""},"product_brand":[],"product_cat":[1170,1166,1160],"product_tag":[],"class_list":{"0":"post-30707","1":"product","2":"type-product","3":"status-publish","4":"has-post-thumbnail","6":"product_cat-cv-lettre-de-presentation-bio-linkedin","7":"product_cat-marketing-de-contenu","8":"product_cat-marketing-web","10":"first","11":"instock","12":"shipping-taxable","13":"purchasable","14":"product-type-variable"},"composite_virtual":false,"composite_layout":"","composite_add_to_cart_form_location":"","composite_editable_in_cart":false,"composite_sold_individually_context":"","composite_shop_price_calc":"","composite_components":[],"composite_scenarios":[],"_links":{"self":[{"href":"https:\/\/www.lowcostwebagency.com\/fr\/wp-json\/wp\/v2\/product\/30707","targetHints":{"allow":["GET"]}}],"collection":[{"href":"https:\/\/www.lowcostwebagency.com\/fr\/wp-json\/wp\/v2\/product"}],"about":[{"href":"https:\/\/www.lowcostwebagency.com\/fr\/wp-json\/wp\/v2\/types\/product"}],"wp:featuredmedia":[{"embeddable":true,"href":"https:\/\/www.lowcostwebagency.com\/fr\/wp-json\/wp\/v2\/media\/31653"}],"wp:attachment":[{"href":"https:\/\/www.lowcostwebagency.com\/fr\/wp-json\/wp\/v2\/media?parent=30707"}],"wp:term":[{"taxonomy":"product_brand","embeddable":true,"href":"https:\/\/www.lowcostwebagency.com\/fr\/wp-json\/wp\/v2\/product_brand?post=30707"},{"taxonomy":"product_cat","embeddable":true,"href":"https:\/\/www.lowcostwebagency.com\/fr\/wp-json\/wp\/v2\/product_cat?post=30707"},{"taxonomy":"product_tag","embeddable":true,"href":"https:\/\/www.lowcostwebagency.com\/fr\/wp-json\/wp\/v2\/product_tag?post=30707"}],"curies":[{"name":"wp","href":"https:\/\/api.w.org\/{rel}","templated":true}]}}