{"id":30713,"date":"2018-05-29T12:42:04","date_gmt":"2018-05-29T12:42:04","guid":{"rendered":"http:\/\/lowcostwebagency.com\/?post_type=product&#038;p=30713"},"modified":"2022-05-10T06:20:21","modified_gmt":"2022-05-10T06:20:21","slug":"traduction","status":"publish","type":"product","link":"https:\/\/www.lowcostwebagency.com\/fr\/traduction\/","title":{"rendered":"Traduction"},"content":{"rendered":"<h2 style=\"text-align: justify;\">Low Cost Web Agency est le partenaire incontournable pour tous vos travaux de traduction.<\/h2>\n<h3 style=\"text-align: justify;\">Obtenez une traduction de haut niveau pour tous vos besoins de communication.<\/h3>\n<p style=\"text-align: justify;\">Les clients de Low Cost Web Agency commandent des travaux de traduction pour de nombreuses raisons diff\u00e9rentes ! Il peut s&rsquo;agir de traduction de sites Web, de r\u00e9ponses \u00e0 des courriels, de documentation juridique et de contrats, de sp\u00e9cifications techniques, de proc\u00e9dures commerciales. Il est tr\u00e8s important de comprendre la <strong>valeur ajout\u00e9e <\/strong> lorsque vous vous adressez \u00e0 vos clients et \u00e0 vos partenaires dans leur propre langue et sans erreurs. Si vous choisissez d&rsquo;afficher votre site Web en plusieurs langues, Google consid\u00e9rera ce crit\u00e8re comme un indicateur tr\u00e8s important pour classer votre site Web dans les moteurs de recherche Google locaux.<\/p>\n<p style=\"text-align: justify;\">Ce produit ne convient que pour la traduction des langues suivantes : Anglais, Espagnol, Italien, Allemand, Fran\u00e7ais. Si vous avez besoin d&rsquo;autres langues, veuillez nous contacter pour obtenir un devis personnalis\u00e9\u2026<\/p>\n","protected":false},"excerpt":{"rendered":"<p style=\"text-align: justify;\">Low Cost Web Agency vous donne la possibilit\u00e9 de traduire votre texte par tranche de 1000 mots. La traduction est effectu\u00e9e exclusivement par des traducteurs natifs et exp\u00e9riment\u00e9s. Low Cost Web Agency vous permet d&rsquo;obtenir une traduction de <strong>haute qualit\u00e9 sans avoir \u00e0 d\u00e9penser un budget \u00e9norme.<\/strong><\/p>\n<p style=\"text-align: justify;\">Low Cost Web Agency, le gage de qualit\u00e9 !<\/p>\n","protected":false},"featured_media":31651,"template":"","meta":{"_links_to":"","_links_to_target":""},"product_brand":[],"product_cat":[1166,1160,1171],"product_tag":[870,927,928,926],"class_list":{"0":"post-30713","1":"product","2":"type-product","3":"status-publish","4":"has-post-thumbnail","6":"product_cat-marketing-de-contenu","7":"product_cat-marketing-web","8":"product_cat-traduction","9":"product_tag-communication-needs","10":"product_tag-email-answers","11":"product_tag-legal-documentation","12":"product_tag-website-translation","14":"first","15":"instock","16":"shipping-taxable","17":"purchasable","18":"product-type-simple"},"composite_virtual":false,"composite_layout":"","composite_add_to_cart_form_location":"","composite_editable_in_cart":false,"composite_sold_individually_context":"","composite_shop_price_calc":"","composite_components":[],"composite_scenarios":[],"_links":{"self":[{"href":"https:\/\/www.lowcostwebagency.com\/fr\/wp-json\/wp\/v2\/product\/30713","targetHints":{"allow":["GET"]}}],"collection":[{"href":"https:\/\/www.lowcostwebagency.com\/fr\/wp-json\/wp\/v2\/product"}],"about":[{"href":"https:\/\/www.lowcostwebagency.com\/fr\/wp-json\/wp\/v2\/types\/product"}],"wp:featuredmedia":[{"embeddable":true,"href":"https:\/\/www.lowcostwebagency.com\/fr\/wp-json\/wp\/v2\/media\/31651"}],"wp:attachment":[{"href":"https:\/\/www.lowcostwebagency.com\/fr\/wp-json\/wp\/v2\/media?parent=30713"}],"wp:term":[{"taxonomy":"product_brand","embeddable":true,"href":"https:\/\/www.lowcostwebagency.com\/fr\/wp-json\/wp\/v2\/product_brand?post=30713"},{"taxonomy":"product_cat","embeddable":true,"href":"https:\/\/www.lowcostwebagency.com\/fr\/wp-json\/wp\/v2\/product_cat?post=30713"},{"taxonomy":"product_tag","embeddable":true,"href":"https:\/\/www.lowcostwebagency.com\/fr\/wp-json\/wp\/v2\/product_tag?post=30713"}],"curies":[{"name":"wp","href":"https:\/\/api.w.org\/{rel}","templated":true}]}}