{"id":30716,"date":"2016-11-29T09:31:49","date_gmt":"2018-05-30T05:20:19","guid":{"rendered":"http:\/\/lowcostwebagency.com\/?post_type=product&#038;p=30716"},"modified":"2022-05-10T07:14:34","modified_gmt":"2022-05-10T07:14:34","slug":"audit-seo","status":"publish","type":"product","link":"https:\/\/www.lowcostwebagency.com\/fr\/audit-seo\/","title":{"rendered":"Audit SEO"},"content":{"rendered":"<h2 style=\"text-align: justify;\">Low Cost Web Agency r\u00e9alise un audit SEO complet et approfondi de votre site web.<\/h2>\n<h3 style=\"text-align: justify;\">Comprenez pourquoi votre site n&rsquo;est pas en premi\u00e8re position dans Google gr\u00e2ce \u00e0 l&rsquo;audit SEO Low Cost de Low Cost Web Agency !<\/h3>\n<p style=\"text-align: justify;\">Le moteur de recherche de Google est c\u00e9l\u00e8bre pour ses algorithmes secrets et constamment mis \u00e0 jour utilis\u00e9s pour classer <strong> votre site Web parmi les r\u00e9sultats de recherche<\/strong>. Les professionnels et les agences Web s&rsquo;efforcent de comprendre comment <strong>Google<\/strong> fonctionne pour classer votre site Web le plus haut possible sur <a href=\"\/fr\/low-cost\/marketing-web\/audit-analyse\/recherche-de-mots-cles\/\">des mots cl\u00e9s strat\u00e9giques et tactiques<\/a>. Si vous vendez un service ou un produit se trouvant sur un march\u00e9 concurrentiel , il n&rsquo;est pas facile <strong>de vous placer sur les premi\u00e8res positions <\/strong> lorsque vous avez devant vous certaines des plus grandes entreprises avec un budget publicitaire et des moyens \u00e9normes.<\/p>\n<p style=\"text-align: justify;\">Notre <strong>expert en r\u00e9f\u00e9rencement, professionnel aguerri de l&rsquo;optimisation SEO et du r\u00e9f\u00e9rencement naturel <\/strong> analyse votre site Web et la situation de vos concurrents pour \u00e9valuer et comprendre votre classement Google et ce qui peut \u00eatre mis en place pour l&rsquo;am\u00e9liorer. Low Cost Web Agency identifie les causes profondes de vos probl\u00e8mes de r\u00e9f\u00e9rencement en vous fournissant une liste des <strong>meilleures pratiques <\/strong> et des actions \u00e0 mettre en \u0153uvre pour am\u00e9liorer votre classement. Vous pouvez completer ce service en nous demandant de mettre en place les recommandations et de <a href=\"https:\/\/www.lowcostwebagency.com\/fr\/strategie-web-marketing\/\" rel=\"\">d\u00e9finir une nouvelle strat\u00e9gie Web ou r\u00e9orienter la strat\u00e9gie existante \u00e0 prix Low Cost<\/a>.<\/p>\n<h3 style=\"text-align: justify;\">Ce produit comprend un audit de 20 pages maximum de votre site web.<\/h3>\n<p style=\"text-align: justify;\">Si vous avez besoin de nous pour v\u00e9rifier plus de pages, choisissez la quantit\u00e9 en fonction du nombre de pages que vous avez dans votre site Web. Par exemple, si vous s\u00e9lectionnez 2 comme quantit\u00e9, nous v\u00e9rifierons jusqu&rsquo;\u00e0 40 pages\u2026<\/p>\n<h4 style=\"text-align: justify;\">Pr\u00e9parez-vous, investissez d\u00e8s maintenant dans un Audit SEO de votre site web r\u00e9alis\u00e9 par Low Cost Web Agency pour comprendre vos points faibles et vos forces et vous classer dans les premi\u00e8res positions de Google !<\/h4>\n<h5>Consultez <a href=\"https:\/\/www.lowcostwebagency.com\/fr\/?attachment_id=32442\" rel=\"\">le Blog Low Cost Web Agency<\/a> et notre article sur <a href=\"\/fr\/seo-tips-for-google\/\">les techniques employ\u00e9es par Google pour classer votre site Web<\/a>.<\/h5>\n","protected":false},"excerpt":{"rendered":"<p style=\"text-align: justify;\">Notre <strong> expert en r\u00e9f\u00e9rencement <\/strong> vous aide \u00e0 am\u00e9liorer votre classement sur Google. Un <strong> audit en profondeur SEO de votre site Web <\/strong>est r\u00e9alis\u00e9 afin de mesurer votre position actuelle sur les mots cl\u00e9s les plus opportuns et de comprendre les forces et les faiblesses de votre site. Low Cost Web Agency vous propose un plan d&rsquo;action pour am\u00e9liorer votre ranking sur Google et les autres moteurs de recherche.<\/p>\n<p><strong>Vous avez un site Web pr\u00e9sent sur le Web depuis d\u00e9j\u00e0 un certain temps<\/strong> et vous ne rencontrez pas le succ\u00e8s que vous aviez escompt\u00e9. Low Cost Web Agency vous aide \u00e0 comprendre ce qui doit \u00eatre fait sur votre site pour am\u00e9liorer son r\u00e9f\u00e9rencement naturel.<\/p>\n<h3>Ce service est pour l&rsquo;audit de 20 page maximum.<\/h3>\n<p><strong>Si votre site \u00e0 40 pages, il faut acheter 2 services. Donc si vous avez un site avec 200 pages, il faut acheter 10 services.<\/strong> Si vous avez des volumes de page \u00e0 auditer tr\u00e8s important, <a href=\"https:\/\/www.lowcostwebagency.com\/fr\/contactez-nous\/\" rel=\"\">contactez-nous<\/a> pour obtenir un tarif pr\u00e9f\u00e9rentiel pour les grands volumes.<\/p>\n<h4 style=\"text-align: justify;\">Eh bien, achetez maintenant. N&rsquo;attendez pas, profitez d&rsquo;un Audit SEO complet \u00e0 prix Low Cost !<\/h4>\n","protected":false},"featured_media":32435,"template":"","meta":{"_links_to":"","_links_to_target":""},"product_brand":[],"product_cat":[1161,1164,1160],"product_tag":[],"class_list":{"0":"post-30716","1":"product","2":"type-product","3":"status-publish","4":"has-post-thumbnail","6":"product_cat-audit-analyse","7":"product_cat-audit-seo","8":"product_cat-marketing-web","10":"first","11":"instock","12":"shipping-taxable","13":"purchasable","14":"product-type-variable"},"composite_virtual":false,"composite_layout":"","composite_add_to_cart_form_location":"","composite_editable_in_cart":false,"composite_sold_individually_context":"","composite_shop_price_calc":"","composite_components":[],"composite_scenarios":[],"_links":{"self":[{"href":"https:\/\/www.lowcostwebagency.com\/fr\/wp-json\/wp\/v2\/product\/30716","targetHints":{"allow":["GET"]}}],"collection":[{"href":"https:\/\/www.lowcostwebagency.com\/fr\/wp-json\/wp\/v2\/product"}],"about":[{"href":"https:\/\/www.lowcostwebagency.com\/fr\/wp-json\/wp\/v2\/types\/product"}],"wp:featuredmedia":[{"embeddable":true,"href":"https:\/\/www.lowcostwebagency.com\/fr\/wp-json\/wp\/v2\/media\/32435"}],"wp:attachment":[{"href":"https:\/\/www.lowcostwebagency.com\/fr\/wp-json\/wp\/v2\/media?parent=30716"}],"wp:term":[{"taxonomy":"product_brand","embeddable":true,"href":"https:\/\/www.lowcostwebagency.com\/fr\/wp-json\/wp\/v2\/product_brand?post=30716"},{"taxonomy":"product_cat","embeddable":true,"href":"https:\/\/www.lowcostwebagency.com\/fr\/wp-json\/wp\/v2\/product_cat?post=30716"},{"taxonomy":"product_tag","embeddable":true,"href":"https:\/\/www.lowcostwebagency.com\/fr\/wp-json\/wp\/v2\/product_tag?post=30716"}],"curies":[{"name":"wp","href":"https:\/\/api.w.org\/{rel}","templated":true}]}}