{"id":30724,"date":"2016-11-29T09:33:25","date_gmt":"2018-05-30T06:22:52","guid":{"rendered":"http:\/\/lowcostwebagency.com\/?post_type=product&#038;p=30724"},"modified":"2022-05-10T07:26:44","modified_gmt":"2022-05-10T07:26:44","slug":"recherche-de-mots-cles","status":"publish","type":"product","link":"https:\/\/www.lowcostwebagency.com\/fr\/recherche-de-mots-cles\/","title":{"rendered":"Recherche de mots cl\u00e9s"},"content":{"rendered":"<h2 class=\"callout wider small-bottom\" style=\"text-align: justify;\">Low Cost Web Agency vous conseille sur les mots-cl\u00e9s que vous devez utiliser pour classer votre site web sur Google et avoir le meilleur ROI.<\/h2>\n<h3 class=\"callout wider small-bottom\">Les mots-cl\u00e9s sont fondamentaux pour un bon classement et pour la r\u00e9alisation de vos publicit\u00e9s payantes.<\/h3>\n<p style=\"text-align: justify;\">Pour les sp\u00e9cialistes du marketing en ligne, la recherche de <strong> mots cl\u00e9s <\/strong> est l&rsquo;une des activit\u00e9s pr\u00e9pond\u00e9rantes lors de la cr\u00e9ation d&rsquo;un site Web E-commerce ou pas, la cr\u00e9ation de contenus ou la mise en place de campagnes de publicit\u00e9 payantes sur Google. Aujourd&rsquo;hui vous pouvez investir un peu de temps et d&rsquo;argent pour comprendre quels sont les mots cl\u00e9s sur lesquels vous avez de fortes chances de vous positionner sans devoir d\u00e9penser un gros budget. C&rsquo;est ainsi que vous pourrez offrir \u00e0 votre site Web le plus grand nombre de visiteurs et de clients. En se concentrant sur certains mots cl\u00e9s, en s\u00e9lectionnant ces mots cl\u00e9s de mani\u00e8re rationnelle et avec des indicateurs professionnels, vous allez <strong> classer votre site web <\/strong> en premi\u00e8re position avec ces mots sp\u00e9cifiques gr\u00e2ce \u00e0 la recherche et la liste de mots cl\u00e9s sugg\u00e9rer par Low Cost Web Agency. C&rsquo;est pourquoi nous vous conseillons de vous concentrer UNIQUEMENT sur des mots-cl\u00e9s pertinents. Le but est d&rsquo;obtenir des visiteurs qualifi\u00e9s et pertinents passant du temps sur votre site Web et se transformant en de nouveaux clients. Une strat\u00e9gie SEO avec des mots-cl\u00e9s inappropri\u00e9s peut nuire \u00e0 votre site Web. Entourez vous d&rsquo;un professionnel \u00e0 prix Low Cost pour la recherche de mots cl\u00e9s que vous allez utiliser dans la r\u00e9alisation de vos contenus ou pour vos publicit\u00e9s payantes sur Google.<\/p>\n<h3 class=\"callout wider small-bottom\">Low Cost Web Agency vous aide \u00e0 comprendre quelles sont <a href=\"\/fr\/product\/strategie-web-marketing\/\" rel=\"\">la meilleur strat\u00e9gie de mots-cl\u00e9s<\/a> pour dominer votre concurrence sur les classements Google \u00e0 prix Low Cost !<\/h3>\n<p style=\"text-align: justify;\">Avec Low Cost Web Agency, vous obtiendrez une liste des meilleurs mots-cl\u00e9s pour votre site Web, ceux vous garantissant le ROI le plus \u00e9lev\u00e9. Les experts SEO de Low Cost Web Agency d\u00e9finissent les mots cl\u00e9s les plus pertinents selon <a href=\"\/fr\/seo-tips-for-google\/\">les r\u00e8gles SEO impos\u00e9s par Google<\/a>, les meilleures pratiques du secteur, et <a href=\"\/fr\/product\/analyse-concurrentielle\/\">un audit attentif de votre march\u00e9 et de votre concurrence<\/a>. Vous ne choisissez que le nombre de <strong> mots-cl\u00e9s <\/strong> que vous voulez que nous d\u00e9finissions pour vous. Si vous le voulez nous pouvons r\u00e9aliser une recherche pour comprendre quels sont les mots cl\u00e9s utilis\u00e9s par vos concurrents !<\/p>\n<h4 style=\"text-align: justify;\">Nous voulons que vous compreniez que la recherche de mots-cl\u00e9s est un processus important et d\u00e9licat, demandant des connaissances sp\u00e9cifiques en technique SEO. Une bonne strat\u00e9gie SEO avec des mots cl\u00e9s bien choisis rendra votre site Web plus visible et donc plus visit\u00e9. Cependant, un site Web avec un vieux design ou un contenu de mauvaise qualit\u00e9 ou plagi\u00e9 ne pourra avoir de bons r\u00e9sultats m\u00eame avec une recherche Low Cost de mots-cl\u00e9s.<\/h4>\n<p style=\"text-align: justify;\">Nous comprenons tr\u00e8s bien que vous voulez attirer des visiteurs sur votre site et les amener \u00e0 acheter ou \u00e0 vous contacter, mais sans <a href=\"\/fr\/product\/site-auto-entrepreneur\/\" rel=\"\">un <strong> site web <\/strong>agr\u00e9able<\/a> et bien fait, votre audience ne sera pas satisfaite et quittera votre site Web rapidement de part le manque de confiance qu&rsquo;il procure. Vous perdez tout simplement des clients\u202f!<\/p>\n<p style=\"text-align: justify;\">C&rsquo;est pourquoi la premi\u00e8re \u00e9tape, pour avoir du succ\u00e8s, consiste \u00e0 poss\u00e9der un site web professionnel et s\u00e9rieux pour votre entreprise et ensuite de d\u00e9finir une strat\u00e9gie de mots-cl\u00e9s (si n\u00e9cessaire, consultez nos cat\u00e9gories <a href=\"\/fr\/low-cost\/design-web\/site-web-et-page\/cms-site-web-dynamique-wordpress-joomla-drupal\/\" target=\"_blank\" rel=\"noopener noreferrer\">Site web dynamique <\/a> au <a href=\"\/fr\/low-cost\/design-web\/site-web-et-page\/website-ecommerce\/\" target=\"_blank\" rel=\"noopener noreferrer\">site web ECommerce<\/a>i. Si vous n&rsquo;avez pas encore de site ou si vous souhaitez un nouveau site Web Low Cost. Pr\u00e9senter votre site Web \u00e0 votre client\u00e8le dignement avec un site Internet parfait !<\/p>\n<h5 style=\"text-align: justify;\"><strong>Ce produit est pour la recherche de 25 mots-cl\u00e9s.<\/strong><\/h5>\n<h2 style=\"text-align: justify;\">Achetez maintenant !<\/h2>\n","protected":false},"excerpt":{"rendered":"<p style=\"text-align: justify;\">Vous avez besoin de cibler les mots-cl\u00e9s dont vous avez besoin pour que votre site web soit affich\u00e9 sur Google ? C&rsquo;est une t\u00e2che strat\u00e9gique qui devrait \u00eatre faite par un expert en r\u00e9f\u00e9rencement. Nous vous offrons un service de recherche de mots-cl\u00e9s au meilleur prix !<\/p>\n<p style=\"text-align: justify;\">N&rsquo;attendez pas plus longtemps, contactez Low Cost Web Agency d\u00e8s maintenant !<\/p>\n","protected":false},"featured_media":31649,"template":"","meta":{"_links_to":"","_links_to_target":""},"product_brand":[],"product_cat":[1161,1160,1163],"product_tag":[],"class_list":{"0":"post-30724","1":"product","2":"type-product","3":"status-publish","4":"has-post-thumbnail","6":"product_cat-audit-analyse","7":"product_cat-marketing-web","8":"product_cat-recherche-de-mots-cles","10":"first","11":"instock","12":"shipping-taxable","13":"purchasable","14":"product-type-simple"},"composite_virtual":false,"composite_layout":"","composite_add_to_cart_form_location":"","composite_editable_in_cart":false,"composite_sold_individually_context":"","composite_shop_price_calc":"","composite_components":[],"composite_scenarios":[],"_links":{"self":[{"href":"https:\/\/www.lowcostwebagency.com\/fr\/wp-json\/wp\/v2\/product\/30724","targetHints":{"allow":["GET"]}}],"collection":[{"href":"https:\/\/www.lowcostwebagency.com\/fr\/wp-json\/wp\/v2\/product"}],"about":[{"href":"https:\/\/www.lowcostwebagency.com\/fr\/wp-json\/wp\/v2\/types\/product"}],"wp:featuredmedia":[{"embeddable":true,"href":"https:\/\/www.lowcostwebagency.com\/fr\/wp-json\/wp\/v2\/media\/31649"}],"wp:attachment":[{"href":"https:\/\/www.lowcostwebagency.com\/fr\/wp-json\/wp\/v2\/media?parent=30724"}],"wp:term":[{"taxonomy":"product_brand","embeddable":true,"href":"https:\/\/www.lowcostwebagency.com\/fr\/wp-json\/wp\/v2\/product_brand?post=30724"},{"taxonomy":"product_cat","embeddable":true,"href":"https:\/\/www.lowcostwebagency.com\/fr\/wp-json\/wp\/v2\/product_cat?post=30724"},{"taxonomy":"product_tag","embeddable":true,"href":"https:\/\/www.lowcostwebagency.com\/fr\/wp-json\/wp\/v2\/product_tag?post=30724"}],"curies":[{"name":"wp","href":"https:\/\/api.w.org\/{rel}","templated":true}]}}