{"id":30726,"date":"2018-05-30T06:48:49","date_gmt":"2018-05-30T06:48:49","guid":{"rendered":"http:\/\/lowcostwebagency.com\/?post_type=product&#038;p=30726"},"modified":"2022-05-10T06:19:40","modified_gmt":"2022-05-10T06:19:40","slug":"strategie-web-marketing","status":"publish","type":"product","link":"https:\/\/www.lowcostwebagency.com\/fr\/strategie-web-marketing\/","title":{"rendered":"Strat\u00e9gie Web Marketing"},"content":{"rendered":"<h2 style=\"text-align: justify;\">Low Cost Web Agency \u00e9labore votre strat\u00e9gie de marketing Web \u00e0 faible co\u00fbt !<\/h2>\n<h3 style=\"text-align: justify;\">Pr\u00e9parez-vous \u00e0 am\u00e9liorer votre strat\u00e9gie en ligne gr\u00e2ce \u00e0 un audit approfondi de votre entreprise, de votre march\u00e9, de votre position actuelle et de ce que vous voulez r\u00e9aliser !<\/h3>\n<p style=\"text-align: justify;\">Gr\u00e2ce \u00e0 notre \u00e9quipe d&rsquo;experts, nous d\u00e9veloppons \u00e9tape par \u00e9tape votre strat\u00e9gie de marketing web pour am\u00e9liorer votre situation actuelle. Nous d\u00e9finissons d&rsquo;abord votre situation actuelle et ce qu&rsquo;elle devrait \u00eatre pour r\u00e9ussir et am\u00e9liorer votre statu quo. Avec un objectif clairement d\u00e9fini, nous vous proposons ensuite un \u00ab\u00a0plan d&rsquo;action\u00a0\u00bb \u00e0 mettre en \u0153uvre pour atteindre la situation d\u00e9finie ensemble !<\/p>\n<p style=\"text-align: justify;\">Low Cost Web Agency, vous aide \u00e0 cibler une situation r\u00e9aliste. Ce produit n&rsquo;est pas directement ouvert \u00e0 l&rsquo;achat en ligne. Vous devez demander un devis expliquant en d\u00e9tail votre situation commerciale.<\/p>\n<p style=\"text-align: justify;\">Contactez-nous d\u00e9s maintenant et obtenez votre devis en un rien de temps !<\/p>\n","protected":false},"excerpt":{"rendered":"<p style=\"text-align: justify;\">Un avis externe sur votre strat\u00e9gie de <strong> marketing web <\/strong> est toujours n\u00e9cessaire. L&rsquo;offre de Low Cost Web Agency est l&rsquo;occasion d&rsquo;obtenir votre nouvelle strat\u00e9gie en ligne \u00e0 un <strong> prix bas <\/strong>!<\/p>\n<p style=\"text-align: justify;\">Demandez un devis d\u00e9s maintenant, le march\u00e9 n&rsquo;attendra pas, votre concurrence est d\u00e9j\u00e0 sur les rails !<\/p>\n","protected":false},"featured_media":31647,"template":"","meta":{"_links_to":"","_links_to_target":""},"product_brand":[],"product_cat":[1161,1160,1165],"product_tag":[913,912,828],"class_list":{"0":"post-30726","1":"product","2":"type-product","3":"status-publish","4":"has-post-thumbnail","6":"product_cat-audit-analyse","7":"product_cat-marketing-web","8":"product_cat-strategie-de-marketing-web","9":"product_tag-actions-plan","10":"product_tag-online-strategy","11":"product_tag-web-marketing","13":"first","14":"instock","15":"shipping-taxable","16":"product-type-external"},"composite_virtual":false,"composite_layout":"","composite_add_to_cart_form_location":"","composite_editable_in_cart":false,"composite_sold_individually_context":"","composite_shop_price_calc":"","composite_components":[],"composite_scenarios":[],"_links":{"self":[{"href":"https:\/\/www.lowcostwebagency.com\/fr\/wp-json\/wp\/v2\/product\/30726","targetHints":{"allow":["GET"]}}],"collection":[{"href":"https:\/\/www.lowcostwebagency.com\/fr\/wp-json\/wp\/v2\/product"}],"about":[{"href":"https:\/\/www.lowcostwebagency.com\/fr\/wp-json\/wp\/v2\/types\/product"}],"wp:featuredmedia":[{"embeddable":true,"href":"https:\/\/www.lowcostwebagency.com\/fr\/wp-json\/wp\/v2\/media\/31647"}],"wp:attachment":[{"href":"https:\/\/www.lowcostwebagency.com\/fr\/wp-json\/wp\/v2\/media?parent=30726"}],"wp:term":[{"taxonomy":"product_brand","embeddable":true,"href":"https:\/\/www.lowcostwebagency.com\/fr\/wp-json\/wp\/v2\/product_brand?post=30726"},{"taxonomy":"product_cat","embeddable":true,"href":"https:\/\/www.lowcostwebagency.com\/fr\/wp-json\/wp\/v2\/product_cat?post=30726"},{"taxonomy":"product_tag","embeddable":true,"href":"https:\/\/www.lowcostwebagency.com\/fr\/wp-json\/wp\/v2\/product_tag?post=30726"}],"curies":[{"name":"wp","href":"https:\/\/api.w.org\/{rel}","templated":true}]}}