{"id":30740,"date":"2018-05-31T04:31:05","date_gmt":"2018-05-31T04:31:05","guid":{"rendered":"http:\/\/lowcostwebagency.com\/?post_type=product&#038;p=30740"},"modified":"2022-05-10T06:18:43","modified_gmt":"2022-05-10T06:18:43","slug":"campagne-google-ads","status":"publish","type":"product","link":"https:\/\/www.lowcostwebagency.com\/fr\/campagne-google-ads\/","title":{"rendered":"Campagne Google Ads"},"content":{"rendered":"<h2 style=\"text-align: justify;\">Low Cost Web Agency g\u00e8re votre campagne Google AdWords\u2026 Obtenez le meilleur rapport qualit\u00e9-prix !<\/h2>\n<h3 style=\"text-align: justify;\">Donnez de la visibilit\u00e9 \u00e0 votre entreprise en lan\u00e7ant une campagne de publicit\u00e9 sur Google.<\/h3>\n<p style=\"text-align: justify;\">Vous souhaitez promouvoir un nouveau produit ou simplement attirer de nouveaux clients ? Vous voulez peut-\u00eatre une campagne Google pour am\u00e9liorer les ventes de vos produits qui sont disponibles sur votre site de commerce \u00e9lectronique&#8230; Ou si vous organisez des \u00e9v\u00e9nements et voulez diffuser les nouvelles parmi votre communaut\u00e9 locale pour maximiser la visibilit\u00e9 du lancement de votre site&#8230; Tout le monde est concern\u00e9 de nos jours par les publicit\u00e9s et vos concurrents sont s\u00fbrs d&rsquo;investir du temps et de l&rsquo;argent pour conqu\u00e9rir plus de parts de march\u00e9. L&rsquo;objectif de Low Cost Web Agency est d&rsquo;\u00e9lever votre site Web \u00e0 une <strong> position exceptionnelle <\/strong> dans la section Annonces des <strong>r\u00e9sultats de recherche Google<\/strong>. Votre position sera d\u00e9finie, entre autres, par le niveau de votre budget publicitaire et des ench\u00e8res que vous \u00eates pr\u00eat \u00e0 faire sur des mots-cl\u00e9s sp\u00e9cifiques et comp\u00e9titifs. En tant <strong> qu&rsquo;experts SEM <\/strong>, Low Cost Web Agency optimise votre campagne AdWords afin d&rsquo;apporter le maximum de clics et de conversions sur votre site web au co\u00fbt le plus bas.<\/p>\n<h3 style=\"text-align: justify;\">Rien n&rsquo;est laiss\u00e9 au hasard lorsque votre partenaire Web est Low Cost Web Agency !<\/h3>\n<p style=\"text-align: justify;\">Tous les clients actuels de Low Cost Web Agency sont satisfaits des r\u00e9sultats, ils continuent \u00e0 commander de nouvelles campagnes chaque mois ! C&rsquo;est pourquoi nous g\u00e9rons les campagnes de nos clients avec le plus grand soin, tout comme nous le faisons avec notre propre campagne de marketing. Ce peut \u00eatre un processus difficile pour un non professionnel de s&rsquo;assurer le succ\u00e8s de sa campagne Google AdWords ! Un utilisateur non expert gaspillera probablement son argent, en raison de son manque de SEM et de connaissances techniques sur la fa\u00e7on de configurer une campagne AdWords. Google AdWords est une plateforme compl\u00e8te et complexe. Elle interagit avec votre site Web ou votre page d&rsquo;accueil. Il est tr\u00e8s facile de faire des erreurs et de d\u00e9penser un gros budget publicitaire en quelques heures. Pour \u00eatre efficace dans la gestion de votre campagne AdWords, de nombreux param\u00e8tres doivent \u00eatre ajust\u00e9s sur la plate-forme Google AdWords et sur votre site Web. Il permet de suivre vos conversions et de mesurer soigneusement votre retour sur investissement.<\/p>\n<p style=\"text-align: justify;\">Le co\u00fbt de votre campagne est fix\u00e9 en fonction de votre secteur d&rsquo;activit\u00e9, de votre budget de campagne et du public cibl\u00e9. Expliquez-nous vos besoins Google AdWords et nous pr\u00e9parerons un devis sp\u00e9cialement con\u00e7u pour votre situation !<\/p>\n<p style=\"text-align: justify;\">Demandez un devis !<\/p>\n","protected":false},"excerpt":{"rendered":"<p style=\"text-align: justify;\">Faites la promotion de votre entreprise au sein de Google et obtenez de nouveaux clients. Nous avons une longue exp\u00e9rience dans la r\u00e9alisation de campagnes de <strong> marketing Web <\/strong> pour nos clients.<\/p>\n<p style=\"text-align: justify;\">Demandez-nous un devis, nous vous aiderons!<\/p>\n","protected":false},"featured_media":31368,"template":"","meta":{"_links_to":"","_links_to_target":""},"product_brand":[],"product_cat":[1176,1160,1173],"product_tag":[910,911,908,909],"class_list":{"0":"post-30740","1":"product","2":"type-product","3":"status-publish","4":"has-post-thumbnail","6":"product_cat-campagne-google-adwords","7":"product_cat-marketing-web","8":"product_cat-sem-fr","9":"product_tag-advertisement-campaign","10":"product_tag-e-commerce-website","11":"product_tag-google-adwords-campaign","12":"product_tag-sem-experts","14":"first","15":"instock","16":"shipping-taxable","17":"product-type-external"},"composite_virtual":false,"composite_layout":"","composite_add_to_cart_form_location":"","composite_editable_in_cart":false,"composite_sold_individually_context":"","composite_shop_price_calc":"","composite_components":[],"composite_scenarios":[],"_links":{"self":[{"href":"https:\/\/www.lowcostwebagency.com\/fr\/wp-json\/wp\/v2\/product\/30740","targetHints":{"allow":["GET"]}}],"collection":[{"href":"https:\/\/www.lowcostwebagency.com\/fr\/wp-json\/wp\/v2\/product"}],"about":[{"href":"https:\/\/www.lowcostwebagency.com\/fr\/wp-json\/wp\/v2\/types\/product"}],"wp:featuredmedia":[{"embeddable":true,"href":"https:\/\/www.lowcostwebagency.com\/fr\/wp-json\/wp\/v2\/media\/31368"}],"wp:attachment":[{"href":"https:\/\/www.lowcostwebagency.com\/fr\/wp-json\/wp\/v2\/media?parent=30740"}],"wp:term":[{"taxonomy":"product_brand","embeddable":true,"href":"https:\/\/www.lowcostwebagency.com\/fr\/wp-json\/wp\/v2\/product_brand?post=30740"},{"taxonomy":"product_cat","embeddable":true,"href":"https:\/\/www.lowcostwebagency.com\/fr\/wp-json\/wp\/v2\/product_cat?post=30740"},{"taxonomy":"product_tag","embeddable":true,"href":"https:\/\/www.lowcostwebagency.com\/fr\/wp-json\/wp\/v2\/product_tag?post=30740"}],"curies":[{"name":"wp","href":"https:\/\/api.w.org\/{rel}","templated":true}]}}