{"id":30744,"date":"2016-11-29T09:41:51","date_gmt":"2018-05-31T04:52:00","guid":{"rendered":"http:\/\/lowcostwebagency.com\/?post_type=product&#038;p=30744"},"modified":"2022-05-10T07:27:36","modified_gmt":"2022-05-10T07:27:36","slug":"campagne-facebook","status":"publish","type":"product","link":"https:\/\/www.lowcostwebagency.com\/fr\/campagne-facebook\/","title":{"rendered":"Campagne Facebook"},"content":{"rendered":"<h2 style=\"text-align: justify;\">Low Cost Web Agency vous offre la possibilit\u00e9 de profiter au mieux de la puissance des campagnes Facebook pour trouver de nouveaux clients!<\/h2>\n<h3 style=\"text-align: justify;\">Facebook est un canal d&rsquo;acquisition qui vous permet de cibler de mani\u00e8re fine les destinataires de vos publicit\u00e9s.<\/h3>\n<p style=\"text-align: justify;\">Si vous avez l&rsquo;intention d&rsquo;utiliser Facebook pour promouvoir votre entreprise, vos produits ou pour cr\u00e9er un \u00e9v\u00e9nement, vous \u00eates au bon endroit! Facebook est le <strong> r\u00e9seau social <\/strong> le plus utilis\u00e9 dans le monde, et il aide de nombreuses entreprises \u00e0 diffuser leurs messages au plus grand nombre et g\u00e9n\u00e9rer directement ou indirectement une croissance de leur chiffre d&rsquo;affaires. Certaines des entreprises, et c&rsquo;est peut \u00eatre votre cas, utilisent Facebook que pour ajouter de nouveaux messages via leur page Facebook. Ce n&rsquo;est peut-\u00eatre pas suffisant\u202f! Les professionnels du <strong> marketing Web <\/strong> cr\u00e9ent des publicit\u00e9s Facebook et les partagent au-del\u00e0 de votre propre page Facebook. C&rsquo;est la cl\u00e9 pour <strong> augmenter votre audience <\/strong>, car, les mises \u00e0 jour sur vos pages ne seront visibles que par les personnes qui font d\u00e9j\u00e0 parti de votre audience.<\/p>\n<h3 style=\"text-align: justify;\">Les bonnes strat\u00e9gies et ciblage au bon moment sont des \u00e9l\u00e9ments cl\u00e9 pour le succ\u00e8s votre campagne de pub Facebook<\/h3>\n<p style=\"text-align: justify;\">Une campagne Facebook est tr\u00e8s utile pour attirer des personnes int\u00e9ress\u00e9s par vos produits et votre marque en les transformant en nouveaux clients ! Nous ciblons votre march\u00e9 gr\u00e2ce \u00e0 des crit\u00e8res sp\u00e9cifiques d\u00e9finis parmi pr\u00e8s de 700 crit\u00e8res diff\u00e9rents. C&rsquo;est la meilleure fa\u00e7on d&rsquo;optimiser la probabilit\u00e9 de convertir votre audience cible en nouveaux clients. La gestion de votre campagne se fait directement via la plateforme Facebook Business.<\/p>\n<p style=\"text-align: justify;\">Nous avons une longue exp\u00e9rience dans l&rsquo;accompagnement des entreprises en leur permettant d&rsquo;obtenir le meilleur ROI, retour sur investissement avec des campagnes de pub sur les r\u00e9seaux sociaux. Notre \u00e9quipe est compos\u00e9e <strong>d&rsquo;experts en r\u00e9seaux sociaux hautement qualifi\u00e9s et \u00e0 votre service pour que vous ayez acc\u00e8s au meilleur de ce que peut procurer le Web <\/strong>!<\/p>\n<p style=\"text-align: justify;\">Si vous n&rsquo;avez pas d\u00e9j\u00e0 vos images ou vid\u00e9os pour vos publicit\u00e9s Facebook, veuillez jeter un coup d&rsquo;oeil \u00e0 <a href=\"https:\/\/www.lowcostwebagency.com\/fr\/?attachment_id=31711\" target=\"_blank\" rel=\"noopener noreferrer\"> notre banni\u00e8re<\/a>\u00a0publicitaire de produits.<\/p>\n<h3 style=\"text-align: justify;\">Eh bien, demandez un devis !<\/h3>\n","protected":false},"excerpt":{"rendered":"<p>Une campagne Facebook est tr\u00e8s utile pour attirer des personnes int\u00e9ress\u00e9s par vos produits et\u00a0 votre marque en les transformant en nouveaux clients ! Nous ciblons votre march\u00e9 gr\u00e2ce \u00e0 des crit\u00e8res sp\u00e9cifiques d\u00e9finis parmi pr\u00e8s de 700 crit\u00e8res diff\u00e9rents. C&rsquo;est la meilleure fa\u00e7on d&rsquo;optimiser la probabilit\u00e9 de convertir votre audience cible en nouveaux clients. La gestion de votre campagne se fait directement via la plateforme Facebook Business.<\/p>\n<p>Nous avons une longue exp\u00e9rience dans l&rsquo;accompagnement des entreprises en leur permettant d&rsquo;obtenir le meilleur ROI, retour sur investissement avec des campagnes de pub sur les r\u00e9seaux sociaux. Notre \u00e9quipe est compos\u00e9e <strong>d&rsquo;experts en r\u00e9seaux sociaux hautement qualifi\u00e9s et \u00e0 votre service pour que vous ayez acc\u00e8s au meilleur de ce que peut procurer le Web <\/strong>!<\/p>\n","protected":false},"featured_media":31645,"template":"","meta":{"_links_to":"","_links_to_target":""},"product_brand":[],"product_cat":[1175,1160,1173],"product_tag":[],"class_list":{"0":"post-30744","1":"product","2":"type-product","3":"status-publish","4":"has-post-thumbnail","6":"product_cat-campagne-facebook","7":"product_cat-marketing-web","8":"product_cat-sem-fr","10":"first","11":"instock","12":"shipping-taxable","13":"product-type-external"},"composite_virtual":false,"composite_layout":"","composite_add_to_cart_form_location":"","composite_editable_in_cart":false,"composite_sold_individually_context":"","composite_shop_price_calc":"","composite_components":[],"composite_scenarios":[],"_links":{"self":[{"href":"https:\/\/www.lowcostwebagency.com\/fr\/wp-json\/wp\/v2\/product\/30744","targetHints":{"allow":["GET"]}}],"collection":[{"href":"https:\/\/www.lowcostwebagency.com\/fr\/wp-json\/wp\/v2\/product"}],"about":[{"href":"https:\/\/www.lowcostwebagency.com\/fr\/wp-json\/wp\/v2\/types\/product"}],"wp:featuredmedia":[{"embeddable":true,"href":"https:\/\/www.lowcostwebagency.com\/fr\/wp-json\/wp\/v2\/media\/31645"}],"wp:attachment":[{"href":"https:\/\/www.lowcostwebagency.com\/fr\/wp-json\/wp\/v2\/media?parent=30744"}],"wp:term":[{"taxonomy":"product_brand","embeddable":true,"href":"https:\/\/www.lowcostwebagency.com\/fr\/wp-json\/wp\/v2\/product_brand?post=30744"},{"taxonomy":"product_cat","embeddable":true,"href":"https:\/\/www.lowcostwebagency.com\/fr\/wp-json\/wp\/v2\/product_cat?post=30744"},{"taxonomy":"product_tag","embeddable":true,"href":"https:\/\/www.lowcostwebagency.com\/fr\/wp-json\/wp\/v2\/product_tag?post=30744"}],"curies":[{"name":"wp","href":"https:\/\/api.w.org\/{rel}","templated":true}]}}