{"id":30746,"date":"2018-05-31T06:13:03","date_gmt":"2018-05-31T06:13:03","guid":{"rendered":"http:\/\/lowcostwebagency.com\/?post_type=product&#038;p=30746"},"modified":"2022-05-10T06:02:27","modified_gmt":"2022-05-10T06:02:27","slug":"campagne-linkedin","status":"publish","type":"product","link":"https:\/\/www.lowcostwebagency.com\/fr\/campagne-linkedin\/","title":{"rendered":"Campagne LinkedIn"},"content":{"rendered":"<h2 style=\"text-align: justify;\">Votre campagne LinkedIn \u00e9labor\u00e9e par Low Cost Web Agency<\/h2>\n<h3 style=\"text-align: justify;\">D\u00e9veloppez votre r\u00e9seau professionnel et convertissez vos prospects en clients grace \u00e0 Linkedin !<\/h3>\n<p style=\"text-align: justify;\">Si vous cherchez \u00e0 cibler un <b> public strictement professionnel, si vous \u00eates\u00a0sur un march\u00e9 B2B<\/b>, LinkedIn est certainement le r\u00e9seau professionnel que vous devez utiliser si ce n&rsquo;est d\u00e9j\u00e0 fait. La plateforme publicitaire de LinkedIn vous permet d&rsquo;atteindre des groupes de professionnels de fa\u00e7on tr\u00e8s cibl\u00e9s avec un message, un encart publicitaire, un funnel d&rsquo;acquisition \u00e9tudi\u00e9 sp\u00e9cifiquement pour votre entreprise. Aujourd&rsquo;hui, une entreprise qui n&rsquo;est pas pr\u00e9sente sur le r\u00e9seau LinkedIn, appara\u00eetrait comme une entreprise qui n&rsquo;existe pas au yeux de vos prospect ! Vous devriez au moins proposer la page de votre entreprise sur Linkedin pour qu&rsquo;elle soit visible sur le march\u00e9 B2B. En plus, vous n&rsquo;avez pas d&rsquo;excuse, car publier une page entreprise sur Linkedin est 100\u2009% gratuit.<\/p>\n<h3 style=\"text-align: justify;\">Soyez professionnel et pr\u00e9sentez votre entreprise comme il se doit en confiant la t\u00e2che \u00e0 Low Cost Web Agency. Nous g\u00e9rons de A \u00e0 Z vos campagnes LinkedIn pour g\u00e9n\u00e9rer le plus grand retour sur investissement possible.<\/h3>\n<p style=\"text-align: justify;\">LinkedIn est tr\u00e8s efficace pour attirer des d\u00e9cideurs<strong>\u00a0<\/strong>dans votre r\u00e9seau et les tenir informer sur l&rsquo;actualit\u00e9 de votre entreprise et vos marques. L&rsquo;objectif est de maximiser la notori\u00e9t\u00e9 de votre entreprise. Une campagne LinkedIn s&rsquo;adresse sp\u00e9cifiquement \u00e0 un public potentiellement int\u00e9ress\u00e9 par votre march\u00e9.<\/p>\n<p style=\"text-align: justify;\">Si vous n&rsquo;avez pas encore <strong>de banni\u00e8re attrayante pour votre bandeau LinkedIn<\/strong>, veuillez consulter <a href=\"https:\/\/www.lowcostwebagency.com\/fr\/campagne-linkedin\/\" target=\"_blank\" rel=\"noopener noreferrer\">notre page Cr\u00e9ation Bandeau Linkedin Low Cost<\/a><\/p>\n<p style=\"text-align: justify;\">Nous croyons en l&rsquo;\u00e9tablissement d&rsquo;une relation de confiance avec nos clients et nous voulons devenir la r\u00e9f\u00e9rence dans la vente de services num\u00e9riques et digitaux \u00e0 Low Cost en nous adressant \u00e0 toutes les entreprises quelques soient leur tailles.<\/p>\n<p style=\"text-align: justify;\">Eh bien, qu&rsquo;attendez-vous ? Demandez un devis ! C&rsquo;est gratuit.<\/p>\n","protected":false},"excerpt":{"rendered":"<h3 style=\"text-align: justify;\">Votre campagne LinkedIn \u00e9labor\u00e9e par Low Cost Web Agency<\/h3>\n<h3 style=\"text-align: justify;\">D\u00e9veloppez votre r\u00e9seau professionnel et convertissez vos prospects en clients grace \u00e0 Linkedin !<\/h3>\n<p>Si vous cherchez \u00e0 cibler un <b> public strictement professionnel, si vous \u00eates\u00a0sur un march\u00e9 B2B<\/b>, LinkedIn est certainement le r\u00e9seau professionnel que vous devez utiliser si ce n&rsquo;est d\u00e9j\u00e0 fait. La plateforme publicitaire de LinkedIn vous permet d&rsquo;atteindre des groupes de professionnels de fa\u00e7on tr\u00e8s cibl\u00e9s avec un message, un encart publicitaire, un funnel d&rsquo;acquisition \u00e9tudi\u00e9 sp\u00e9cifiquement pour votre entreprise. Aujourd&rsquo;hui, une entreprise qui n&rsquo;est pas pr\u00e9sente sur le r\u00e9seau LinkedIn, appara\u00eetrait comme une entreprise qui n&rsquo;existe pas au yeux de vos prospect ! Vous devriez au moins proposer la page de votre entreprise sur Linkedin pour qu&rsquo;elle soit visible sur le march\u00e9 B2B. En plus, vous n&rsquo;avez pas d&rsquo;excuse, car publier une page entreprise sur Linkedin est 100% gratuit.<\/p>\n","protected":false},"featured_media":31643,"template":"","meta":{"_links_to":"","_links_to_target":""},"product_brand":[],"product_cat":[1177,1160,1173],"product_tag":[825,826,824],"class_list":{"0":"post-30746","1":"product","2":"type-product","3":"status-publish","4":"has-post-thumbnail","6":"product_cat-campagne-linkedin","7":"product_cat-marketing-web","8":"product_cat-sem-fr","9":"product_tag-ad-banner","10":"product_tag-linkedin-ads","11":"product_tag-linkedin-campaigns","13":"first","14":"instock","15":"shipping-taxable","16":"product-type-external"},"composite_virtual":false,"composite_layout":"","composite_add_to_cart_form_location":"","composite_editable_in_cart":false,"composite_sold_individually_context":"","composite_shop_price_calc":"","composite_components":[],"composite_scenarios":[],"_links":{"self":[{"href":"https:\/\/www.lowcostwebagency.com\/fr\/wp-json\/wp\/v2\/product\/30746","targetHints":{"allow":["GET"]}}],"collection":[{"href":"https:\/\/www.lowcostwebagency.com\/fr\/wp-json\/wp\/v2\/product"}],"about":[{"href":"https:\/\/www.lowcostwebagency.com\/fr\/wp-json\/wp\/v2\/types\/product"}],"wp:featuredmedia":[{"embeddable":true,"href":"https:\/\/www.lowcostwebagency.com\/fr\/wp-json\/wp\/v2\/media\/31643"}],"wp:attachment":[{"href":"https:\/\/www.lowcostwebagency.com\/fr\/wp-json\/wp\/v2\/media?parent=30746"}],"wp:term":[{"taxonomy":"product_brand","embeddable":true,"href":"https:\/\/www.lowcostwebagency.com\/fr\/wp-json\/wp\/v2\/product_brand?post=30746"},{"taxonomy":"product_cat","embeddable":true,"href":"https:\/\/www.lowcostwebagency.com\/fr\/wp-json\/wp\/v2\/product_cat?post=30746"},{"taxonomy":"product_tag","embeddable":true,"href":"https:\/\/www.lowcostwebagency.com\/fr\/wp-json\/wp\/v2\/product_tag?post=30746"}],"curies":[{"name":"wp","href":"https:\/\/api.w.org\/{rel}","templated":true}]}}