{"id":30748,"date":"2018-05-31T06:19:37","date_gmt":"2018-05-31T06:19:37","guid":{"rendered":"http:\/\/lowcostwebagency.com\/?post_type=product&#038;p=30748"},"modified":"2022-05-10T08:16:58","modified_gmt":"2022-05-10T08:16:58","slug":"sem-plan-personalise","status":"publish","type":"product","link":"https:\/\/www.lowcostwebagency.com\/fr\/sem-plan-personalise\/","title":{"rendered":"SEM &#8211; Plan personalis\u00e9"},"content":{"rendered":"<h2 style=\"text-align: justify;\">Low Cost Web Agency r\u00e9pond \u00e0 toutes vos demandes sp\u00e9cifiques concernant le marketing de moteur de recherche.<\/h2>\n<p style=\"text-align: justify;\">Nous mettons tout en \u0153uvre pour vous fournir votre devis dans les meilleurs d\u00e9lais, conform\u00e9ment \u00e0 votre description. Pour cela, nous vous recommandons d&rsquo;\u00eatre aussi clair que possible dans votre demande SEM. M\u00eame sur mesure, nos offres offrent toujours le m\u00eame niveau de prix. N&rsquo;h\u00e9sitez pas \u00e0 nous contacter\u2026 c&rsquo;est avec plaisir que nous travaillons sur vos demandes\u202f!<\/p>\n<p style=\"text-align: justify;\">Avant de nous pr\u00e9senter votre id\u00e9e, veuillez v\u00e9rifier si l&rsquo;une de nos solutions <a href=\"https:\/\/www.lowcostwebagency.com\/fr\/low-cost\/marketing-web\/\/sem\" target=\"_blank\" rel=\"noopener noreferrer\">SEM<\/a> ne correspond pas \u00e0 votre besoin\u202f!<\/p>\n<p style=\"text-align: justify;\">Eh bien, <a href=\"https:\/\/www.lowcostwebagency.com\/fr\/devis-personnalise\/\"> contactez-nous! <\/a><\/p>\n","protected":false},"excerpt":{"rendered":"<p style=\"text-align: justify;\">Demandez-nous un devis si vous avez un besoin particulier pour g\u00e9rer votre SEM. Notre responsable est en mesure de vous informer sur la faisabilit\u00e9 de votre projet et le prix\u202f!<\/p>\n","protected":false},"featured_media":31641,"template":"","meta":{"_links_to":"","_links_to_target":""},"product_brand":[],"product_cat":[1160,1174,1173],"product_tag":[907,905,906],"class_list":{"0":"post-30748","1":"product","2":"type-product","3":"status-publish","4":"has-post-thumbnail","6":"product_cat-marketing-web","7":"product_cat-plan-personnalise","8":"product_cat-sem-fr","9":"product_tag-custom-plan-sem","10":"product_tag-quotation","11":"product_tag-sem","13":"first","14":"instock","15":"shipping-taxable","16":"product-type-external"},"composite_virtual":false,"composite_layout":"","composite_add_to_cart_form_location":"","composite_editable_in_cart":false,"composite_sold_individually_context":"","composite_shop_price_calc":"","composite_components":[],"composite_scenarios":[],"_links":{"self":[{"href":"https:\/\/www.lowcostwebagency.com\/fr\/wp-json\/wp\/v2\/product\/30748","targetHints":{"allow":["GET"]}}],"collection":[{"href":"https:\/\/www.lowcostwebagency.com\/fr\/wp-json\/wp\/v2\/product"}],"about":[{"href":"https:\/\/www.lowcostwebagency.com\/fr\/wp-json\/wp\/v2\/types\/product"}],"wp:featuredmedia":[{"embeddable":true,"href":"https:\/\/www.lowcostwebagency.com\/fr\/wp-json\/wp\/v2\/media\/31641"}],"wp:attachment":[{"href":"https:\/\/www.lowcostwebagency.com\/fr\/wp-json\/wp\/v2\/media?parent=30748"}],"wp:term":[{"taxonomy":"product_brand","embeddable":true,"href":"https:\/\/www.lowcostwebagency.com\/fr\/wp-json\/wp\/v2\/product_brand?post=30748"},{"taxonomy":"product_cat","embeddable":true,"href":"https:\/\/www.lowcostwebagency.com\/fr\/wp-json\/wp\/v2\/product_cat?post=30748"},{"taxonomy":"product_tag","embeddable":true,"href":"https:\/\/www.lowcostwebagency.com\/fr\/wp-json\/wp\/v2\/product_tag?post=30748"}],"curies":[{"name":"wp","href":"https:\/\/api.w.org\/{rel}","templated":true}]}}