{"id":30766,"date":"2016-12-23T10:29:06","date_gmt":"2018-05-31T08:53:35","guid":{"rendered":"http:\/\/lowcostwebagency.com\/?post_type=product&#038;p=30766"},"modified":"2022-05-10T07:29:46","modified_gmt":"2022-05-10T07:29:46","slug":"redaction-articles-blog","status":"publish","type":"product","link":"https:\/\/www.lowcostwebagency.com\/fr\/redaction-articles-blog\/","title":{"rendered":"R\u00e9daction Articles \/ Blog"},"content":{"rendered":"<h2 style=\"text-align: justify;\">Laissez Low Cost Web Agency am\u00e9liorer votre strat\u00e9gie de contenu&#8230;. Nos \u00e9diteurs de contenu \u00e9crivent des articles pour votre site web ou vos r\u00e9seaux sociaux !<\/h2>\n<h3 style=\"text-align: justify;\">G\u00e9n\u00e9rez de nouvelles visites sur votre blog, site web, profil LinkedIn ou page Facebook en offrant \u00e0 vos visiteurs des messages et des articles captivants !<\/h3>\n<p style=\"text-align: justify;\">Il n&rsquo;est pas toujours facile de trouver le temps pour mettre \u00e0 jour fr\u00e9quemment son blog, son site web ou sa boutique en ligne. Cependant, il est tr\u00e8s important de faire \u00e9voluer les contenus de votre site Web, ce qui peut n\u00e9cessiter beaucoup de temps et de comp\u00e9tences pour produire du contenu de qualit\u00e9 r\u00e9guli\u00e8rement. Si vous ne cr\u00e9ez pas de nouveaux contenus, votre site Web deviendra monotone pour vos visiteurs et ils ne reviendront plus sur votre site Web car il n&rsquo; y aura rien de nouveau ! Google per\u00e7oit un site web statique, sans articles r\u00e9cents et originaux, comme n&rsquo;\u00e9tant pas int\u00e9ressant pour les internautes. C&rsquo;est <a href=\"https:\/\/www.lowcostwebagency.com\/fr\/seo-tips-for-google\/\" rel=\"\">pourquoi Google accorde une grande importance \u00e0 la qualit\u00e9 et \u00e0 la quantit\u00e9 de nouveaux articles<\/a> que vous publiez sur votre site web, il d\u00e9cide du classement de votre site web en tenant compte de ce param\u00e8tre. La quantit\u00e9, fr\u00e9quence et qualit\u00e9 de vos articles ont un impact certain sur votre classement Google !<\/p>\n<p style=\"text-align: justify;\">Le contenu que nous \u00e9crivons pour vous est \u00e9crit apr\u00e8s une recherche approfondie, sur le sujet et les mots-cl\u00e9s correspondant \u00e0 votre strat\u00e9gie de r\u00e9f\u00e9rencement.<\/p>\n<h3 style=\"text-align: justify;\">Nous structurons et \u00e9crivons votre texte en tenant compte de toutes les r\u00e8gles et conseils prof\u00e9r\u00e9s par Google !<\/h3>\n<p style=\"text-align: justify;\">Nous avons une <strong> longue exp\u00e9rience <\/strong>dans l&rsquo;\u00e9dition de contenus et la relecture d&rsquo;articles. Nous sommes cr\u00e9atifs et nous apportons du style \u00e0 nos \u00e9crits pour passionner vos lecteurs. Low Cost Web Agency s&rsquo;adapte \u00e0 tous vos besoins en mati\u00e8re de contenu, qu&rsquo;il s&rsquo;agisse de contenu g\u00e9n\u00e9ral, th\u00e9matique ou technique. Beaucoup de nos clients reviennent chez nous apr\u00e8s leur premier achat d&rsquo;un service d&rsquo;\u00e9criture de contenu pour commander davantage\u2026 Pourquoi ? C&rsquo;est simple, Low Cost Web Agency offre le <strong> meilleur rapport qualit\u00e9-prix pour la cr\u00e9ation de contenu \u00e0 prix Low Cost <\/strong>!<\/p>\n<p style=\"text-align: justify;\">Nous commen\u00e7ons par comprendre le sujet \u00e0 traiter et les caract\u00e9ristiques de vos lecteurs cible afin que notre r\u00e9ponse soit coh\u00e9rente avec votre demande. Nous savons comment structurer un message, un article, un texte, une accroche et comment choisir vos titres (H1\/H2\/H2\/H3) pour bien structurer vos articles. Nous affinons la longueur de vos paragraphes pour plaire \u00e0 Google. Votre article doit commencer par une introduction qui attirera l&rsquo;attention de vos lecteurs.<\/p>\n<p style=\"text-align: justify;\">Les mots-cl\u00e9s sont choisis et utilis\u00e9s conform\u00e9ment aux meilleures pratiques de r\u00e9f\u00e9rencement en vigueur et en fonction de votre strat\u00e9gie de r\u00e9f\u00e9rencement. Enfin, nous v\u00e9rifions le style et la pr\u00e9sentation pour assurer un produit de haute qualit\u00e9 qui impressionnera vos lecteurs.<\/p>\n<p style=\"text-align: justify;\">Si vous avez besoin de r\u00e9\u00e9crire votre texte, veuillez choisir notre service d&rsquo;\u00e9dition de contenu !<\/p>\n<h3 style=\"text-align: justify;\">Ce produit est uniquement pour la r\u00e9daction de contenu en fran\u00e7ais.<\/h3>\n<h4 style=\"text-align: justify;\">Achetez maintenant l&rsquo;\u00e9criture de vos texte \u00e0 prix Low Cost !<\/h4>\n","protected":false},"excerpt":{"rendered":"<p style=\"text-align: justify;\">Laissez Low Cost Web Agency am\u00e9liorer votre strat\u00e9gie de contenu\u2026 Nos \u00e9diteurs de contenu \u00e9crivent des articles pour votre site web ou vos r\u00e9seaux sociaux !<br \/>\nG\u00e9n\u00e9rez de nouvelles visites sur <strong>votre blog, site web, profil LinkedIn ou page Facebook<\/strong> en offrant \u00e0 vos visiteurs des messages et des articles captivants !<\/p>\n","protected":false},"featured_media":31637,"template":"","meta":{"_links_to":"","_links_to_target":""},"product_brand":[],"product_cat":[1167,1166],"product_tag":[],"class_list":{"0":"post-30766","1":"product","2":"type-product","3":"status-publish","4":"has-post-thumbnail","6":"product_cat-blog-redaction-darticles","7":"product_cat-marketing-de-contenu","9":"first","10":"instock","11":"shipping-taxable","12":"purchasable","13":"product-type-simple"},"composite_virtual":false,"composite_layout":"","composite_add_to_cart_form_location":"","composite_editable_in_cart":false,"composite_sold_individually_context":"","composite_shop_price_calc":"","composite_components":[],"composite_scenarios":[],"_links":{"self":[{"href":"https:\/\/www.lowcostwebagency.com\/fr\/wp-json\/wp\/v2\/product\/30766","targetHints":{"allow":["GET"]}}],"collection":[{"href":"https:\/\/www.lowcostwebagency.com\/fr\/wp-json\/wp\/v2\/product"}],"about":[{"href":"https:\/\/www.lowcostwebagency.com\/fr\/wp-json\/wp\/v2\/types\/product"}],"wp:featuredmedia":[{"embeddable":true,"href":"https:\/\/www.lowcostwebagency.com\/fr\/wp-json\/wp\/v2\/media\/31637"}],"wp:attachment":[{"href":"https:\/\/www.lowcostwebagency.com\/fr\/wp-json\/wp\/v2\/media?parent=30766"}],"wp:term":[{"taxonomy":"product_brand","embeddable":true,"href":"https:\/\/www.lowcostwebagency.com\/fr\/wp-json\/wp\/v2\/product_brand?post=30766"},{"taxonomy":"product_cat","embeddable":true,"href":"https:\/\/www.lowcostwebagency.com\/fr\/wp-json\/wp\/v2\/product_cat?post=30766"},{"taxonomy":"product_tag","embeddable":true,"href":"https:\/\/www.lowcostwebagency.com\/fr\/wp-json\/wp\/v2\/product_tag?post=30766"}],"curies":[{"name":"wp","href":"https:\/\/api.w.org\/{rel}","templated":true}]}}