{"id":30773,"date":"2018-05-31T09:55:35","date_gmt":"2018-05-31T09:55:35","guid":{"rendered":"http:\/\/lowcostwebagency.com\/?post_type=product&#038;p=30773"},"modified":"2022-05-10T06:01:05","modified_gmt":"2022-05-10T06:01:05","slug":"supprimer-les-credits","status":"publish","type":"product","link":"https:\/\/www.lowcostwebagency.com\/fr\/supprimer-les-credits\/","title":{"rendered":"Supprimer les cr\u00e9dits"},"content":{"rendered":"","protected":false},"excerpt":{"rendered":"<p>Un lien vers Low Cost Web Agency Pvt. Ltd appara\u00eetra en petits caract\u00e8res ou par un petit graphique au bas de votre site Web. Vous acceptez que le site Web d\u00e9velopp\u00e9 pour vous puisse \u00eatre pr\u00e9sent\u00e9 dans le portefeuille de Low Cost Web Agency Pvt. Ltd. Si un graphique est utilis\u00e9, il sera con\u00e7u pour s&rsquo;int\u00e9grer \u00e0 la conception globale du site. Si vous demandez que le cr\u00e9dit de conception soit retir\u00e9, veuillez s\u00e9lectionner l&rsquo;option ci-dessous\u2026<\/p>\n","protected":false},"featured_media":32991,"template":"","meta":{"_links_to":"","_links_to_target":""},"product_brand":[],"product_cat":[1133],"product_tag":[],"class_list":{"0":"post-30773","1":"product","2":"type-product","3":"status-publish","4":"has-post-thumbnail","6":"product_cat-composite-products-fr","8":"first","9":"instock","10":"shipping-taxable","11":"purchasable","12":"product-type-variable"},"composite_virtual":false,"composite_layout":"","composite_add_to_cart_form_location":"","composite_editable_in_cart":false,"composite_sold_individually_context":"","composite_shop_price_calc":"","composite_components":[],"composite_scenarios":[],"_links":{"self":[{"href":"https:\/\/www.lowcostwebagency.com\/fr\/wp-json\/wp\/v2\/product\/30773","targetHints":{"allow":["GET"]}}],"collection":[{"href":"https:\/\/www.lowcostwebagency.com\/fr\/wp-json\/wp\/v2\/product"}],"about":[{"href":"https:\/\/www.lowcostwebagency.com\/fr\/wp-json\/wp\/v2\/types\/product"}],"wp:featuredmedia":[{"embeddable":true,"href":"https:\/\/www.lowcostwebagency.com\/fr\/wp-json\/wp\/v2\/media\/32991"}],"wp:attachment":[{"href":"https:\/\/www.lowcostwebagency.com\/fr\/wp-json\/wp\/v2\/media?parent=30773"}],"wp:term":[{"taxonomy":"product_brand","embeddable":true,"href":"https:\/\/www.lowcostwebagency.com\/fr\/wp-json\/wp\/v2\/product_brand?post=30773"},{"taxonomy":"product_cat","embeddable":true,"href":"https:\/\/www.lowcostwebagency.com\/fr\/wp-json\/wp\/v2\/product_cat?post=30773"},{"taxonomy":"product_tag","embeddable":true,"href":"https:\/\/www.lowcostwebagency.com\/fr\/wp-json\/wp\/v2\/product_tag?post=30773"}],"curies":[{"name":"wp","href":"https:\/\/api.w.org\/{rel}","templated":true}]}}