{"id":30777,"date":"2016-12-28T06:46:23","date_gmt":"2018-05-31T10:05:52","guid":{"rendered":"http:\/\/lowcostwebagency.com\/?post_type=product&#038;p=30777"},"modified":"2022-05-10T07:31:02","modified_gmt":"2022-05-10T07:31:02","slug":"analyse-concurrentielle","status":"publish","type":"product","link":"https:\/\/www.lowcostwebagency.com\/fr\/analyse-concurrentielle\/","title":{"rendered":"Analyse concurrentielle"},"content":{"rendered":"<p>Une analyse de la concurrence est, si ce n&rsquo;est indispensable, tout du moins fortement recommand\u00e9e avant le cr\u00e9ation d&rsquo;une entreprise, le lancement d&rsquo;un nouveau produit ou une r\u00e9flexion sur une nouvelle strat\u00e9gie \u00e0 mettre en \u0153uvre. Cela vous aide \u00e0 avoir une bonne compr\u00e9hension du march\u00e9 dans lequel vous vous trouv\u00e9. Une bonne compr\u00e9hension de vos concurrents et de leurs strat\u00e9gies font partis des fondations de votre projet en vous permettant d&rsquo;identifier vos forces et vos faiblesses avant de proc\u00e9der \u00e0 une d\u00e9cision d&rsquo; investissement. Nous allons auditer votre march\u00e9, votre business model et cr\u00e9er une carte de positionnement sur laquelle nous vous situerons par rapport \u00e0 votre concurrence.<\/p>\n","protected":false},"excerpt":{"rendered":"<p style=\"text-align: justify;\">Une bonne compr\u00e9hension de vos concurrents et de leurs strat\u00e9gies font partis des fondations de votre projet en vous permettant d&rsquo;identifier vos forces et vos faiblesses avant de proc\u00e9der \u00e0 une d\u00e9cision d&rsquo;investissement. Nous allons auditer votre march\u00e9, votre business model et cr\u00e9er une carte de positionnement sur laquelle nous vous situerons par rapport \u00e0 votre concurrence.<\/p>\n","protected":false},"featured_media":31635,"template":"","meta":{"_links_to":"","_links_to_target":""},"product_brand":[],"product_cat":[1161],"product_tag":[],"class_list":{"0":"post-30777","1":"product","2":"type-product","3":"status-publish","4":"has-post-thumbnail","6":"product_cat-audit-analyse","8":"first","9":"instock","10":"shipping-taxable","11":"purchasable","12":"product-type-simple"},"composite_virtual":false,"composite_layout":"","composite_add_to_cart_form_location":"","composite_editable_in_cart":false,"composite_sold_individually_context":"","composite_shop_price_calc":"","composite_components":[],"composite_scenarios":[],"_links":{"self":[{"href":"https:\/\/www.lowcostwebagency.com\/fr\/wp-json\/wp\/v2\/product\/30777","targetHints":{"allow":["GET"]}}],"collection":[{"href":"https:\/\/www.lowcostwebagency.com\/fr\/wp-json\/wp\/v2\/product"}],"about":[{"href":"https:\/\/www.lowcostwebagency.com\/fr\/wp-json\/wp\/v2\/types\/product"}],"wp:featuredmedia":[{"embeddable":true,"href":"https:\/\/www.lowcostwebagency.com\/fr\/wp-json\/wp\/v2\/media\/31635"}],"wp:attachment":[{"href":"https:\/\/www.lowcostwebagency.com\/fr\/wp-json\/wp\/v2\/media?parent=30777"}],"wp:term":[{"taxonomy":"product_brand","embeddable":true,"href":"https:\/\/www.lowcostwebagency.com\/fr\/wp-json\/wp\/v2\/product_brand?post=30777"},{"taxonomy":"product_cat","embeddable":true,"href":"https:\/\/www.lowcostwebagency.com\/fr\/wp-json\/wp\/v2\/product_cat?post=30777"},{"taxonomy":"product_tag","embeddable":true,"href":"https:\/\/www.lowcostwebagency.com\/fr\/wp-json\/wp\/v2\/product_tag?post=30777"}],"curies":[{"name":"wp","href":"https:\/\/api.w.org\/{rel}","templated":true}]}}