{"id":30828,"date":"2017-03-03T11:02:45","date_gmt":"2018-06-01T05:06:37","guid":{"rendered":"http:\/\/lowcostwebagency.com\/?post_type=product&#038;p=30828"},"modified":"2022-05-10T07:36:32","modified_gmt":"2022-05-10T07:36:32","slug":"cartes-de-visite","status":"publish","type":"product","link":"https:\/\/www.lowcostwebagency.com\/fr\/cartes-de-visite\/","title":{"rendered":"Cartes De Visite"},"content":{"rendered":"<h2 style=\"text-align: justify;\">Vous souhaitez une nouvelle carte de visite ? Vos cartes de visite \u00e9labor\u00e9es par Low Cost Web Agency est le meilleur choix que vous pouvez faire aujourd&rsquo;hui !<\/h2>\n<h3 style=\"text-align: justify;\">Low Cost Web Agency vous enverra dans les meilleurs d\u00e9lais un fichier pr\u00eat \u00e0 imprimer vous permettant de disposer de nouvelles cartes de visite \u00e0 un prix tr\u00e8s bas&#8230; Un prix Low Cost<\/h3>\n<p style=\"text-align: justify;\">Notre designer sp\u00e9cialis\u00e9 cr\u00e9\u00e9 un <strong> design accrocheur, m\u00e9morable\u00a0 <\/strong>pour maximiser la valeur ajout\u00e9e attendue et g\u00e9n\u00e9r\u00e9s par l&rsquo;\u00e9change des cartes de visite. C&rsquo;est un outil indispensable \u00e0 toutes les entreprises. Tout employ\u00e9 en contact avec le monde ext\u00e9rieur \u00e0 l&rsquo;entreprise devrait pouvoir disposer de cartes de visite attestant de son appartenance effective \u00e0 l&rsquo;entreprise qui l&#8217;emploie. Les cartes de visite pr\u00e9sentent votre entreprise et fournissent une image professionnelle \u00e0 vos nouveaux contacts, tout en int\u00e9grant toutes les informations n\u00e9cessaires pour \u00eatre joint facilement. Lorsque vous rencontrez un client potentiel, la premi\u00e8re chose que vous faites est d&rsquo;\u00e9changer vos cartes de visite\u2026 La qualit\u00e9 de votre carte est tr\u00e8s importante, \u00e0 ce moment pr\u00e9cis, pour montrer \u00e0 votre interlocuteur votre s\u00e9rieux et votre fonction dans l&rsquo;entreprise !<\/p>\n<p style=\"text-align: justify;\">Les clients potentiels ont une premi\u00e8re impression de vous au travers de votre carte de visite\u2026 Une carte de qualit\u00e9 donnera une impression qui sort du lot, positive et m\u00e9morable de vous et de votre entreprise !<\/p>\n<h3 style=\"text-align: justify;\">Restez en contact avec votre r\u00e9seau professionnel et d\u00e9veloppez votre audience avec une carte de visite Low Cost et de tr\u00e8s grande qualit\u00e9<\/h3>\n<p style=\"text-align: justify;\">Avec ce service, Low Cost Web Agency con\u00e7oit vos cartes de visite et vous les livre sous forme de fichier PDF pr\u00eat \u00e0 imprimer. Nous nous assurons de la meilleure qualit\u00e9 d&rsquo;impression obtenue gr\u00e2ce \u00e0 ce fichier. Il vous suffit de transf\u00e9rer le fichier d&rsquo;impression \u00e0 votre imprimeur pr\u00e9f\u00e9r\u00e9. Si vous ne disposez pas d&rsquo;imprimeur nous pouvons vous conseiller !<\/p>\n<p style=\"text-align: justify;\">Une carte de visite traditionnelle est propos\u00e9 avec un rectangle de 3,5\u2033 x 2\u2033, mais si vous souhaitez nous demander un devis pour obtenir un autre format sp\u00e9cifique, veuillez consulter notre service <a href=\"https:\/\/www.lowcostwebagency.com\/fr\/impression-personnalisee\/\" rel=\"\">d&rsquo;impression sur mesure.<\/a> Sinon, vous n&rsquo;avez qu&rsquo;\u00e0 nous dire comment vous imaginez votre carte de visite et nous ferons tout le travail de conception graphique en suivant vos lignes directrices. Ce service comprend le design et votre fichier <strong>pr\u00eat pour l&rsquo;impression<\/strong>. Vous pouvez d\u00e9cider d&rsquo;opter pour une carte avec un format Portrait ou Paysage.<\/p>\n<p style=\"text-align: justify;\">Vous pouvez \u00e9galement d\u00e9cider de recevoir les fichiers sources de vos nouvelles cartes de visite. De cette fa\u00e7on, si vous souhaitez modifier \u00e0 l&rsquo;avenir l&rsquo;une des donn\u00e9es pr\u00e9sentes sur vos cartes, par exemple t\u00e9l\u00e9phone ou adresse, vous pourrez le faire sans frais suppl\u00e9mentaire en utilisant Photoshop ou \u00e9quivalent opensource.<\/p>\n<h3 style=\"text-align: justify;\">Vos cartes de visite professionnelles double face avec Low Cost Web Agency<\/h3>\n<p style=\"text-align: justify;\">Votre carte de visite peut \u00eatre faite comme vous le souhaitez, recto verso (qui est le plus souvent utilis\u00e9 et pr\u00e9f\u00e9r\u00e9) ou avec une seule face. Veuillez noter que le prix d&rsquo;une carte de visite double face ou simple face est le m\u00eame. Aucun rabais n&rsquo;est accord\u00e9 pour les cartes de visite avec une seule face.<\/p>\n<p style=\"text-align: justify;\">Si vous avez besoin d&rsquo;une carte de visite pour votre entreprise, elle doit contenir votre logo\u2026<\/p>\n<p style=\"text-align: justify;\">Si vous n&rsquo;avez toujours pas votre logo, consultez nos <a href=\"\/fr\/produit\/design-du-logo\/\" target=\"_blank\" rel=\"noopener noreferrer\">services de conception de logo !<\/a><\/p>\n<p style=\"text-align: justify;\">N&rsquo;attendez pas et commandez votre carte de visite d\u00e8s maintenant. Low Cost Web Agency est le choix intelligent pour la conception de cartes de visite professionnelles et pas ch\u00e8re !<\/p>\n","protected":false},"excerpt":{"rendered":"<p style=\"text-align: justify;\">Low Cost Web Agency con\u00e7oit vos cartes de visite et vous les livre sous forme de fichier PDF pr\u00eat \u00e0 imprimer. Nous nous assurons de la meilleure qualit\u00e9 d&rsquo;impression obtenue gr\u00e2ce \u00e0 ce fichier. Il vous suffit de transf\u00e9rer le fichier d&rsquo;impression \u00e0 votre imprimeur pr\u00e9f\u00e9r\u00e9. Si vous ne disposez pas d&rsquo;imprimeur nous pouvons vous conseiller !<\/p>\n<p style=\"text-align: justify;\">Eh bien, qu&rsquo;attendez-vous ? Achetez maintenant !<\/p>\n","protected":false},"featured_media":31627,"template":"","meta":{"_links_to":"","_links_to_target":""},"product_brand":[],"product_cat":[1138,1136],"product_tag":[],"class_list":{"0":"post-30828","1":"product","2":"type-product","3":"status-publish","4":"has-post-thumbnail","6":"product_cat-cartes-de-visite","7":"product_cat-impression","9":"first","10":"instock","11":"shipping-taxable","12":"purchasable","13":"product-type-simple"},"composite_virtual":false,"composite_layout":"","composite_add_to_cart_form_location":"","composite_editable_in_cart":false,"composite_sold_individually_context":"","composite_shop_price_calc":"","composite_components":[],"composite_scenarios":[],"_links":{"self":[{"href":"https:\/\/www.lowcostwebagency.com\/fr\/wp-json\/wp\/v2\/product\/30828","targetHints":{"allow":["GET"]}}],"collection":[{"href":"https:\/\/www.lowcostwebagency.com\/fr\/wp-json\/wp\/v2\/product"}],"about":[{"href":"https:\/\/www.lowcostwebagency.com\/fr\/wp-json\/wp\/v2\/types\/product"}],"wp:featuredmedia":[{"embeddable":true,"href":"https:\/\/www.lowcostwebagency.com\/fr\/wp-json\/wp\/v2\/media\/31627"}],"wp:attachment":[{"href":"https:\/\/www.lowcostwebagency.com\/fr\/wp-json\/wp\/v2\/media?parent=30828"}],"wp:term":[{"taxonomy":"product_brand","embeddable":true,"href":"https:\/\/www.lowcostwebagency.com\/fr\/wp-json\/wp\/v2\/product_brand?post=30828"},{"taxonomy":"product_cat","embeddable":true,"href":"https:\/\/www.lowcostwebagency.com\/fr\/wp-json\/wp\/v2\/product_cat?post=30828"},{"taxonomy":"product_tag","embeddable":true,"href":"https:\/\/www.lowcostwebagency.com\/fr\/wp-json\/wp\/v2\/product_tag?post=30828"}],"curies":[{"name":"wp","href":"https:\/\/api.w.org\/{rel}","templated":true}]}}