{"id":30830,"date":"2017-03-03T13:25:12","date_gmt":"2018-06-01T11:33:18","guid":{"rendered":"http:\/\/lowcostwebagency.com\/?post_type=product&#038;p=30830"},"modified":"2022-05-10T07:37:20","modified_gmt":"2022-05-10T07:37:20","slug":"brochure","status":"publish","type":"product","link":"https:\/\/www.lowcostwebagency.com\/fr\/brochure\/","title":{"rendered":"Brochure"},"content":{"rendered":"<h2 style=\"text-align: justify;\">B\u00e9n\u00e9ficiez de l&rsquo;expertise de Low Cost Web Agency pour la r\u00e9alisation de votre brochure Low Cost.<\/h2>\n<h3 style=\"text-align: justify;\">Nous vous fournissons un fichier pr\u00eat \u00e0 imprimer que vous utiliserez pour imprimer ou faire imprimer votre brochure.<\/h3>\n<p style=\"text-align: justify;\">Une <strong>Brochure<\/strong> est un document commercial qui doit \u00eatre bien \u00e9labor\u00e9 avec l&rsquo;utilisation de comp\u00e9tences sp\u00e9cifiques. Une brochure vous aidera \u00e0 promouvoir votre entreprise ! C&rsquo;est un relais de communication. G\u00e9n\u00e9ralement utilis\u00e9 par le client pour comparer les offres de plusieurs fournisseurs, distribu\u00e9e dans un salon professionnel, c&rsquo;est vraiment un \u00e9l\u00e9ment <strong>marketing qui doit procurer un int\u00e9r\u00eat de vos clients d\u00e8s le premier regard<\/strong>. Low Cost Web Agency offre \u00e0 ses clients des brochures bien con\u00e7ue et cr\u00e9atives en mettant en valeur votre message destin\u00e9 \u00e0 l&rsquo;acquisition de nouveaux clients. Avec ce service, Low Cost Web Agency vous offre la possibilit\u00e9 d&rsquo;obtenir un <strong> outil promotionnel puissant, la brochure de votre soci\u00e9t\u00e9, <\/strong> refl\u00e9tant la qualit\u00e9 de votre proposition de valeur et de vos services et produits.<\/p>\n<h3 style=\"text-align: justify;\">Plus qu&rsquo;une simple agence Web \u00e0 faible co\u00fbt, Low Cost Web Agency vous accompagne pour la cr\u00e9ation de tous vos outils de communication\u2026<\/h3>\n<p style=\"text-align: justify;\">Notre agence web vous livre un fichier <strong>que vous pouvez donner \u00e0 votre imprimeur pr\u00e9f\u00e9r\u00e9. Fournissez-nous tous les renseignements demand\u00e9s pour nous permettre de comprendre ce que vous attendez de votre brochure promotionnelle, ses objectifs. Notre \u00e9quipe interagit avec vous pour obtenir tous les d\u00e9tails dont nous aurons besoin, et pour comprendre en d\u00e9tail vos attentes afin de vous recommander la <strong>meilleure solution pour la cr\u00e9ation de votre brochure \u00e0 un prix Low Cost<\/strong>.<\/strong><\/p>\n<p style=\"text-align: justify;\">Une demande sp\u00e9cifique ? Consultez notre produit pour <a href=\"https:\/\/www.lowcostwebagency.com\/fr\/impression-personnalisee\/\" rel=\"\">des exigences sp\u00e9cifiques en mati\u00e8re d&rsquo;impression<\/a> !<\/p>\n<p style=\"text-align: justify;\">Eh bien, qu&rsquo;attendez-vous ? Achetez maintenant !<\/p>\n<p style=\"text-align: justify;\">C&rsquo;est facile, c&rsquo;est bon march\u00e9, c&rsquo;est Low Cost Web Agency ! \u00c9conomiser de l&rsquo;argent est si facile avec Low Cost Web Agency !<\/p>\n","protected":false},"excerpt":{"rendered":"<p>B\u00e9n\u00e9ficiez de l&rsquo;expertise de Low Cost Web Agency pour la r\u00e9alisation de votre brochure Low Cost. Nous vous fournissons un fichier pr\u00eat \u00e0 imprimer que vous utiliserez pour imprimer ou faire imprimer votre brochure. Le prix est d\u00e9termin\u00e9 en fonction du nombre de pages dont vous avez besoin et du format. Le nombre de photos \u00e0 ins\u00e9rer aura \u00e9galement un impact sur le prix. N&rsquo;h\u00e9sitez pas \u00e0 nous contacter, en nous d\u00e9crivant votre besoin, pour obtenir un devis personnalis\u00e9.<\/p>\n","protected":false},"featured_media":32463,"template":"","meta":{"_links_to":"","_links_to_target":""},"product_brand":[],"product_cat":[1137,1136],"product_tag":[],"class_list":{"0":"post-30830","1":"product","2":"type-product","3":"status-publish","4":"has-post-thumbnail","6":"product_cat-brochure-fr","7":"product_cat-impression","9":"first","10":"instock","11":"shipping-taxable","12":"product-type-external"},"composite_virtual":false,"composite_layout":"","composite_add_to_cart_form_location":"","composite_editable_in_cart":false,"composite_sold_individually_context":"","composite_shop_price_calc":"","composite_components":[],"composite_scenarios":[],"_links":{"self":[{"href":"https:\/\/www.lowcostwebagency.com\/fr\/wp-json\/wp\/v2\/product\/30830","targetHints":{"allow":["GET"]}}],"collection":[{"href":"https:\/\/www.lowcostwebagency.com\/fr\/wp-json\/wp\/v2\/product"}],"about":[{"href":"https:\/\/www.lowcostwebagency.com\/fr\/wp-json\/wp\/v2\/types\/product"}],"wp:featuredmedia":[{"embeddable":true,"href":"https:\/\/www.lowcostwebagency.com\/fr\/wp-json\/wp\/v2\/media\/32463"}],"wp:attachment":[{"href":"https:\/\/www.lowcostwebagency.com\/fr\/wp-json\/wp\/v2\/media?parent=30830"}],"wp:term":[{"taxonomy":"product_brand","embeddable":true,"href":"https:\/\/www.lowcostwebagency.com\/fr\/wp-json\/wp\/v2\/product_brand?post=30830"},{"taxonomy":"product_cat","embeddable":true,"href":"https:\/\/www.lowcostwebagency.com\/fr\/wp-json\/wp\/v2\/product_cat?post=30830"},{"taxonomy":"product_tag","embeddable":true,"href":"https:\/\/www.lowcostwebagency.com\/fr\/wp-json\/wp\/v2\/product_tag?post=30830"}],"curies":[{"name":"wp","href":"https:\/\/api.w.org\/{rel}","templated":true}]}}