{"id":30832,"date":"2018-06-01T11:52:44","date_gmt":"2018-06-01T11:52:44","guid":{"rendered":"http:\/\/lowcostwebagency.com\/?post_type=product&#038;p=30832"},"modified":"2022-05-10T05:59:28","modified_gmt":"2022-05-10T05:59:28","slug":"enveloppes","status":"publish","type":"product","link":"https:\/\/www.lowcostwebagency.com\/fr\/enveloppes\/","title":{"rendered":"Enveloppes"},"content":{"rendered":"<h2 style=\"text-align: justify;\">Low Cost Web Agency con\u00e7oit vos enveloppes d&rsquo;entreprise au prix le plus bas que vous pouvez trouver sur le march\u00e9 en ligne.<\/h2>\n<h3 style=\"text-align: justify;\">Vous obtenez un fichier pr\u00eat \u00e0 imprimer qui peut \u00eatre utilis\u00e9 \u00e0 l&rsquo;infini chaque fois que vous voulez imprimer une enveloppe\u2026<\/h3>\n<p style=\"text-align: justify;\">Ce service est la <strong>meilleure solution<\/strong> pour am\u00e9liorer l&rsquo;enveloppe de votre entreprise au meilleur co\u00fbt. En fait, vous nous dites quel design vous d\u00e9sirez pour vos enveloppes d&rsquo;entreprise comme votre logo, un slogan et Low Cost Web Agency le cr\u00e9er en fonction des informations que vous nous donnez.<\/p>\n<h3 style=\"text-align: justify;\">Pensez diff\u00e9remment, pensez Low Cost Web Agency !<\/h3>\n<p style=\"text-align: justify;\">Nous pr\u00e9f\u00e9rons offrir un <strong> prix abordable <\/strong> \u00e0 tous nos clients afin de vous donner la chance d&rsquo;obtenir une <strong> image professionnelle <\/strong> qui inspire confiance sans trop d\u00e9penser. Avec notre fichier pr\u00eat \u00e0 imprimer, votre imprimante est en mesure de vous fournir la meilleure qualit\u00e9 finale de l&rsquo;enveloppe tout en vous permettant de r\u00e9aliser des \u00e9conomies. Si vous n&rsquo;avez pas d\u00e9j\u00e0 un imprimeur attitr\u00e9, nous vous recommandons notre partenaire Vistaprint.<\/p>\n<p style=\"text-align: justify;\">Quand vous recevez le fichier, vos enveloppes sont <strong> reproductibles \u00e0 l&rsquo;infini<\/strong>. Apr\u00e8s votre commande, nous vous demanderons la taille des enveloppes dont vous avez besoin.<\/p>\n<p style=\"text-align: justify;\">Eh bien, qu&rsquo;attendez-vous\u202f? Achetez maintenant\u202f!<\/p>\n","protected":false},"excerpt":{"rendered":"<p style=\"text-align: justify;\">Recevez votre fichier d&rsquo;enveloppes pr\u00eat \u00e0 imprimer avec Low Cost Web Agency.<\/p>\n<p style=\"text-align: justify;\">Achetez-le maintenant!<\/p>\n","protected":false},"featured_media":31625,"template":"","meta":{"_links_to":"","_links_to_target":""},"product_brand":[],"product_cat":[1141,1136,1139],"product_tag":[871,872,873,874],"class_list":{"0":"post-30832","1":"product","2":"type-product","3":"status-publish","4":"has-post-thumbnail","6":"product_cat-enveloppes","7":"product_cat-impression","8":"product_cat-papeterie-pour-votre-entreprise","9":"product_tag-corporate-envelopes","10":"product_tag-envelopes","11":"product_tag-logo","12":"product_tag-slogan","14":"first","15":"instock","16":"shipping-taxable","17":"purchasable","18":"product-type-simple"},"composite_virtual":false,"composite_layout":"","composite_add_to_cart_form_location":"","composite_editable_in_cart":false,"composite_sold_individually_context":"","composite_shop_price_calc":"","composite_components":[],"composite_scenarios":[],"_links":{"self":[{"href":"https:\/\/www.lowcostwebagency.com\/fr\/wp-json\/wp\/v2\/product\/30832","targetHints":{"allow":["GET"]}}],"collection":[{"href":"https:\/\/www.lowcostwebagency.com\/fr\/wp-json\/wp\/v2\/product"}],"about":[{"href":"https:\/\/www.lowcostwebagency.com\/fr\/wp-json\/wp\/v2\/types\/product"}],"wp:featuredmedia":[{"embeddable":true,"href":"https:\/\/www.lowcostwebagency.com\/fr\/wp-json\/wp\/v2\/media\/31625"}],"wp:attachment":[{"href":"https:\/\/www.lowcostwebagency.com\/fr\/wp-json\/wp\/v2\/media?parent=30832"}],"wp:term":[{"taxonomy":"product_brand","embeddable":true,"href":"https:\/\/www.lowcostwebagency.com\/fr\/wp-json\/wp\/v2\/product_brand?post=30832"},{"taxonomy":"product_cat","embeddable":true,"href":"https:\/\/www.lowcostwebagency.com\/fr\/wp-json\/wp\/v2\/product_cat?post=30832"},{"taxonomy":"product_tag","embeddable":true,"href":"https:\/\/www.lowcostwebagency.com\/fr\/wp-json\/wp\/v2\/product_tag?post=30832"}],"curies":[{"name":"wp","href":"https:\/\/api.w.org\/{rel}","templated":true}]}}