{"id":30834,"date":"2017-03-06T09:28:42","date_gmt":"2017-03-06T09:28:42","guid":{"rendered":"http:\/\/lowcostwebagency.com\/?post_type=product&#038;p=30834"},"modified":"2022-05-10T08:19:00","modified_gmt":"2022-05-10T08:19:00","slug":"flyers-depliants","status":"publish","type":"product","link":"https:\/\/www.lowcostwebagency.com\/fr\/flyers-depliants\/","title":{"rendered":"Flyers \/ D\u00e9pliants"},"content":{"rendered":"<h2 style=\"text-align: justify;\"><span style=\"text-decoration: underline;\">Vos prospectus et d\u00e9pliants \u00e0 Prix Low Cost<\/span> et pas chers avec Low Cost Web Agency.<\/h2>\n<h3 style=\"text-align: justify;\">Attirez l&rsquo;attention de vos clients vers votre \u00e9v\u00e9nement, produit, entreprise, service ou id\u00e9e avec un d\u00e9pliant con\u00e7u par des pro !<\/h3>\n<p style=\"text-align: justify;\">Vos d\u00e9pliants sont comme vos prospectus, un <strong> outil de marketing <\/strong>qui peut \u00eatre utilis\u00e9 au quotidien ou sporadiquement ! Le d\u00e9pliant de votre entreprise ou produit est offert \u00e0 vos clients et prospects \u00e0 l&rsquo;occasion de nombreux \u00e9v\u00e9nements et peut r\u00e9pondre \u00e0 certains de vos besoins en communication. Les d\u00e9pliants sont fr\u00e9quemment distribu\u00e9s partout o\u00f9 les clients, fournisseurs ou les chalands peuvent se trouver, par exemple, lors d&rsquo;une r\u00e9union de la fonction achats, un salon professionnel, une rue pi\u00e9tonne et bien d&rsquo;autres types d&rsquo;\u00e9v\u00e9nement encore. Il peut \u00e9galement \u00eatre employ\u00e9 comme document joint \u00e0 votre email ou courriel (pour les puristes&#8230;) ou vous pouvez m\u00eame envoyer vos d\u00e9pliants par la poste si vous \u00eates Old School. Il est vrai que le digital prend de plus en plus de part de march\u00e9 sur le papier. Il n&rsquo;en reste pas moins que le support papier continue de plaire et d\u00e9montre un haut niveau de cr\u00e9dibilit\u00e9 de l&rsquo;entreprise dont il vante les m\u00e9rites. Low Cost Web Agency vous propose de prendre en charge les activit\u00e9s de mise en page de votre d\u00e9pliants ou prospectus \u00e0 un prix Low Cost comme toujours.<\/p>\n<p style=\"text-align: justify;\">La taille d&rsquo;un d\u00e9pliant est g\u00e9n\u00e9ralement de 8,5&Prime; x 11&Prime; mais si vous souhaitez avoir une taille personnalis\u00e9e, consultez <a href=\"https:\/\/www.lowcostwebagency.com\/fr\/impression-personnalisee\/\" rel=\"\">notre services pour les impressions personnalis\u00e9es<\/a>. Nous r\u00e9pondons \u00e0 la plupart des demandes de nos clients n\u00e9cessitant un devis sur mesure sous un d\u00e9lai de 24 heures.<\/p>\n<h3 style=\"text-align: justify;\">Obtenez votre d\u00e9pliant et imprimez-le avec l&rsquo;imprimeur de votre choix !<\/h3>\n<p style=\"text-align: justify;\">Nous sommes experts dans la conception du fichier source pour vos flyers. Ensuite, vous n&rsquo;avez qu&rsquo;\u00e0 le fournir \u00e0 votre imprimeur de confiance et vous aurez vos d\u00e9pliants pr\u00eats \u00e0 \u00eatre distribu\u00e9s tr\u00e8s rapidement. Avec l&rsquo;offre de Low Cost Web Agency, vous obtenez un prospectus de<strong> haute qualit\u00e9<\/strong> tout en r\u00e9alisant de r\u00e9elles \u00e9conomies. Vous pourrez l&rsquo;utiliser quand vous le souhaitez : vous obtenez un fichier modifiable et r\u00e9-imprimable \u00e0 l&rsquo;infini. Si vous n&rsquo;avez toujours pas d&rsquo;imprimeur, nous pouvons vous en conseiller un.<\/p>\n<p style=\"text-align: justify;\">Notre designer r\u00e9alise votre flyer pour capter l&rsquo;attention de votre audience. \u00a0Low Cost Web Agency vous propose un<strong> design cr\u00e9atif\u00a0<\/strong>et\u00a0<strong>adapt\u00e9\u00a0<\/strong>, avec les couleurs et des polices d&rsquo;\u00e9criture correspondant \u00e0 la charte graphique de votre entreprise afin d&rsquo;harmoniser votre d\u00e9pliants avec votre environnement, tout en facilitant sa compr\u00e9hension et son utilit\u00e9\u2026<\/p>\n<p style=\"text-align: justify;\">C&rsquo;est pr\u00eat \u00e0 \u00eatre imprim\u00e9, c&rsquo;est facile, c&rsquo;est Low Cost Web Agency !<\/p>\n<p style=\"text-align: justify;\">Achetez votre d\u00e9pliant, flyer, prospectus, \u00e0 prix Low Cost maintenant !<\/p>\n","protected":false},"excerpt":{"rendered":"<p style=\"text-align: justify;\">Vos prospectus et d\u00e9pliants \u00e0 prix Low Cost et pas chers avec Low Cost Web Agency.<br \/>\nAttirez l&rsquo;attention de vos clients vers votre \u00e9v\u00e9nement, produit, entreprise, service ou id\u00e9e avec un d\u00e9pliant con\u00e7u par des pro !<\/p>\n<p style=\"text-align: justify;\">Achetez votre flyer Low Cost maintenant !<\/p>\n","protected":false},"featured_media":30835,"template":"","meta":{"_links_to":"","_links_to_target":""},"product_brand":[],"product_cat":[1136,1144],"product_tag":[],"class_list":{"0":"post-30834","1":"product","2":"type-product","3":"status-publish","4":"has-post-thumbnail","6":"product_cat-impression","7":"product_cat-flyers-depliants","9":"first","10":"instock","11":"shipping-taxable","12":"purchasable","13":"product-type-simple"},"composite_virtual":false,"composite_layout":"","composite_add_to_cart_form_location":"","composite_editable_in_cart":false,"composite_sold_individually_context":"","composite_shop_price_calc":"","composite_components":[],"composite_scenarios":[],"_links":{"self":[{"href":"https:\/\/www.lowcostwebagency.com\/fr\/wp-json\/wp\/v2\/product\/30834","targetHints":{"allow":["GET"]}}],"collection":[{"href":"https:\/\/www.lowcostwebagency.com\/fr\/wp-json\/wp\/v2\/product"}],"about":[{"href":"https:\/\/www.lowcostwebagency.com\/fr\/wp-json\/wp\/v2\/types\/product"}],"wp:featuredmedia":[{"embeddable":true,"href":"https:\/\/www.lowcostwebagency.com\/fr\/wp-json\/wp\/v2\/media\/30835"}],"wp:attachment":[{"href":"https:\/\/www.lowcostwebagency.com\/fr\/wp-json\/wp\/v2\/media?parent=30834"}],"wp:term":[{"taxonomy":"product_brand","embeddable":true,"href":"https:\/\/www.lowcostwebagency.com\/fr\/wp-json\/wp\/v2\/product_brand?post=30834"},{"taxonomy":"product_cat","embeddable":true,"href":"https:\/\/www.lowcostwebagency.com\/fr\/wp-json\/wp\/v2\/product_cat?post=30834"},{"taxonomy":"product_tag","embeddable":true,"href":"https:\/\/www.lowcostwebagency.com\/fr\/wp-json\/wp\/v2\/product_tag?post=30834"}],"curies":[{"name":"wp","href":"https:\/\/api.w.org\/{rel}","templated":true}]}}