{"id":30836,"date":"2017-03-06T10:22:10","date_gmt":"2017-03-06T10:22:10","guid":{"rendered":"http:\/\/lowcostwebagency.com\/?post_type=product&#038;p=30836"},"modified":"2022-05-10T07:41:51","modified_gmt":"2022-05-10T07:41:51","slug":"certificats","status":"publish","type":"product","link":"https:\/\/www.lowcostwebagency.com\/fr\/certificats\/","title":{"rendered":"Certificats"},"content":{"rendered":"<h2 style=\"text-align: justify;\">Vos certificats professionnels et pas chers avec Low Cost Web Agency.<\/h2>\n<h3 style=\"text-align: justify;\">R\u00e9compensez vos stagiaires, clients et fournisseurs en leur offrant un beau certificat !<\/h3>\n<p style=\"text-align: justify;\">Ce service est souvent utilis\u00e9 par des entreprises qui sont soucieuses de leurs images. Par exemple, lorsque vous dispensez une formation, vous la terminez souvent par un examen. Afin de f\u00e9liciter, et r\u00e9compenser vos \u00e9tudiants et attester de leur niveau de comp\u00e9tences, vous avez la possibilit\u00e9, afin de marquer le coup, de cr\u00e9er un certificat unique avec le nom de votre formation, de votre \u00e9tudiant en apposant votre logo et la date de d\u00e9livrance. Tout peut \u00eatre personnalis\u00e9 selon vos souhaits.<\/p>\n<h3 style=\"text-align: justify;\">Obtenez votre certificat low Cost pr\u00eat \u00e0 imprimer en un seul clic !<\/h3>\n<p style=\"text-align: justify;\">La qualit\u00e9 et honn\u00eatet\u00e9 ont toujours \u00e9t\u00e9 les priorit\u00e9s de Low Cost Web Agency afin de satisfaire enti\u00e8rement ses clients. C&rsquo;est pour cela que nous vous fournissons un fichier pr\u00eat \u00e0 l&rsquo;impression sans aucun d\u00e9faut. Vous pouvez ensuite le faire imprimer par votre imprimeur pr\u00e9f\u00e9r\u00e9 ou sur votre imprimante. Le choix d&rsquo;un imprimeur peut s&rsquo;av\u00e9rer judicieux si vous souhaitez du papier et une qualit\u00e9 d&rsquo;impression premium. Nous pouvons vous conseiller pour le choix d&rsquo;un imprimeur \u00e0 prix Low Cost\u2026<\/p>\n<p style=\"text-align: justify;\">Low Cost Web Agency, la solution id\u00e9ale pour les amoureux de la qualit\u00e9 \u00e0 prix raisonnable.<\/p>\n<p style=\"text-align: justify;\">Eh bien, qu&rsquo;attendez-vous ? Commandez votre nouveau certificat !<\/p>\n","protected":false},"excerpt":{"rendered":"<p>Ce service est souvent utilis\u00e9 par des entreprises qui sont soucieuses de leurs images. Par exemple, lorsque vous dispensez une formation, vous la terminez souvent par un examen. Afin de f\u00e9liciter, et r\u00e9compenser vos \u00e9tudiants et attester de leur niveau de comp\u00e9tences, vous avez la possibilit\u00e9, afin de marquer le coup, de cr\u00e9er un certificat unique avec le nom de votre formation, de votre \u00e9tudiant en apposant votre logo et la date de d\u00e9livrance. Tout peut \u00eatre personnalis\u00e9 selon vos souhaits.<\/p>\n","protected":false},"featured_media":30837,"template":"","meta":{"_links_to":"","_links_to_target":""},"product_brand":[],"product_cat":[1136,1140,1139],"product_tag":[],"class_list":{"0":"post-30836","1":"product","2":"type-product","3":"status-publish","4":"has-post-thumbnail","6":"product_cat-impression","7":"product_cat-certificats","8":"product_cat-papeterie-pour-votre-entreprise","10":"first","11":"instock","12":"shipping-taxable","13":"purchasable","14":"product-type-simple"},"composite_virtual":false,"composite_layout":"","composite_add_to_cart_form_location":"","composite_editable_in_cart":false,"composite_sold_individually_context":"","composite_shop_price_calc":"","composite_components":[],"composite_scenarios":[],"_links":{"self":[{"href":"https:\/\/www.lowcostwebagency.com\/fr\/wp-json\/wp\/v2\/product\/30836","targetHints":{"allow":["GET"]}}],"collection":[{"href":"https:\/\/www.lowcostwebagency.com\/fr\/wp-json\/wp\/v2\/product"}],"about":[{"href":"https:\/\/www.lowcostwebagency.com\/fr\/wp-json\/wp\/v2\/types\/product"}],"wp:featuredmedia":[{"embeddable":true,"href":"https:\/\/www.lowcostwebagency.com\/fr\/wp-json\/wp\/v2\/media\/30837"}],"wp:attachment":[{"href":"https:\/\/www.lowcostwebagency.com\/fr\/wp-json\/wp\/v2\/media?parent=30836"}],"wp:term":[{"taxonomy":"product_brand","embeddable":true,"href":"https:\/\/www.lowcostwebagency.com\/fr\/wp-json\/wp\/v2\/product_brand?post=30836"},{"taxonomy":"product_cat","embeddable":true,"href":"https:\/\/www.lowcostwebagency.com\/fr\/wp-json\/wp\/v2\/product_cat?post=30836"},{"taxonomy":"product_tag","embeddable":true,"href":"https:\/\/www.lowcostwebagency.com\/fr\/wp-json\/wp\/v2\/product_tag?post=30836"}],"curies":[{"name":"wp","href":"https:\/\/api.w.org\/{rel}","templated":true}]}}