{"id":30843,"date":"2017-03-28T04:19:45","date_gmt":"2018-06-04T04:18:51","guid":{"rendered":"http:\/\/lowcostwebagency.com\/?post_type=product&#038;p=30843"},"modified":"2022-05-10T08:19:40","modified_gmt":"2022-05-10T08:19:40","slug":"factures","status":"publish","type":"product","link":"https:\/\/www.lowcostwebagency.com\/fr\/factures\/","title":{"rendered":"Factures"},"content":{"rendered":"<h2 style=\"text-align: justify;\">Votre facture cr\u00e9\u00e9e par un designer qualifi\u00e9 offre le succ\u00e8s que votre entreprise m\u00e9rite<\/h2>\n<h3 style=\"text-align: justify;\">Soyez pay\u00e9 avec une facture innovante et claire !<\/h3>\n<p style=\"text-align: justify;\">Une facture fait suite \u00e0 une commande effectu\u00e9e par votre client et doit \u00eatre utilis\u00e9e pour notifier \u00e0 ce client de payer la facture. C&rsquo;est une \u00e9tape cruciale de votre processus de vente La facture doit \u00eatre \u00e9dit\u00e9e professionnellement et avec soin.<\/p>\n<p style=\"text-align: justify;\">Low Cost Web con\u00e7oit professionnellement votre facture. Vous pouvez nous demander d&rsquo;inclure tout ce que vous souhaitez voir appara\u00eetre \u00e0 l&rsquo;int\u00e9rieur : logo de l&rsquo;entreprise, nombre de colonnes, en-t\u00eate ou pied de page.<\/p>\n<p style=\"text-align: justify;\">Investissez quelques euros et montrez vos capacit\u00e9s et votre s\u00e9rieux \u00e0 vos clients !<\/p>\n<p style=\"text-align: justify;\">Si vous croyez en votre entreprise, une facture professionnelle est indispensable. Une facture personnalis\u00e9e facilite l&rsquo;am\u00e9lioration et la productivit\u00e9 de votre entreprise ainsi que la productivit\u00e9 de votre client lors de la gestion du processus de facturation.<\/p>\n<p style=\"text-align: justify;\">Votre facture doit \u00eatre facile \u00e0 reconna\u00eetre et \u00e0 traiter. Apr\u00e8s avoir achet\u00e9 un design fait par un pro pour leurs factures, nos clients soulignent qu&rsquo;ils observent un d\u00e9lai de paiement plus court gr\u00e2ce \u00e0 leur nouvelle facture jolie et bien con\u00e7ue.<\/p>\n<p style=\"text-align: justify;\">Nous avons la solution pour que votre entreprise r\u00e9ussisse gr\u00e2ce \u00e0 des actions simples, mais efficaces comme pourrait l&rsquo;\u00eatre la conception professionnelle de votre Facture. \u00c9conomisez de l&rsquo;argent, du temps et soyez Pro lorsque vous communiquez avec vos clients.<\/p>\n<p style=\"text-align: justify;\">Achetez d\u00e8s maintenant vos factures personnalis\u00e9es r\u00e9alis\u00e9es par Low Cost Web Agency et impressionnez vos clients !<\/p>\n","protected":false},"excerpt":{"rendered":"<p style=\"text-align: justify;\">Envoyez \u00e0 vos clients une facture unique qui refl\u00e8te votre identit\u00e9 d&rsquo;entreprise et g\u00e9n\u00e8re la confiance !<\/p>\n<p style=\"text-align: justify;\">Nous vous fournissons un fichier pr\u00eat \u00e0 imprimer pour vos factures d&rsquo;entreprise. Vous pouvez facilement imprimer, \u00e9diter et convertir vos factures en PDF.<\/p>\n<p style=\"text-align: justify;\">Achetez maintenant un design professionnel pour les factures de votre entreprise !<\/p>\n","protected":false},"featured_media":31619,"template":"","meta":{"_links_to":"","_links_to_target":""},"product_brand":[],"product_cat":[1142,1136,1139],"product_tag":[1751,1750,1752],"class_list":{"0":"post-30843","1":"product","2":"type-product","3":"status-publish","4":"has-post-thumbnail","6":"product_cat-factures","7":"product_cat-impression","8":"product_cat-papeterie-pour-votre-entreprise","9":"product_tag-facture-professionnelle","10":"product_tag-factures-dentreprise","11":"product_tag-merites-de-lentreprise","13":"first","14":"instock","15":"shipping-taxable","16":"purchasable","17":"product-type-simple"},"composite_virtual":false,"composite_layout":"","composite_add_to_cart_form_location":"","composite_editable_in_cart":false,"composite_sold_individually_context":"","composite_shop_price_calc":"","composite_components":[],"composite_scenarios":[],"_links":{"self":[{"href":"https:\/\/www.lowcostwebagency.com\/fr\/wp-json\/wp\/v2\/product\/30843","targetHints":{"allow":["GET"]}}],"collection":[{"href":"https:\/\/www.lowcostwebagency.com\/fr\/wp-json\/wp\/v2\/product"}],"about":[{"href":"https:\/\/www.lowcostwebagency.com\/fr\/wp-json\/wp\/v2\/types\/product"}],"wp:featuredmedia":[{"embeddable":true,"href":"https:\/\/www.lowcostwebagency.com\/fr\/wp-json\/wp\/v2\/media\/31619"}],"wp:attachment":[{"href":"https:\/\/www.lowcostwebagency.com\/fr\/wp-json\/wp\/v2\/media?parent=30843"}],"wp:term":[{"taxonomy":"product_brand","embeddable":true,"href":"https:\/\/www.lowcostwebagency.com\/fr\/wp-json\/wp\/v2\/product_brand?post=30843"},{"taxonomy":"product_cat","embeddable":true,"href":"https:\/\/www.lowcostwebagency.com\/fr\/wp-json\/wp\/v2\/product_cat?post=30843"},{"taxonomy":"product_tag","embeddable":true,"href":"https:\/\/www.lowcostwebagency.com\/fr\/wp-json\/wp\/v2\/product_tag?post=30843"}],"curies":[{"name":"wp","href":"https:\/\/api.w.org\/{rel}","templated":true}]}}