{"id":30845,"date":"2018-06-04T04:24:21","date_gmt":"2018-06-04T04:24:21","guid":{"rendered":"http:\/\/lowcostwebagency.com\/?post_type=product&#038;p=30845"},"modified":"2022-05-10T05:58:22","modified_gmt":"2022-05-10T05:58:22","slug":"impression-personnalisee","status":"publish","type":"product","link":"https:\/\/www.lowcostwebagency.com\/fr\/impression-personnalisee\/","title":{"rendered":"Impression personnalis\u00e9e"},"content":{"rendered":"<h2>Dites- nous vos besoins sp\u00e9cifiques et nous vous livrerons ce job unique \u00e0 un prix abordable\u202f!<\/h2>\n<h3>Low Cost Web Agency con\u00e7oit votre fichier pr\u00eat \u00e0 imprimer.<\/h3>\n<p style=\"text-align: justify;\">Low Cost Web Agency r\u00e9pond \u00e0 vos besoins d&rsquo;impression gr\u00e2ce aux produits que nous fournissons. Si vous n&rsquo;avez pas encore trouv\u00e9 un produit que vous recherchez dans notre catalogue, vous pouvez nous demander un devis sp\u00e9cifique !<\/p>\n<p style=\"text-align: justify;\">Veuillez v\u00e9rifier nos\u00a0<a href=\"https:\/\/www.lowcostwebagency.com\/fr\/low-cost\/impression\/\/business-stationaries\">produits d&rsquo;impression standard<\/a> avant de demander un devis personnalis\u00e9 et assurez-vous que ce que vous recherchez ne peut pas \u00eatre r\u00e9alis\u00e9 par l&rsquo;un des produits de notre catalogue en ligne !<\/p>\n<p style=\"text-align: justify;\">Pour nous aider \u00e0 vous donner le meilleur prix, veuillez fournir autant d&rsquo;informations pertinentes que possible sur le Type de document, l&rsquo;Objectif, la Taille, les Dimensions, le Style.<\/p>\n<p style=\"text-align: justify;\">Contactez-nous d\u00e9s maintenant\u202f!<\/p>\n","protected":false},"excerpt":{"rendered":"<p style=\"text-align: justify;\">Ici, vous pouvez vous renseigner sur tous vos besoins en mati\u00e8re d&rsquo;impression de documents. Notre designer \u00e9tudie votre demande et vous fournit un fichier pr\u00eat \u00e0 imprimer selon vos attentes.<\/p>\n<p style=\"text-align: justify;\">Avec Low Cost Web Agency, vous r\u00e9aliserez d&rsquo;importantes \u00e9conomies sur vos travaux d&rsquo;impression!<\/p>\n","protected":false},"featured_media":31617,"template":"","meta":{"_links_to":"","_links_to_target":""},"product_brand":[],"product_cat":[1136],"product_tag":[850,852,851],"class_list":{"0":"post-30845","1":"product","2":"type-product","3":"status-publish","4":"has-post-thumbnail","6":"product_cat-impression","7":"product_tag-custom-print","8":"product_tag-custom-quotation","9":"product_tag-print-standard","11":"first","12":"instock","13":"shipping-taxable","14":"product-type-external"},"composite_virtual":false,"composite_layout":"","composite_add_to_cart_form_location":"","composite_editable_in_cart":false,"composite_sold_individually_context":"","composite_shop_price_calc":"","composite_components":[],"composite_scenarios":[],"_links":{"self":[{"href":"https:\/\/www.lowcostwebagency.com\/fr\/wp-json\/wp\/v2\/product\/30845","targetHints":{"allow":["GET"]}}],"collection":[{"href":"https:\/\/www.lowcostwebagency.com\/fr\/wp-json\/wp\/v2\/product"}],"about":[{"href":"https:\/\/www.lowcostwebagency.com\/fr\/wp-json\/wp\/v2\/types\/product"}],"wp:featuredmedia":[{"embeddable":true,"href":"https:\/\/www.lowcostwebagency.com\/fr\/wp-json\/wp\/v2\/media\/31617"}],"wp:attachment":[{"href":"https:\/\/www.lowcostwebagency.com\/fr\/wp-json\/wp\/v2\/media?parent=30845"}],"wp:term":[{"taxonomy":"product_brand","embeddable":true,"href":"https:\/\/www.lowcostwebagency.com\/fr\/wp-json\/wp\/v2\/product_brand?post=30845"},{"taxonomy":"product_cat","embeddable":true,"href":"https:\/\/www.lowcostwebagency.com\/fr\/wp-json\/wp\/v2\/product_cat?post=30845"},{"taxonomy":"product_tag","embeddable":true,"href":"https:\/\/www.lowcostwebagency.com\/fr\/wp-json\/wp\/v2\/product_tag?post=30845"}],"curies":[{"name":"wp","href":"https:\/\/api.w.org\/{rel}","templated":true}]}}